{"id":98,"date":"2010-10-21T13:05:17","date_gmt":"2010-10-21T11:05:17","guid":{"rendered":"https:\/\/www.imerix.at\/bookshop\/produkt\/wassermolekuele\/"},"modified":"2025-04-18T18:00:29","modified_gmt":"2025-04-18T16:00:29","slug":"wassermolekuele","status":"publish","type":"product","link":"https:\/\/www.verlagshaus-hernals.at\/shop\/produkt\/wassermolekuele\/","title":{"rendered":"Wassermolek\u00fcle"},"content":{"rendered":"<p>Da war der Fluss, in dem sich die Sonne spiegelte wie in gesplittertem Glas.<br \/>\nDa war das Tuten der Schleppk\u00e4hne, die sich stromaufw\u00e4rts pfl\u00fcgten, auf dem Deck h\u00e4ngten Frauen W\u00e4sche auf, Kinder winkten und riefen in einer fremden Sprache.<br \/>\nDa waren die Nebenarme, still und moorig, beschattet von Erlen und Weiden. Da war ein Paddelboot, gr\u00fcn und rot wie eine Melonenspalte.<br \/>\nDa war eine Lysol geputzte Schwimmhalle morgens um halb sieben, der scharfe Pfiff aus der Trillerpfeife des Trainers, der fr\u00f6stelnde Schauer beim ersten Eintauchen in das Chlorblau.<br \/>\nAmelie Abgott w\u00e4chst in den 1970er-Jahren in einer beschaulichen Kleinstadt an der Donau heran. Sie wei\u00df genau was sie will: Schwimmstar werden wie ihre Mutter und einen Mann wie ihren Vater. Doch das Idyll entpuppt sich bei n\u00e4herem Hinsehen als von innen und au\u00dfen bedroht \u2026<\/p>\n","protected":false},"excerpt":{"rendered":"<p>296 Seiten, gebunden<br \/>\nISBN 978-3-902744-11-1&hellip; <a class=\"kt-excerpt-readmore more-link\" href=\"https:\/\/www.verlagshaus-hernals.at\/shop\/produkt\/wassermolekuele\/\" aria-label=\"Wassermolek\u00fcle\">Read More<\/a><\/p>\n","protected":false},"featured_media":97,"template":"","meta":{"kt_blocks_editor_width":"","_kad_blocks_custom_css":"","_kad_blocks_head_custom_js":"","_kad_blocks_body_custom_js":"","_kad_blocks_footer_custom_js":""},"product_brand":[],"product_cat":[43],"product_tag":[],"class_list":{"0":"post-98","1":"product","2":"type-product","3":"status-publish","4":"has-post-thumbnail","6":"product_cat-romane-erzaehlungen","8":"first","9":"instock","10":"taxable","11":"shipping-taxable","12":"purchasable","13":"product-type-simple"},"taxonomy_info":{"product_cat":[{"value":43,"label":"Romane &amp; Erz\u00e4hlungen"}]},"featured_image_src_large":["https:\/\/www.verlagshaus-hernals.at\/shop\/wp-content\/uploads\/ingrid_maria_lang-wassermolekuele.jpg",390,559,false],"author_info":[],"comment_info":"","_links":{"self":[{"href":"https:\/\/www.verlagshaus-hernals.at\/shop\/wp-json\/wp\/v2\/product\/98","targetHints":{"allow":["GET"]}}],"collection":[{"href":"https:\/\/www.verlagshaus-hernals.at\/shop\/wp-json\/wp\/v2\/product"}],"about":[{"href":"https:\/\/www.verlagshaus-hernals.at\/shop\/wp-json\/wp\/v2\/types\/product"}],"wp:featuredmedia":[{"embeddable":true,"href":"https:\/\/www.verlagshaus-hernals.at\/shop\/wp-json\/wp\/v2\/media\/97"}],"wp:attachment":[{"href":"https:\/\/www.verlagshaus-hernals.at\/shop\/wp-json\/wp\/v2\/media?parent=98"}],"wp:term":[{"taxonomy":"product_brand","embeddable":true,"href":"https:\/\/www.verlagshaus-hernals.at\/shop\/wp-json\/wp\/v2\/product_brand?post=98"},{"taxonomy":"product_cat","embeddable":true,"href":"https:\/\/www.verlagshaus-hernals.at\/shop\/wp-json\/wp\/v2\/product_cat?post=98"},{"taxonomy":"product_tag","embeddable":true,"href":"https:\/\/www.verlagshaus-hernals.at\/shop\/wp-json\/wp\/v2\/product_tag?post=98"}],"curies":[{"name":"wp","href":"https:\/\/api.w.org\/{rel}","templated":true}]}}