{"id":799,"date":"2026-03-05T16:58:23","date_gmt":"2026-03-05T15:58:23","guid":{"rendered":"https:\/\/www.verlagshaus-hernals.at\/shop\/?post_type=product&#038;p=799"},"modified":"2026-03-27T14:07:24","modified_gmt":"2026-03-27T13:07:24","slug":"baum-du-mir","status":"publish","type":"product","link":"https:\/\/www.verlagshaus-hernals.at\/shop\/produkt\/baum-du-mir\/","title":{"rendered":"Baum du mir"},"content":{"rendered":"<p>\u201eManchmal gereimt, manchmal offen, erschlie\u00dfen die lyrischen Abstraktionen v\u00f6llig frei und losgel\u00f6st ungest\u00fcme Assoziationen, die sich als kuriose Fantasiegebilde ausmalen lassen. Wie durch ein Kaleidoskop entstehen Gedankensplitter und Wortverkn\u00fcpfungen rund um die gro\u00dfen Themen des Lebens: Liebe, Schmerz, Verlust, Wahrheit, Freiheit und Einsamkeit.\u201c<\/p>\n<p>Gabriele Russwurm-Biro, Ehrenpr\u00e4sidentin des<br \/>\nK\u00e4rntner Schriftsteller:innen Verbandes<\/p>\n","protected":false},"excerpt":{"rendered":"<p>114 Seiten, broschiert<br \/>\n978-3-903442-76-4&hellip; <a class=\"kt-excerpt-readmore more-link\" href=\"https:\/\/www.verlagshaus-hernals.at\/shop\/produkt\/baum-du-mir\/\" aria-label=\"Baum du mir\">Read More<\/a><\/p>\n","protected":false},"featured_media":800,"template":"","meta":{"kt_blocks_editor_width":"","_kad_blocks_custom_css":"","_kad_blocks_head_custom_js":"","_kad_blocks_body_custom_js":"","_kad_blocks_footer_custom_js":""},"product_brand":[],"product_cat":[38],"product_tag":[],"class_list":{"0":"post-799","1":"product","2":"type-product","3":"status-publish","4":"has-post-thumbnail","6":"product_cat-lyrik","8":"first","9":"instock","10":"taxable","11":"shipping-taxable","12":"purchasable","13":"product-type-simple"},"taxonomy_info":{"product_cat":[{"value":38,"label":"Lyrik"}]},"featured_image_src_large":["https:\/\/www.verlagshaus-hernals.at\/shop\/wp-content\/uploads\/Katharina-Kaufmann_Baum-du-mir.jpg",642,1000,false],"author_info":[],"comment_info":"","_links":{"self":[{"href":"https:\/\/www.verlagshaus-hernals.at\/shop\/wp-json\/wp\/v2\/product\/799","targetHints":{"allow":["GET"]}}],"collection":[{"href":"https:\/\/www.verlagshaus-hernals.at\/shop\/wp-json\/wp\/v2\/product"}],"about":[{"href":"https:\/\/www.verlagshaus-hernals.at\/shop\/wp-json\/wp\/v2\/types\/product"}],"wp:featuredmedia":[{"embeddable":true,"href":"https:\/\/www.verlagshaus-hernals.at\/shop\/wp-json\/wp\/v2\/media\/800"}],"wp:attachment":[{"href":"https:\/\/www.verlagshaus-hernals.at\/shop\/wp-json\/wp\/v2\/media?parent=799"}],"wp:term":[{"taxonomy":"product_brand","embeddable":true,"href":"https:\/\/www.verlagshaus-hernals.at\/shop\/wp-json\/wp\/v2\/product_brand?post=799"},{"taxonomy":"product_cat","embeddable":true,"href":"https:\/\/www.verlagshaus-hernals.at\/shop\/wp-json\/wp\/v2\/product_cat?post=799"},{"taxonomy":"product_tag","embeddable":true,"href":"https:\/\/www.verlagshaus-hernals.at\/shop\/wp-json\/wp\/v2\/product_tag?post=799"}],"curies":[{"name":"wp","href":"https:\/\/api.w.org\/{rel}","templated":true}]}}