{"id":723,"date":"2025-10-02T19:53:41","date_gmt":"2025-10-02T17:53:41","guid":{"rendered":"https:\/\/www.verlagshaus-hernals.at\/shop\/?post_type=product&#038;p=723"},"modified":"2025-10-20T10:57:43","modified_gmt":"2025-10-20T08:57:43","slug":"mistelzweig","status":"publish","type":"product","link":"https:\/\/www.verlagshaus-hernals.at\/shop\/produkt\/mistelzweig\/","title":{"rendered":"Mistelzweig"},"content":{"rendered":"<p>Es ist Weihnachtsbazar im sch\u00f6nen Dorf am Z\u00fcrichsee. Emsiges Treiben, wie jedes Jahr. Fr\u00f6hliches Schwatzen, Lachen, neugieriges Be\u00e4ugen der verschiedenen Verkaufsst\u00e4nde und auch gen\u00fcssliches Naschen in der Kaffeeecke, die jedes Jahr gr\u00f6\u00dfer geworden ist.<br \/>\nDie Besucher des Bazars kommen der feinen Kuchen und Brote wegen, nicht nur wegen der Lose und der kleinen K\u00f6stlichkeiten, dem Gestrickten f\u00fcr die kalten Wintertage und auch nicht nur wegen des Kasperlitheaters, das von den Kindern sehnlichst erwartet wird. Vor allem aber kommen sie, um ihre Mitbewohner zu treffen und sich am Zusammensein zu erfreuen \u2026<\/p>\n","protected":false},"excerpt":{"rendered":"<p>94 Seiten, Klappenbroschur<br \/>\nISBN 978-3-903442-78-8&hellip; <a class=\"kt-excerpt-readmore more-link\" href=\"https:\/\/www.verlagshaus-hernals.at\/shop\/produkt\/mistelzweig\/\" aria-label=\"Mistelzweig\">Read More<\/a><\/p>\n","protected":false},"featured_media":724,"template":"","meta":{"kt_blocks_editor_width":"","_kad_blocks_custom_css":"","_kad_blocks_head_custom_js":"","_kad_blocks_body_custom_js":"","_kad_blocks_footer_custom_js":""},"product_brand":[],"product_cat":[43],"product_tag":[],"class_list":{"0":"post-723","1":"product","2":"type-product","3":"status-publish","4":"has-post-thumbnail","6":"product_cat-romane-erzaehlungen","8":"first","9":"instock","10":"taxable","11":"shipping-taxable","12":"purchasable","13":"product-type-simple"},"taxonomy_info":{"product_cat":[{"value":43,"label":"Romane &amp; Erz\u00e4hlungen"}]},"featured_image_src_large":["https:\/\/www.verlagshaus-hernals.at\/shop\/wp-content\/uploads\/marie-helen_luechinger-frey_mistelzweig.jpg",600,1000,false],"author_info":[],"comment_info":"","_links":{"self":[{"href":"https:\/\/www.verlagshaus-hernals.at\/shop\/wp-json\/wp\/v2\/product\/723","targetHints":{"allow":["GET"]}}],"collection":[{"href":"https:\/\/www.verlagshaus-hernals.at\/shop\/wp-json\/wp\/v2\/product"}],"about":[{"href":"https:\/\/www.verlagshaus-hernals.at\/shop\/wp-json\/wp\/v2\/types\/product"}],"wp:featuredmedia":[{"embeddable":true,"href":"https:\/\/www.verlagshaus-hernals.at\/shop\/wp-json\/wp\/v2\/media\/724"}],"wp:attachment":[{"href":"https:\/\/www.verlagshaus-hernals.at\/shop\/wp-json\/wp\/v2\/media?parent=723"}],"wp:term":[{"taxonomy":"product_brand","embeddable":true,"href":"https:\/\/www.verlagshaus-hernals.at\/shop\/wp-json\/wp\/v2\/product_brand?post=723"},{"taxonomy":"product_cat","embeddable":true,"href":"https:\/\/www.verlagshaus-hernals.at\/shop\/wp-json\/wp\/v2\/product_cat?post=723"},{"taxonomy":"product_tag","embeddable":true,"href":"https:\/\/www.verlagshaus-hernals.at\/shop\/wp-json\/wp\/v2\/product_tag?post=723"}],"curies":[{"name":"wp","href":"https:\/\/api.w.org\/{rel}","templated":true}]}}