{"id":705,"date":"2025-08-26T23:04:23","date_gmt":"2025-08-26T21:04:23","guid":{"rendered":"https:\/\/www.verlagshaus-hernals.at\/shop\/?post_type=product&#038;p=705"},"modified":"2025-08-26T23:06:31","modified_gmt":"2025-08-26T21:06:31","slug":"redeeder","status":"publish","type":"product","link":"https:\/\/www.verlagshaus-hernals.at\/shop\/produkt\/redeeder\/","title":{"rendered":"RedeEder"},"content":{"rendered":"<p><em>Eine literarische Auseinandersetzung<\/em><\/p>\n<p>Peter Wawerzinek, Tr\u00e4ger des Ingeborg-Bachmann-Preises, setzte sich anl\u00e4sslich des hundertsten Geburtstages des Bildhauers Otto Eder mit dessen Lebensgeschichte und Werk auseinander.<br \/>\nEntstanden ist ein Text, der einen beinahe manisch arbeitenden K\u00fcnstler mit einer gro\u00dfen Vision zeigt:<br \/>\nEinen K\u00fcnstler, der sich ganz und gar seinem Tun, seinem bildhauerischen Werk verschrieben hat.<br \/>\nEinen K\u00fcnstler, der kompromisslos mit sich selbst umging und von seinen Sch\u00fcler:innen und Wegbegleiter:innen dieselbe Kompromisslosigkeit in ihrem Schaffen forderte.<br \/>\nEin K\u00fcnstler, der oft unverstanden blieb, dessen Werk aber sein gro\u00dfes K\u00f6nnen und seine Vision davon, was es bedeutet Bildhauer:in zu sein, eindrucksvoll spiegelt.<\/p>\n","protected":false},"excerpt":{"rendered":"<p>76 Seiten, gebunden<br \/>\n978-3-903442-72-6&hellip; <a class=\"kt-excerpt-readmore more-link\" href=\"https:\/\/www.verlagshaus-hernals.at\/shop\/produkt\/redeeder\/\" aria-label=\"RedeEder\">Read More<\/a><\/p>\n","protected":false},"featured_media":706,"template":"","meta":{"kt_blocks_editor_width":"","_kad_blocks_custom_css":"","_kad_blocks_head_custom_js":"","_kad_blocks_body_custom_js":"","_kad_blocks_footer_custom_js":""},"product_brand":[],"product_cat":[43],"product_tag":[],"class_list":{"0":"post-705","1":"product","2":"type-product","3":"status-publish","4":"has-post-thumbnail","6":"product_cat-romane-erzaehlungen","8":"first","9":"instock","10":"taxable","11":"shipping-taxable","12":"purchasable","13":"product-type-simple"},"taxonomy_info":{"product_cat":[{"value":43,"label":"Romane &amp; Erz\u00e4hlungen"}]},"featured_image_src_large":["https:\/\/www.verlagshaus-hernals.at\/shop\/wp-content\/uploads\/cover-peter_wawerzinek-rede_eder.jpg",390,643,false],"author_info":[],"comment_info":"","_links":{"self":[{"href":"https:\/\/www.verlagshaus-hernals.at\/shop\/wp-json\/wp\/v2\/product\/705","targetHints":{"allow":["GET"]}}],"collection":[{"href":"https:\/\/www.verlagshaus-hernals.at\/shop\/wp-json\/wp\/v2\/product"}],"about":[{"href":"https:\/\/www.verlagshaus-hernals.at\/shop\/wp-json\/wp\/v2\/types\/product"}],"wp:featuredmedia":[{"embeddable":true,"href":"https:\/\/www.verlagshaus-hernals.at\/shop\/wp-json\/wp\/v2\/media\/706"}],"wp:attachment":[{"href":"https:\/\/www.verlagshaus-hernals.at\/shop\/wp-json\/wp\/v2\/media?parent=705"}],"wp:term":[{"taxonomy":"product_brand","embeddable":true,"href":"https:\/\/www.verlagshaus-hernals.at\/shop\/wp-json\/wp\/v2\/product_brand?post=705"},{"taxonomy":"product_cat","embeddable":true,"href":"https:\/\/www.verlagshaus-hernals.at\/shop\/wp-json\/wp\/v2\/product_cat?post=705"},{"taxonomy":"product_tag","embeddable":true,"href":"https:\/\/www.verlagshaus-hernals.at\/shop\/wp-json\/wp\/v2\/product_tag?post=705"}],"curies":[{"name":"wp","href":"https:\/\/api.w.org\/{rel}","templated":true}]}}