{"id":70,"date":"2010-03-20T13:05:12","date_gmt":"2010-03-20T12:05:12","guid":{"rendered":"https:\/\/www.imerix.at\/bookshop\/produkt\/boulevardstueck\/"},"modified":"2025-04-18T18:10:38","modified_gmt":"2025-04-18T16:10:38","slug":"boulevardstueck","status":"publish","type":"product","link":"https:\/\/www.verlagshaus-hernals.at\/shop\/produkt\/boulevardstueck\/","title":{"rendered":"Boulevardst\u00fcck"},"content":{"rendered":"<p>Bei einer Explosion am Wiener Brunnenmarkt stirbt ein t\u00fcrkischer B\u00e4cker. Der Boulevardjournalist Roland Arno wird zuf\u00e4llig Zeuge. Sein Chef, getrieben von Schund und hoher Auflage, setzt ihn auf die Geschichte an. Arno bedient sich der Methoden des Boulevards und schon bald findet er heraus, dass der Tote weit mehr war, als nur ein harmloser B\u00e4cker. Und pl\u00f6tzlich steckt er mittendrin in einer Story, in der orientalische Strukturen und die Mafia die Hauptrolle spielen. Dabei will er mit der ganzen Geschichte eigentlich gar nichts zu tun haben &#8230;<\/p>\n<p>Andreas Lexer zeichnet detailliert und erschreckend nach, wie der \u00f6sterreichische Boulevardjournalismus mit dem Thema Migration umgeht.<\/p>\n","protected":false},"excerpt":{"rendered":"<p>172 Seiten, gebunden<br \/>\nISBN 978-3-902744-04-3&hellip; <a class=\"kt-excerpt-readmore more-link\" href=\"https:\/\/www.verlagshaus-hernals.at\/shop\/produkt\/boulevardstueck\/\" aria-label=\"Boulevardst\u00fcck\">Read More<\/a><\/p>\n","protected":false},"featured_media":69,"template":"","meta":{"kt_blocks_editor_width":"","_kad_blocks_custom_css":"","_kad_blocks_head_custom_js":"","_kad_blocks_body_custom_js":"","_kad_blocks_footer_custom_js":""},"product_brand":[],"product_cat":[33],"product_tag":[],"class_list":{"0":"post-70","1":"product","2":"type-product","3":"status-publish","4":"has-post-thumbnail","6":"product_cat-krimis-thriller","8":"first","9":"instock","10":"taxable","11":"shipping-taxable","12":"purchasable","13":"product-type-simple"},"taxonomy_info":{"product_cat":[{"value":33,"label":"Krimis &amp; Thriller"}]},"featured_image_src_large":["https:\/\/www.verlagshaus-hernals.at\/shop\/wp-content\/uploads\/andereas_lexer-boulevardstueck.jpg",326,510,false],"author_info":[],"comment_info":"","_links":{"self":[{"href":"https:\/\/www.verlagshaus-hernals.at\/shop\/wp-json\/wp\/v2\/product\/70","targetHints":{"allow":["GET"]}}],"collection":[{"href":"https:\/\/www.verlagshaus-hernals.at\/shop\/wp-json\/wp\/v2\/product"}],"about":[{"href":"https:\/\/www.verlagshaus-hernals.at\/shop\/wp-json\/wp\/v2\/types\/product"}],"wp:featuredmedia":[{"embeddable":true,"href":"https:\/\/www.verlagshaus-hernals.at\/shop\/wp-json\/wp\/v2\/media\/69"}],"wp:attachment":[{"href":"https:\/\/www.verlagshaus-hernals.at\/shop\/wp-json\/wp\/v2\/media?parent=70"}],"wp:term":[{"taxonomy":"product_brand","embeddable":true,"href":"https:\/\/www.verlagshaus-hernals.at\/shop\/wp-json\/wp\/v2\/product_brand?post=70"},{"taxonomy":"product_cat","embeddable":true,"href":"https:\/\/www.verlagshaus-hernals.at\/shop\/wp-json\/wp\/v2\/product_cat?post=70"},{"taxonomy":"product_tag","embeddable":true,"href":"https:\/\/www.verlagshaus-hernals.at\/shop\/wp-json\/wp\/v2\/product_tag?post=70"}],"curies":[{"name":"wp","href":"https:\/\/api.w.org\/{rel}","templated":true}]}}