{"id":68,"date":"2010-02-03T13:05:12","date_gmt":"2010-02-03T12:05:12","guid":{"rendered":"https:\/\/www.imerix.at\/bookshop\/produkt\/fastnacht\/"},"modified":"2025-04-18T18:09:04","modified_gmt":"2025-04-18T16:09:04","slug":"fastnacht","status":"publish","type":"product","link":"https:\/\/www.verlagshaus-hernals.at\/shop\/produkt\/fastnacht\/","title":{"rendered":"Fastnacht"},"content":{"rendered":"<p>Martin Huber ist ganz zufrieden mit seinem Vorarlberger Exil, in das er vor seinem bisherigen Chef, dem Leiter der Kriminalabteilung der Salzburger Gendarmerie, gefl\u00fcchtet ist. Die Wasserleichen aus dem Bodensee machen ihm allerdings zu schaffen. Die Spur f\u00fchrt ins Rotlichtmilieu und ein Vorarlberger Industrieller ger\u00e4t ins Visier des Ermittlers.<br \/>\nInmitten des Fastnachtstrubels versucht Huber den Fall zum Abschluss zu bringen.<\/p>\n","protected":false},"excerpt":{"rendered":"<p>Huber-Krimi \u2013 Band 2<\/p>\n<p>152 Seiten, gebunden<br \/>\nISBN 978-3-902744-06-7&hellip; <a class=\"kt-excerpt-readmore more-link\" href=\"https:\/\/www.verlagshaus-hernals.at\/shop\/produkt\/fastnacht\/\" aria-label=\"Fastnacht\">Read More<\/a><\/p>\n","protected":false},"featured_media":67,"template":"","meta":{"kt_blocks_editor_width":"","_kad_blocks_custom_css":"","_kad_blocks_head_custom_js":"","_kad_blocks_body_custom_js":"","_kad_blocks_footer_custom_js":""},"product_brand":[],"product_cat":[33],"product_tag":[39],"class_list":{"0":"post-68","1":"product","2":"type-product","3":"status-publish","4":"has-post-thumbnail","6":"product_cat-krimis-thriller","7":"product_tag-robert-ellmer","9":"first","10":"instock","11":"taxable","12":"shipping-taxable","13":"purchasable","14":"product-type-simple"},"taxonomy_info":{"product_cat":[{"value":33,"label":"Krimis &amp; Thriller"}],"product_tag":[{"value":39,"label":"Robert Ellmer"}]},"featured_image_src_large":["https:\/\/www.verlagshaus-hernals.at\/shop\/wp-content\/uploads\/cover-robert_ellmer-fastnacht1-655x1024.jpg",655,1024,true],"author_info":[],"comment_info":"","_links":{"self":[{"href":"https:\/\/www.verlagshaus-hernals.at\/shop\/wp-json\/wp\/v2\/product\/68","targetHints":{"allow":["GET"]}}],"collection":[{"href":"https:\/\/www.verlagshaus-hernals.at\/shop\/wp-json\/wp\/v2\/product"}],"about":[{"href":"https:\/\/www.verlagshaus-hernals.at\/shop\/wp-json\/wp\/v2\/types\/product"}],"wp:featuredmedia":[{"embeddable":true,"href":"https:\/\/www.verlagshaus-hernals.at\/shop\/wp-json\/wp\/v2\/media\/67"}],"wp:attachment":[{"href":"https:\/\/www.verlagshaus-hernals.at\/shop\/wp-json\/wp\/v2\/media?parent=68"}],"wp:term":[{"taxonomy":"product_brand","embeddable":true,"href":"https:\/\/www.verlagshaus-hernals.at\/shop\/wp-json\/wp\/v2\/product_brand?post=68"},{"taxonomy":"product_cat","embeddable":true,"href":"https:\/\/www.verlagshaus-hernals.at\/shop\/wp-json\/wp\/v2\/product_cat?post=68"},{"taxonomy":"product_tag","embeddable":true,"href":"https:\/\/www.verlagshaus-hernals.at\/shop\/wp-json\/wp\/v2\/product_tag?post=68"}],"curies":[{"name":"wp","href":"https:\/\/api.w.org\/{rel}","templated":true}]}}