{"id":66,"date":"2009-04-10T13:05:10","date_gmt":"2009-04-10T11:05:10","guid":{"rendered":"https:\/\/www.imerix.at\/bookshop\/produkt\/kein-kinderspiel\/"},"modified":"2025-04-18T18:11:04","modified_gmt":"2025-04-18T16:11:04","slug":"kein-kinderspiel","status":"publish","type":"product","link":"https:\/\/www.verlagshaus-hernals.at\/shop\/produkt\/kein-kinderspiel\/","title":{"rendered":"Kein Kinderspiel"},"content":{"rendered":"<p><em>Das Baby zahnt und im Kindergarten ist die H\u00f6lle los. Als auch noch ein prominenter Winzer auf der Welser Weinmesse ermordet wird, ger\u00e4t der Alltag der zweifachen Mutter und Teilzeitjournalistin Rita Ratzenb\u00f6ck heillos durcheinander. Denn die passionierte Krimileserin beschlie\u00dft auf eigene Faust Nachforschungen anzustellen. Bei ihren unkonventionellen Ermittlungen hat sie die Kinder stets im Schlepptau. Schon bald st\u00f6\u00dft die umtriebige Ober\u00f6sterreicherin im Leben des zum &#8222;Mister Sex&#8220; gew\u00e4hlten Ermordeten auf jede Menge Ungereimtheiten. Kein Kinderspiel&#8230;<\/em><\/p>\n","protected":false},"excerpt":{"rendered":"<p>308 Seiten, gebunden<br \/>\nISBN 978-3-9502577-2-4&hellip; <a class=\"kt-excerpt-readmore more-link\" href=\"https:\/\/www.verlagshaus-hernals.at\/shop\/produkt\/kein-kinderspiel\/\" aria-label=\"Kein Kinderspiel\">Read More<\/a><\/p>\n","protected":false},"featured_media":65,"template":"","meta":{"kt_blocks_editor_width":"","_kad_blocks_custom_css":"","_kad_blocks_head_custom_js":"","_kad_blocks_body_custom_js":"","_kad_blocks_footer_custom_js":""},"product_brand":[],"product_cat":[33],"product_tag":[],"class_list":{"0":"post-66","1":"product","2":"type-product","3":"status-publish","4":"has-post-thumbnail","6":"product_cat-krimis-thriller","8":"first","9":"instock","10":"taxable","11":"shipping-taxable","12":"purchasable","13":"product-type-simple"},"taxonomy_info":{"product_cat":[{"value":33,"label":"Krimis &amp; Thriller"}]},"featured_image_src_large":["https:\/\/www.verlagshaus-hernals.at\/shop\/wp-content\/uploads\/therese_bauer-kein_kinderspiel.jpg",307,473,false],"author_info":[],"comment_info":"","_links":{"self":[{"href":"https:\/\/www.verlagshaus-hernals.at\/shop\/wp-json\/wp\/v2\/product\/66","targetHints":{"allow":["GET"]}}],"collection":[{"href":"https:\/\/www.verlagshaus-hernals.at\/shop\/wp-json\/wp\/v2\/product"}],"about":[{"href":"https:\/\/www.verlagshaus-hernals.at\/shop\/wp-json\/wp\/v2\/types\/product"}],"wp:featuredmedia":[{"embeddable":true,"href":"https:\/\/www.verlagshaus-hernals.at\/shop\/wp-json\/wp\/v2\/media\/65"}],"wp:attachment":[{"href":"https:\/\/www.verlagshaus-hernals.at\/shop\/wp-json\/wp\/v2\/media?parent=66"}],"wp:term":[{"taxonomy":"product_brand","embeddable":true,"href":"https:\/\/www.verlagshaus-hernals.at\/shop\/wp-json\/wp\/v2\/product_brand?post=66"},{"taxonomy":"product_cat","embeddable":true,"href":"https:\/\/www.verlagshaus-hernals.at\/shop\/wp-json\/wp\/v2\/product_cat?post=66"},{"taxonomy":"product_tag","embeddable":true,"href":"https:\/\/www.verlagshaus-hernals.at\/shop\/wp-json\/wp\/v2\/product_tag?post=66"}],"curies":[{"name":"wp","href":"https:\/\/api.w.org\/{rel}","templated":true}]}}