{"id":641,"date":"2025-05-22T14:55:26","date_gmt":"2025-05-22T12:55:26","guid":{"rendered":"https:\/\/www.imerix.at\/bookshop\/?post_type=product&#038;p=641"},"modified":"2025-07-07T13:54:46","modified_gmt":"2025-07-07T11:54:46","slug":"heldenfriedhof-1915-1918","status":"publish","type":"product","link":"https:\/\/www.verlagshaus-hernals.at\/shop\/produkt\/heldenfriedhof-1915-1918\/","title":{"rendered":"Heldenfriedhof 1915 \u2013 1918"},"content":{"rendered":"<p>Mario Rausch erz\u00e4hlt aus dem Leben seines Urgro\u00dfvaters. Dieser stammte aus Mauthen im K\u00e4rntner Gailtal und fiel im Fr\u00fchjahr 1915 im eben er\u00f6ffneten Frontabschnitt des Pl\u00f6ckenpasses als erster Soldat seiner Einheit.<br \/>\nDie letzten Lebenstage von Adolf Rausch sind Kern der Erz\u00e4hlung, in der das Grauen des eben aufgeflammten Gebirgskrieges wechselweise aus Sicht des Frontsoldaten und seiner im Heimatort verbliebenen Gattin geschildert wird. An den Orten der Handlung, am Pl\u00f6ckenpass und am Cellon, kann man noch heute Zeugnisse des Ersten Weltkrieges finden, der so vielen Menschen das Leben gekostet hat.<br \/>\nMario Rauschs Erz\u00e4hlung ist ein Pl\u00e4doyer f\u00fcr Frieden und Vers\u00f6hnung.<\/p>\n","protected":false},"excerpt":{"rendered":"<p>56 Seiten, gebunden<br \/>\n978-3-903442-68-9&hellip; <a class=\"kt-excerpt-readmore more-link\" href=\"https:\/\/www.verlagshaus-hernals.at\/shop\/produkt\/heldenfriedhof-1915-1918\/\" aria-label=\"Heldenfriedhof 1915 \u2013 1918\">Read More<\/a><\/p>\n","protected":false},"featured_media":642,"template":"","meta":{"kt_blocks_editor_width":"","_kad_blocks_custom_css":"","_kad_blocks_head_custom_js":"","_kad_blocks_body_custom_js":"","_kad_blocks_footer_custom_js":""},"product_brand":[],"product_cat":[43],"product_tag":[],"class_list":{"0":"post-641","1":"product","2":"type-product","3":"status-publish","4":"has-post-thumbnail","6":"product_cat-romane-erzaehlungen","8":"first","9":"instock","10":"taxable","11":"shipping-taxable","12":"purchasable","13":"product-type-simple"},"taxonomy_info":{"product_cat":[{"value":43,"label":"Romane &amp; Erz\u00e4hlungen"}]},"featured_image_src_large":["https:\/\/www.verlagshaus-hernals.at\/shop\/wp-content\/uploads\/Mario-Rausch-Heldenfriedhof-601x1024.jpg",601,1024,true],"author_info":[],"comment_info":"","_links":{"self":[{"href":"https:\/\/www.verlagshaus-hernals.at\/shop\/wp-json\/wp\/v2\/product\/641","targetHints":{"allow":["GET"]}}],"collection":[{"href":"https:\/\/www.verlagshaus-hernals.at\/shop\/wp-json\/wp\/v2\/product"}],"about":[{"href":"https:\/\/www.verlagshaus-hernals.at\/shop\/wp-json\/wp\/v2\/types\/product"}],"wp:featuredmedia":[{"embeddable":true,"href":"https:\/\/www.verlagshaus-hernals.at\/shop\/wp-json\/wp\/v2\/media\/642"}],"wp:attachment":[{"href":"https:\/\/www.verlagshaus-hernals.at\/shop\/wp-json\/wp\/v2\/media?parent=641"}],"wp:term":[{"taxonomy":"product_brand","embeddable":true,"href":"https:\/\/www.verlagshaus-hernals.at\/shop\/wp-json\/wp\/v2\/product_brand?post=641"},{"taxonomy":"product_cat","embeddable":true,"href":"https:\/\/www.verlagshaus-hernals.at\/shop\/wp-json\/wp\/v2\/product_cat?post=641"},{"taxonomy":"product_tag","embeddable":true,"href":"https:\/\/www.verlagshaus-hernals.at\/shop\/wp-json\/wp\/v2\/product_tag?post=641"}],"curies":[{"name":"wp","href":"https:\/\/api.w.org\/{rel}","templated":true}]}}