{"id":637,"date":"2025-05-22T02:07:25","date_gmt":"2025-05-22T00:07:25","guid":{"rendered":"https:\/\/www.imerix.at\/bookshop\/?post_type=product&#038;p=637"},"modified":"2025-05-22T02:15:49","modified_gmt":"2025-05-22T00:15:49","slug":"ueber-die-anmut-der-zufaelligkeiten","status":"publish","type":"product","link":"https:\/\/www.verlagshaus-hernals.at\/shop\/produkt\/ueber-die-anmut-der-zufaelligkeiten\/","title":{"rendered":"\u00dcber die Anmut der Zuf\u00e4lligkeiten"},"content":{"rendered":"<p>In Springers Gedichten verschmelzen zeitliche und r\u00e4umliche Distanzen, Dimensionen verschieben sich, und die Zeit verlangsamt sich. Springer nutzt die Sprache spielerisch, um sowohl die gro\u00dfen Fragen des Lebens als auch die kleinen, allt\u00e4glichen Momente auszuloten.<\/p>\n<p>Dabei verzichtet sie immer wieder auf strenge Logik, klassische Reimformen oder metrische Vorgaben und gibt den Gedichten Raum, sich frei und unkonventionell zu entfalten. Durch das Jonglieren mit Worten und Kl\u00e4ngen zeigt Valerie Springer das Bekannte auf ungewohnte Weise und l\u00e4dt dazu ein, die Welt in einem neuen Licht zu betrachten.<\/p>\n","protected":false},"excerpt":{"rendered":"<p>66 Seiten, Klappenbroschur<br \/>\nISBN\u00a0978-3-903442-70-2&hellip; <a class=\"kt-excerpt-readmore more-link\" href=\"https:\/\/www.verlagshaus-hernals.at\/shop\/produkt\/ueber-die-anmut-der-zufaelligkeiten\/\" aria-label=\"\u00dcber die Anmut der Zuf\u00e4lligkeiten\">Read More<\/a><\/p>\n","protected":false},"featured_media":638,"template":"","meta":{"kt_blocks_editor_width":"","_kad_blocks_custom_css":"","_kad_blocks_head_custom_js":"","_kad_blocks_body_custom_js":"","_kad_blocks_footer_custom_js":""},"product_brand":[],"product_cat":[38],"product_tag":[],"class_list":{"0":"post-637","1":"product","2":"type-product","3":"status-publish","4":"has-post-thumbnail","6":"product_cat-lyrik","8":"first","9":"instock","10":"taxable","11":"shipping-taxable","12":"purchasable","13":"product-type-simple"},"taxonomy_info":{"product_cat":[{"value":38,"label":"Lyrik"}]},"featured_image_src_large":["https:\/\/www.verlagshaus-hernals.at\/shop\/wp-content\/uploads\/valerie_springer-ueber-die-anmut-der-zufaelligkeiten.jpg",737,1004,false],"author_info":[],"comment_info":"","_links":{"self":[{"href":"https:\/\/www.verlagshaus-hernals.at\/shop\/wp-json\/wp\/v2\/product\/637","targetHints":{"allow":["GET"]}}],"collection":[{"href":"https:\/\/www.verlagshaus-hernals.at\/shop\/wp-json\/wp\/v2\/product"}],"about":[{"href":"https:\/\/www.verlagshaus-hernals.at\/shop\/wp-json\/wp\/v2\/types\/product"}],"wp:featuredmedia":[{"embeddable":true,"href":"https:\/\/www.verlagshaus-hernals.at\/shop\/wp-json\/wp\/v2\/media\/638"}],"wp:attachment":[{"href":"https:\/\/www.verlagshaus-hernals.at\/shop\/wp-json\/wp\/v2\/media?parent=637"}],"wp:term":[{"taxonomy":"product_brand","embeddable":true,"href":"https:\/\/www.verlagshaus-hernals.at\/shop\/wp-json\/wp\/v2\/product_brand?post=637"},{"taxonomy":"product_cat","embeddable":true,"href":"https:\/\/www.verlagshaus-hernals.at\/shop\/wp-json\/wp\/v2\/product_cat?post=637"},{"taxonomy":"product_tag","embeddable":true,"href":"https:\/\/www.verlagshaus-hernals.at\/shop\/wp-json\/wp\/v2\/product_tag?post=637"}],"curies":[{"name":"wp","href":"https:\/\/api.w.org\/{rel}","templated":true}]}}