{"id":62,"date":"2019-12-30T13:05:09","date_gmt":"2019-12-30T12:05:09","guid":{"rendered":"https:\/\/www.imerix.at\/bookshop\/produkt\/berta-pichl\/"},"modified":"2025-04-18T18:12:46","modified_gmt":"2025-04-18T16:12:46","slug":"berta-pichl","status":"publish","type":"product","link":"https:\/\/www.verlagshaus-hernals.at\/shop\/produkt\/berta-pichl\/","title":{"rendered":"Berta Pichl"},"content":{"rendered":"<p>Dr. Betra Pichl war Sozialpolitikerin und P\u00e4dagogin. W\u00e4hrend der NS-Zeit wurde sie durch das Regime verfolgt. Die promovierte Historikerin war als eine der ersten Frauen von 1920-1934 Mitglied des Bundesrates. Von 1918 bis 1922 leitete sie die F\u00fcrsorgesektion der Katholischen Frauen-Organisation Nieder\u00f6sterreich bzw. war deren Generalsekret\u00e4rin.<br \/>\nIn den Jahren 1923-1938 und 1945-1957 f\u00fchrte sie die Soziale Frauenschule der Caritas der Erzdi\u00f6zese Wien. Sie erkannte, dass man Armut am besten mit Ausbildung und Bildung bek\u00e4mpft. Ihr besonderes Engagement galt daher der Berufsausbildung f\u00fcr Frauen und M\u00e4dchen. Die sozialpolitischen Ideen der gl\u00e4ubigen Katholikin f\u00fchrten immer wieder zu Differenzen mit der Kirche, die sie der Sache wegen unerschrocken ausfocht.<\/p>\n","protected":false},"excerpt":{"rendered":"<p>126 Seiten, broschiert<br \/>\nISBN 978-3-902975-81-2&hellip; <a class=\"kt-excerpt-readmore more-link\" href=\"https:\/\/www.verlagshaus-hernals.at\/shop\/produkt\/berta-pichl\/\" aria-label=\"Berta Pichl\">Read More<\/a><\/p>\n","protected":false},"featured_media":61,"template":"","meta":{"kt_blocks_editor_width":"","_kad_blocks_custom_css":"","_kad_blocks_head_custom_js":"","_kad_blocks_body_custom_js":"","_kad_blocks_footer_custom_js":""},"product_brand":[],"product_cat":[47,49],"product_tag":[53],"class_list":{"0":"post-62","1":"product","2":"type-product","3":"status-publish","4":"has-post-thumbnail","6":"product_cat-zeitgeschichte","7":"product_cat-wissenschaft","8":"product_tag-traude-veran","10":"first","11":"instock","12":"taxable","13":"shipping-taxable","14":"purchasable","15":"product-type-simple"},"taxonomy_info":{"product_cat":[{"value":47,"label":"Zeitgeschichte"},{"value":49,"label":"Wissenschaft"}],"product_tag":[{"value":53,"label":"Traude Veran"}]},"featured_image_src_large":["https:\/\/www.verlagshaus-hernals.at\/shop\/wp-content\/uploads\/products-Traude_Veran___B_5e0a0334e77fa.jpg",493,802,false],"author_info":[],"comment_info":"","_links":{"self":[{"href":"https:\/\/www.verlagshaus-hernals.at\/shop\/wp-json\/wp\/v2\/product\/62","targetHints":{"allow":["GET"]}}],"collection":[{"href":"https:\/\/www.verlagshaus-hernals.at\/shop\/wp-json\/wp\/v2\/product"}],"about":[{"href":"https:\/\/www.verlagshaus-hernals.at\/shop\/wp-json\/wp\/v2\/types\/product"}],"wp:featuredmedia":[{"embeddable":true,"href":"https:\/\/www.verlagshaus-hernals.at\/shop\/wp-json\/wp\/v2\/media\/61"}],"wp:attachment":[{"href":"https:\/\/www.verlagshaus-hernals.at\/shop\/wp-json\/wp\/v2\/media?parent=62"}],"wp:term":[{"taxonomy":"product_brand","embeddable":true,"href":"https:\/\/www.verlagshaus-hernals.at\/shop\/wp-json\/wp\/v2\/product_brand?post=62"},{"taxonomy":"product_cat","embeddable":true,"href":"https:\/\/www.verlagshaus-hernals.at\/shop\/wp-json\/wp\/v2\/product_cat?post=62"},{"taxonomy":"product_tag","embeddable":true,"href":"https:\/\/www.verlagshaus-hernals.at\/shop\/wp-json\/wp\/v2\/product_tag?post=62"}],"curies":[{"name":"wp","href":"https:\/\/api.w.org\/{rel}","templated":true}]}}