{"id":60,"date":"2019-12-02T13:05:09","date_gmt":"2019-12-02T12:05:09","guid":{"rendered":"https:\/\/www.imerix.at\/bookshop\/produkt\/die-josephsruhe-am-laaerberg\/"},"modified":"2025-12-17T14:43:00","modified_gmt":"2025-12-17T13:43:00","slug":"die-josephsruhe-am-laaerberg","status":"publish","type":"product","link":"https:\/\/www.verlagshaus-hernals.at\/shop\/produkt\/die-josephsruhe-am-laaerberg\/","title":{"rendered":"Die Josephsruhe am Laaerberg"},"content":{"rendered":"<p>Baron Karl, Antonie Mansfeld, Peter von Bohr, der Spittelberg, das Ringtheater, die Schleierbaracken und die Josephsruhe am Laaerberg. Gaukler, Geldf\u00e4lscher, Hofnarren und die einzige Frau, die in Wien als Hexe hingerichtet wurde.<br \/>\nPeter Steinbach und seine Mitautoren machen einen Streifzug durch das alte Wien.<br \/>\nSie erz\u00e4hlen Geschichten von beeindruckenden Pers\u00f6nlichkeiten, f\u00fchren an ehemals verruchte Orte, in ein abgebranntes Theater und zu den Ziegelarbeitern nach Favoriten.<\/p>\n<p>&nbsp;<\/p>\n","protected":false},"excerpt":{"rendered":"<p>110 Seiten, gebunden, 52 Farbfotos<br \/>\nISBN 978-3-902975-69-0&hellip; <a class=\"kt-excerpt-readmore more-link\" href=\"https:\/\/www.verlagshaus-hernals.at\/shop\/produkt\/die-josephsruhe-am-laaerberg\/\" aria-label=\"Die Josephsruhe am Laaerberg\">Read More<\/a><\/p>\n","protected":false},"featured_media":59,"template":"","meta":{"kt_blocks_editor_width":"","_kad_blocks_custom_css":"","_kad_blocks_head_custom_js":"","_kad_blocks_body_custom_js":"","_kad_blocks_footer_custom_js":""},"product_brand":[],"product_cat":[51,91],"product_tag":[52],"class_list":{"0":"post-60","1":"product","2":"type-product","3":"status-publish","4":"has-post-thumbnail","6":"product_cat-historisches","7":"product_cat-wien","8":"product_tag-peter-steinbach","10":"first","11":"instock","12":"taxable","13":"shipping-taxable","14":"purchasable","15":"product-type-simple"},"taxonomy_info":{"product_cat":[{"value":51,"label":"Historisches"},{"value":91,"label":"Wien"}],"product_tag":[{"value":52,"label":"Peter Steinbach"}]},"featured_image_src_large":["https:\/\/www.verlagshaus-hernals.at\/shop\/wp-content\/uploads\/products-Steinbach_._Gurn_5de4e3afa4759.jpg",445,600,false],"author_info":[],"comment_info":"","_links":{"self":[{"href":"https:\/\/www.verlagshaus-hernals.at\/shop\/wp-json\/wp\/v2\/product\/60","targetHints":{"allow":["GET"]}}],"collection":[{"href":"https:\/\/www.verlagshaus-hernals.at\/shop\/wp-json\/wp\/v2\/product"}],"about":[{"href":"https:\/\/www.verlagshaus-hernals.at\/shop\/wp-json\/wp\/v2\/types\/product"}],"wp:featuredmedia":[{"embeddable":true,"href":"https:\/\/www.verlagshaus-hernals.at\/shop\/wp-json\/wp\/v2\/media\/59"}],"wp:attachment":[{"href":"https:\/\/www.verlagshaus-hernals.at\/shop\/wp-json\/wp\/v2\/media?parent=60"}],"wp:term":[{"taxonomy":"product_brand","embeddable":true,"href":"https:\/\/www.verlagshaus-hernals.at\/shop\/wp-json\/wp\/v2\/product_brand?post=60"},{"taxonomy":"product_cat","embeddable":true,"href":"https:\/\/www.verlagshaus-hernals.at\/shop\/wp-json\/wp\/v2\/product_cat?post=60"},{"taxonomy":"product_tag","embeddable":true,"href":"https:\/\/www.verlagshaus-hernals.at\/shop\/wp-json\/wp\/v2\/product_tag?post=60"}],"curies":[{"name":"wp","href":"https:\/\/api.w.org\/{rel}","templated":true}]}}