{"id":43,"date":"2009-09-12T13:05:06","date_gmt":"2009-09-12T11:05:06","guid":{"rendered":"https:\/\/www.imerix.at\/bookshop\/produkt\/martini\/"},"modified":"2025-07-16T10:58:04","modified_gmt":"2025-07-16T08:58:04","slug":"martini","status":"publish","type":"product","link":"https:\/\/www.verlagshaus-hernals.at\/shop\/produkt\/martini\/","title":{"rendered":"Martini"},"content":{"rendered":"<p>Ein Salzburger Betr\u00fcger und Erpresser sorgt Ende der 70er Jahre des vorigen Jahrhunderts f\u00fcr internationale Schlagzeilen. Und er h\u00e4lt die Polizei in Atem.<\/p>\n<p>Martin Sutter, der smarte Filou, hat schon mindestens drei einsamen Million\u00e4rinnen sehr viel Geld und ein paar Illusionen geraubt. Die Spur f\u00fchrt nach S\u00fcdfrankreich.<\/p>\n<p>Die Polizei schickt ihren besten Mann: Martin Huber, einen schrulligen, frankophilen Kriminalbeamten, der mit seinen unorthodoxen Ermittlungsmethoden bisher noch jeden Fall gel\u00f6st hat \u2026<\/p>\n","protected":false},"excerpt":{"rendered":"<p>Huber-Krimi \u2013 Band 1<\/p>\n<p>153 Seiten, gebunden<br \/>\nISBN 978-3-9502577-7-9<\/p>\n<p>&nbsp;&hellip; <a class=\"kt-excerpt-readmore more-link\" href=\"https:\/\/www.verlagshaus-hernals.at\/shop\/produkt\/martini\/\" aria-label=\"Martini\">Read More<\/a><\/p>\n","protected":false},"featured_media":42,"template":"","meta":{"kt_blocks_editor_width":"","_kad_blocks_custom_css":"","_kad_blocks_head_custom_js":"","_kad_blocks_body_custom_js":"","_kad_blocks_footer_custom_js":""},"product_brand":[],"product_cat":[33],"product_tag":[39],"class_list":{"0":"post-43","1":"product","2":"type-product","3":"status-publish","4":"has-post-thumbnail","6":"product_cat-krimis-thriller","7":"product_tag-robert-ellmer","9":"first","10":"instock","11":"taxable","12":"shipping-taxable","13":"purchasable","14":"product-type-simple"},"taxonomy_info":{"product_cat":[{"value":33,"label":"Krimis &amp; Thriller"}],"product_tag":[{"value":39,"label":"Robert Ellmer"}]},"featured_image_src_large":["https:\/\/www.verlagshaus-hernals.at\/shop\/wp-content\/uploads\/robert_ellmer-martini-transparent.png",536,536,false],"author_info":[],"comment_info":"","_links":{"self":[{"href":"https:\/\/www.verlagshaus-hernals.at\/shop\/wp-json\/wp\/v2\/product\/43","targetHints":{"allow":["GET"]}}],"collection":[{"href":"https:\/\/www.verlagshaus-hernals.at\/shop\/wp-json\/wp\/v2\/product"}],"about":[{"href":"https:\/\/www.verlagshaus-hernals.at\/shop\/wp-json\/wp\/v2\/types\/product"}],"wp:featuredmedia":[{"embeddable":true,"href":"https:\/\/www.verlagshaus-hernals.at\/shop\/wp-json\/wp\/v2\/media\/42"}],"wp:attachment":[{"href":"https:\/\/www.verlagshaus-hernals.at\/shop\/wp-json\/wp\/v2\/media?parent=43"}],"wp:term":[{"taxonomy":"product_brand","embeddable":true,"href":"https:\/\/www.verlagshaus-hernals.at\/shop\/wp-json\/wp\/v2\/product_brand?post=43"},{"taxonomy":"product_cat","embeddable":true,"href":"https:\/\/www.verlagshaus-hernals.at\/shop\/wp-json\/wp\/v2\/product_cat?post=43"},{"taxonomy":"product_tag","embeddable":true,"href":"https:\/\/www.verlagshaus-hernals.at\/shop\/wp-json\/wp\/v2\/product_tag?post=43"}],"curies":[{"name":"wp","href":"https:\/\/api.w.org\/{rel}","templated":true}]}}