{"id":370,"date":"2022-12-02T13:06:11","date_gmt":"2022-12-02T12:06:11","guid":{"rendered":"https:\/\/www.imerix.at\/bookshop\/produkt\/affenschinderei\/"},"modified":"2025-04-18T16:38:37","modified_gmt":"2025-04-18T14:38:37","slug":"affenschinderei","status":"publish","type":"product","link":"https:\/\/www.verlagshaus-hernals.at\/shop\/produkt\/affenschinderei\/","title":{"rendered":"Affenschinderei"},"content":{"rendered":"<p><strong>\u201eA Off\u2019 is a Off\u2019\u201d, sogt mauncha bled, do so afoch is des ned!<\/strong><\/p>\n<p>Wieso ist Affe nicht gleich Affe? Woher kommen die Affen \u00fcberhaupt? Wann war das und wie sind sie dort hingelangt, wo sie heute leben?<br \/>\nAll diese Fragen und viele mehr \u00fcber das Leben unserer allern\u00e4chsten Verwandten beantwortet der Autor und Satiriker Harald Pesata humorvoll in Wiener Mundart und in gereimter Form.<\/p>\n<p>\u2022<\/p>\n<p><strong>Damit des Buach aa imponiert, hom a\u2019s leiwaund illustriert!<\/strong><\/p>\n<p>Wieder ist es der Illustrator und Comic-Zeichner Heinz Wolf, der sich nach \u201eMax und Moritz auf Wienerisch\u201d und \u201eDer Wiener Struwwelpeter\u201d nun auch der \u201eAffenschinderei\u201d zeichnerisch angenommen hat.<\/p>\n<p>Das Verlagshaus Hernals pr\u00e4sentiert ein in dieser Form noch nie dagewesenes Lehrbuch f\u00fcr gro\u00dfe und kleine Affenfreunde!<\/p>\n<p>&nbsp;<\/p>\n","protected":false},"excerpt":{"rendered":"<p>56 Seiten, gebunden, illustriert<br \/>\nISBN 978-3-903442-30-6&hellip; <a class=\"kt-excerpt-readmore more-link\" href=\"https:\/\/www.verlagshaus-hernals.at\/shop\/produkt\/affenschinderei\/\" aria-label=\"Affenschinderei\">Read More<\/a><\/p>\n","protected":false},"featured_media":369,"template":"","meta":{"kt_blocks_editor_width":"","_kad_blocks_custom_css":"","_kad_blocks_head_custom_js":"","_kad_blocks_body_custom_js":"","_kad_blocks_footer_custom_js":""},"product_brand":[],"product_cat":[91],"product_tag":[36,37],"class_list":{"0":"post-370","1":"product","2":"type-product","3":"status-publish","4":"has-post-thumbnail","6":"product_cat-wien","7":"product_tag-pesata","8":"product_tag-wolf","10":"first","11":"instock","12":"taxable","13":"shipping-taxable","14":"purchasable","15":"product-type-simple"},"taxonomy_info":{"product_cat":[{"value":91,"label":"Wien"}],"product_tag":[{"value":36,"label":"Pesata"},{"value":37,"label":"Wolf"}]},"featured_image_src_large":["https:\/\/www.verlagshaus-hernals.at\/shop\/wp-content\/uploads\/harald_pesata-heinz_wolf-affenschinderei.jpg",699,1000,false],"author_info":[],"comment_info":"","_links":{"self":[{"href":"https:\/\/www.verlagshaus-hernals.at\/shop\/wp-json\/wp\/v2\/product\/370","targetHints":{"allow":["GET"]}}],"collection":[{"href":"https:\/\/www.verlagshaus-hernals.at\/shop\/wp-json\/wp\/v2\/product"}],"about":[{"href":"https:\/\/www.verlagshaus-hernals.at\/shop\/wp-json\/wp\/v2\/types\/product"}],"wp:featuredmedia":[{"embeddable":true,"href":"https:\/\/www.verlagshaus-hernals.at\/shop\/wp-json\/wp\/v2\/media\/369"}],"wp:attachment":[{"href":"https:\/\/www.verlagshaus-hernals.at\/shop\/wp-json\/wp\/v2\/media?parent=370"}],"wp:term":[{"taxonomy":"product_brand","embeddable":true,"href":"https:\/\/www.verlagshaus-hernals.at\/shop\/wp-json\/wp\/v2\/product_brand?post=370"},{"taxonomy":"product_cat","embeddable":true,"href":"https:\/\/www.verlagshaus-hernals.at\/shop\/wp-json\/wp\/v2\/product_cat?post=370"},{"taxonomy":"product_tag","embeddable":true,"href":"https:\/\/www.verlagshaus-hernals.at\/shop\/wp-json\/wp\/v2\/product_tag?post=370"}],"curies":[{"name":"wp","href":"https:\/\/api.w.org\/{rel}","templated":true}]}}