{"id":364,"date":"2023-03-17T13:06:09","date_gmt":"2023-03-17T12:06:09","guid":{"rendered":"https:\/\/www.imerix.at\/bookshop\/produkt\/heimzeiten\/"},"modified":"2025-04-18T16:42:46","modified_gmt":"2025-04-18T14:42:46","slug":"heimzeiten","status":"publish","type":"product","link":"https:\/\/www.verlagshaus-hernals.at\/shop\/produkt\/heimzeiten\/","title":{"rendered":"Heimzeiten"},"content":{"rendered":"<p>Peter Steinbach erz\u00e4hlt von seiner Zeit in Internaten und Erziehungsheimen. Er berichtet von Entbehrungen, Konflikten und von Gewalt gegen Z\u00f6glinge und Erzieher. Und er schreibt von Freundschaften, vom Erwachsenwerden und von Erziehern, die ihm v\u00e4terliche Freunde geworden sind.<\/p>\n<p>Neuauflage des vergriffenen Bestsellers der Heimkinderliteratur aus dem Jahr 2012.<\/p>\n<p>&nbsp;<\/p>\n","protected":false},"excerpt":{"rendered":"<p>146 Seiten, gebunden<br \/>\nISBN 978-3-903442-36-8&hellip; <a class=\"kt-excerpt-readmore more-link\" href=\"https:\/\/www.verlagshaus-hernals.at\/shop\/produkt\/heimzeiten\/\" aria-label=\"Heimzeiten\">Read More<\/a><\/p>\n","protected":false},"featured_media":363,"template":"","meta":{"kt_blocks_editor_width":"","_kad_blocks_custom_css":"","_kad_blocks_head_custom_js":"","_kad_blocks_body_custom_js":"","_kad_blocks_footer_custom_js":""},"product_brand":[],"product_cat":[43],"product_tag":[52],"class_list":{"0":"post-364","1":"product","2":"type-product","3":"status-publish","4":"has-post-thumbnail","6":"product_cat-romane-erzaehlungen","7":"product_tag-peter-steinbach","9":"first","10":"instock","11":"taxable","12":"shipping-taxable","13":"purchasable","14":"product-type-simple"},"taxonomy_info":{"product_cat":[{"value":43,"label":"Romane &amp; Erz\u00e4hlungen"}],"product_tag":[{"value":52,"label":"Peter Steinbach"}]},"featured_image_src_large":["https:\/\/www.verlagshaus-hernals.at\/shop\/wp-content\/uploads\/peter_steinbach-heimzeiten-634x1024.jpg",634,1024,true],"author_info":[],"comment_info":"","_links":{"self":[{"href":"https:\/\/www.verlagshaus-hernals.at\/shop\/wp-json\/wp\/v2\/product\/364","targetHints":{"allow":["GET"]}}],"collection":[{"href":"https:\/\/www.verlagshaus-hernals.at\/shop\/wp-json\/wp\/v2\/product"}],"about":[{"href":"https:\/\/www.verlagshaus-hernals.at\/shop\/wp-json\/wp\/v2\/types\/product"}],"wp:featuredmedia":[{"embeddable":true,"href":"https:\/\/www.verlagshaus-hernals.at\/shop\/wp-json\/wp\/v2\/media\/363"}],"wp:attachment":[{"href":"https:\/\/www.verlagshaus-hernals.at\/shop\/wp-json\/wp\/v2\/media?parent=364"}],"wp:term":[{"taxonomy":"product_brand","embeddable":true,"href":"https:\/\/www.verlagshaus-hernals.at\/shop\/wp-json\/wp\/v2\/product_brand?post=364"},{"taxonomy":"product_cat","embeddable":true,"href":"https:\/\/www.verlagshaus-hernals.at\/shop\/wp-json\/wp\/v2\/product_cat?post=364"},{"taxonomy":"product_tag","embeddable":true,"href":"https:\/\/www.verlagshaus-hernals.at\/shop\/wp-json\/wp\/v2\/product_tag?post=364"}],"curies":[{"name":"wp","href":"https:\/\/api.w.org\/{rel}","templated":true}]}}