{"id":362,"date":"2023-04-17T13:06:08","date_gmt":"2023-04-17T11:06:08","guid":{"rendered":"https:\/\/www.imerix.at\/bookshop\/produkt\/funkstelle-kripo-penzing-uebernimmt\/"},"modified":"2025-06-02T13:12:17","modified_gmt":"2025-06-02T11:12:17","slug":"funkstelle-kripo-penzing-uebernimmt","status":"publish","type":"product","link":"https:\/\/www.verlagshaus-hernals.at\/shop\/produkt\/funkstelle-kripo-penzing-uebernimmt\/","title":{"rendered":"Funkstelle! KRIPO Penzing \u00fcbernimmt!"},"content":{"rendered":"<p>Johann Veith erz\u00e4hlt wieder Geschichten und Anekdoten von Gaunern, Dieben und M\u00f6rdern. Der erste Band \u201eDie Fragen stellen wir!\u201c erfreut sich so gro\u00dfer Beliebtheit, dass er nun erneut sein Archiv durchforstet hat. Er berichtet von der Wichtigkeit des \u201eZunds\u201c, der Notwendigkeit der Aufmerksamkeit der B\u00fcrger, von Hilfeleistungen in letzter Sekunde und der Tatsache, dass kriminalistisches Gesp\u00fcr, Hartn\u00e4ckigkeit, Kameradschaft und seine Kampfkunst die t\u00e4glichen Begleiter seines Kriminalistenlebens waren. Gesammelt hat er die Anekdoten an Tatorten und in den Polizeidienststellen Wiens.<br \/>\nVeith beschlie\u00dft bereits im Alter von f\u00fcnf Jahren Polizist zu werden. Seine Karriere f\u00fchrt ihn vom Polizeiwachzimmer ins Kommissariat und \u00fcber das Wiener Sicherheitsb\u00fcro ins Innenministerium. Das Ger\u00fccht, dass Veith mit dem Funkger\u00e4t zu Bett ginge, h\u00e4lt sich in Wiens Polizeikreisen bis zum heutigen Tag hartn\u00e4ckig \u2026<\/p>\n<p>&nbsp;<\/p>\n","protected":false},"excerpt":{"rendered":"<p>210 Seiten, Klappenbroschur<br \/>\n40 erl\u00e4uternde Zeitungsberichte<br \/>\nISBN 978-3-903442-37-5&hellip; <a class=\"kt-excerpt-readmore more-link\" href=\"https:\/\/www.verlagshaus-hernals.at\/shop\/produkt\/funkstelle-kripo-penzing-uebernimmt\/\" aria-label=\"Funkstelle! KRIPO Penzing \u00fcbernimmt!\">Read More<\/a><\/p>\n","protected":false},"featured_media":361,"template":"","meta":{"kt_blocks_editor_width":"","_kad_blocks_custom_css":"","_kad_blocks_head_custom_js":"","_kad_blocks_body_custom_js":"","_kad_blocks_footer_custom_js":""},"product_brand":[],"product_cat":[43,91],"product_tag":[44],"class_list":{"0":"post-362","1":"product","2":"type-product","3":"status-publish","4":"has-post-thumbnail","6":"product_cat-romane-erzaehlungen","7":"product_cat-wien","8":"product_tag-johann-veith","10":"first","11":"instock","12":"taxable","13":"shipping-taxable","14":"purchasable","15":"product-type-simple"},"taxonomy_info":{"product_cat":[{"value":43,"label":"Romane &amp; Erz\u00e4hlungen"},{"value":91,"label":"Wien"}],"product_tag":[{"value":44,"label":"Johann Veith"}]},"featured_image_src_large":["https:\/\/www.verlagshaus-hernals.at\/shop\/wp-content\/uploads\/johann_veith-funkstelle_kripo_penzing-692x1024.jpg",692,1024,true],"author_info":[],"comment_info":"","_links":{"self":[{"href":"https:\/\/www.verlagshaus-hernals.at\/shop\/wp-json\/wp\/v2\/product\/362","targetHints":{"allow":["GET"]}}],"collection":[{"href":"https:\/\/www.verlagshaus-hernals.at\/shop\/wp-json\/wp\/v2\/product"}],"about":[{"href":"https:\/\/www.verlagshaus-hernals.at\/shop\/wp-json\/wp\/v2\/types\/product"}],"wp:featuredmedia":[{"embeddable":true,"href":"https:\/\/www.verlagshaus-hernals.at\/shop\/wp-json\/wp\/v2\/media\/361"}],"wp:attachment":[{"href":"https:\/\/www.verlagshaus-hernals.at\/shop\/wp-json\/wp\/v2\/media?parent=362"}],"wp:term":[{"taxonomy":"product_brand","embeddable":true,"href":"https:\/\/www.verlagshaus-hernals.at\/shop\/wp-json\/wp\/v2\/product_brand?post=362"},{"taxonomy":"product_cat","embeddable":true,"href":"https:\/\/www.verlagshaus-hernals.at\/shop\/wp-json\/wp\/v2\/product_cat?post=362"},{"taxonomy":"product_tag","embeddable":true,"href":"https:\/\/www.verlagshaus-hernals.at\/shop\/wp-json\/wp\/v2\/product_tag?post=362"}],"curies":[{"name":"wp","href":"https:\/\/api.w.org\/{rel}","templated":true}]}}