{"id":354,"date":"2023-10-17T13:06:06","date_gmt":"2023-10-17T11:06:06","guid":{"rendered":"https:\/\/www.imerix.at\/bookshop\/produkt\/steklena-moka\/"},"modified":"2025-04-18T16:46:28","modified_gmt":"2025-04-18T14:46:28","slug":"steklena-moka","status":"publish","type":"product","link":"https:\/\/www.verlagshaus-hernals.at\/shop\/produkt\/steklena-moka\/","title":{"rendered":"Steklena moka"},"content":{"rendered":"<p>Prevod: Ivana Kampu\u0161<\/p>\n<p>Knjiga pripoveduje o nesre\u010di s smrtnim izidom, ki se je zgodila ob koncu druge svetovne vojne. In o \u010dloveku, ki je bil zanjo odgovoren. Izmi\u0161ljena zgodba, ki temelji na resni\u010dnih dogodkih, ki kot zakopan spomin \u0161e danes dolo\u010dajo \u017eivljenja ljudi. Zgodba, ki jo je bilo treba povedati, zgodba, ki je sicer brez cilja, a ima smisel. \u010clovek, ki je nevedoma storil neodpustljivo napako, se soo\u010da s svojo odgovornostjo in se \u0161e naprej bori za zmago \u010dlove\u010dnosti. Kesanje kot \u010dasten poskus, da bi najtemnej\u0161im \u010dasom izbrisali brezupnost.<br \/>\nZdi se, kot da na zara\u0161\u010denih ru\u0161evinah spet cvetijo vrtnice.<\/p>\n<p>&nbsp;<\/p>\n","protected":false},"excerpt":{"rendered":"<p>62 Seiten, Klappenbroschur<br \/>\nISBN 978-3-903442-47-4&hellip; <a class=\"kt-excerpt-readmore more-link\" href=\"https:\/\/www.verlagshaus-hernals.at\/shop\/produkt\/steklena-moka\/\" aria-label=\"Steklena moka\">Read More<\/a><\/p>\n","protected":false},"featured_media":353,"template":"","meta":{"kt_blocks_editor_width":"","_kad_blocks_custom_css":"","_kad_blocks_head_custom_js":"","_kad_blocks_body_custom_js":"","_kad_blocks_footer_custom_js":""},"product_brand":[],"product_cat":[43],"product_tag":[70],"class_list":{"0":"post-354","1":"product","2":"type-product","3":"status-publish","4":"has-post-thumbnail","6":"product_cat-romane-erzaehlungen","7":"product_tag-alfred-woschitz","9":"first","10":"instock","11":"taxable","12":"shipping-taxable","13":"purchasable","14":"product-type-simple"},"taxonomy_info":{"product_cat":[{"value":43,"label":"Romane &amp; Erz\u00e4hlungen"}],"product_tag":[{"value":70,"label":"Alfred Woschitz"}]},"featured_image_src_large":["https:\/\/www.verlagshaus-hernals.at\/shop\/wp-content\/uploads\/alfred_woschitz-steklena_moka.jpg",638,1000,false],"author_info":[],"comment_info":"","_links":{"self":[{"href":"https:\/\/www.verlagshaus-hernals.at\/shop\/wp-json\/wp\/v2\/product\/354","targetHints":{"allow":["GET"]}}],"collection":[{"href":"https:\/\/www.verlagshaus-hernals.at\/shop\/wp-json\/wp\/v2\/product"}],"about":[{"href":"https:\/\/www.verlagshaus-hernals.at\/shop\/wp-json\/wp\/v2\/types\/product"}],"wp:featuredmedia":[{"embeddable":true,"href":"https:\/\/www.verlagshaus-hernals.at\/shop\/wp-json\/wp\/v2\/media\/353"}],"wp:attachment":[{"href":"https:\/\/www.verlagshaus-hernals.at\/shop\/wp-json\/wp\/v2\/media?parent=354"}],"wp:term":[{"taxonomy":"product_brand","embeddable":true,"href":"https:\/\/www.verlagshaus-hernals.at\/shop\/wp-json\/wp\/v2\/product_brand?post=354"},{"taxonomy":"product_cat","embeddable":true,"href":"https:\/\/www.verlagshaus-hernals.at\/shop\/wp-json\/wp\/v2\/product_cat?post=354"},{"taxonomy":"product_tag","embeddable":true,"href":"https:\/\/www.verlagshaus-hernals.at\/shop\/wp-json\/wp\/v2\/product_tag?post=354"}],"curies":[{"name":"wp","href":"https:\/\/api.w.org\/{rel}","templated":true}]}}