{"id":348,"date":"2023-11-11T13:06:04","date_gmt":"2023-11-11T12:06:04","guid":{"rendered":"https:\/\/www.imerix.at\/bookshop\/produkt\/grummelbaer-grummelt\/"},"modified":"2025-11-04T05:12:24","modified_gmt":"2025-11-04T04:12:24","slug":"grummelbaer-grummelt","status":"publish","type":"product","link":"https:\/\/www.verlagshaus-hernals.at\/shop\/produkt\/grummelbaer-grummelt\/","title":{"rendered":"Grummelb\u00e4r grummelt"},"content":{"rendered":"<p>Oben auf dem Grummelfelsen wohnt er, der gro\u00dfe Grummelb\u00e4r. Alle Tiere machen einen weiten Bogen um den Felsen, will ihn Grummelb\u00e4r doch um keinen Preis mit den anderen Waldtieren teilen. Jedes Tier, das es wagt, sich dem Felsen zu n\u00e4hern, wird unfreundlich angebr\u00fcllt. So lebt Grummelb\u00e4r alleine auf dem Felsen gl\u00fccklich und zufrieden sein grummeliges B\u00e4renleben, bis er eines Tages Hilfe braucht. Das kleinste Tier des Waldes fasst sich ein Herz. Ja \u2013 die Kleinsten sind oft die Mutigsten \u2026<\/p>\n<p>Mit viel Witz und Charme werden kindliche Lebenswelten beschrieben, in denen die Solidarit\u00e4t der Gruppe und die empathische Verantwortung um das Wohl des anderen im Zentrum steht.<br \/>\nWie jedes gute Kinderbuch auch ein Buch f\u00fcr Erwachsene.<\/p>\n<p>&nbsp;<\/p>\n","protected":false},"excerpt":{"rendered":"<p>50 Seiten, illustriert, gebunden, Farbdruck<br \/>\nISBN 978-3-903442-38-2&hellip; <a class=\"kt-excerpt-readmore more-link\" href=\"https:\/\/www.verlagshaus-hernals.at\/shop\/produkt\/grummelbaer-grummelt\/\" aria-label=\"Grummelb\u00e4r grummelt\">Read More<\/a><\/p>\n","protected":false},"featured_media":347,"template":"","meta":{"kt_blocks_editor_width":"","_kad_blocks_custom_css":"","_kad_blocks_head_custom_js":"","_kad_blocks_body_custom_js":"","_kad_blocks_footer_custom_js":""},"product_brand":[],"product_cat":[65],"product_tag":[86],"class_list":{"0":"post-348","1":"product","2":"type-product","3":"status-publish","4":"has-post-thumbnail","6":"product_cat-kinderbuch","7":"product_tag-michitsch-pril","9":"first","10":"instock","11":"taxable","12":"shipping-taxable","13":"purchasable","14":"product-type-simple"},"taxonomy_info":{"product_cat":[{"value":65,"label":"Kinderbuch"}],"product_tag":[{"value":86,"label":"Michitsch . Pril"}]},"featured_image_src_large":["https:\/\/www.verlagshaus-hernals.at\/shop\/wp-content\/uploads\/michitsch_pril-grummelbaer_grummelt.jpg",769,1000,false],"author_info":[],"comment_info":"","_links":{"self":[{"href":"https:\/\/www.verlagshaus-hernals.at\/shop\/wp-json\/wp\/v2\/product\/348","targetHints":{"allow":["GET"]}}],"collection":[{"href":"https:\/\/www.verlagshaus-hernals.at\/shop\/wp-json\/wp\/v2\/product"}],"about":[{"href":"https:\/\/www.verlagshaus-hernals.at\/shop\/wp-json\/wp\/v2\/types\/product"}],"wp:featuredmedia":[{"embeddable":true,"href":"https:\/\/www.verlagshaus-hernals.at\/shop\/wp-json\/wp\/v2\/media\/347"}],"wp:attachment":[{"href":"https:\/\/www.verlagshaus-hernals.at\/shop\/wp-json\/wp\/v2\/media?parent=348"}],"wp:term":[{"taxonomy":"product_brand","embeddable":true,"href":"https:\/\/www.verlagshaus-hernals.at\/shop\/wp-json\/wp\/v2\/product_brand?post=348"},{"taxonomy":"product_cat","embeddable":true,"href":"https:\/\/www.verlagshaus-hernals.at\/shop\/wp-json\/wp\/v2\/product_cat?post=348"},{"taxonomy":"product_tag","embeddable":true,"href":"https:\/\/www.verlagshaus-hernals.at\/shop\/wp-json\/wp\/v2\/product_tag?post=348"}],"curies":[{"name":"wp","href":"https:\/\/api.w.org\/{rel}","templated":true}]}}