{"id":342,"date":"2023-12-11T13:06:03","date_gmt":"2023-12-11T12:06:03","guid":{"rendered":"https:\/\/www.imerix.at\/bookshop\/produkt\/teeschale-und-stacheldraht\/"},"modified":"2025-10-25T11:31:48","modified_gmt":"2025-10-25T09:31:48","slug":"teeschale-und-stacheldraht","status":"publish","type":"product","link":"https:\/\/www.verlagshaus-hernals.at\/shop\/produkt\/teeschale-und-stacheldraht\/","title":{"rendered":"Teeschale und Stacheldraht"},"content":{"rendered":"<p>Dreizehn Erz\u00e4hlungen schwirren durch ein Universum, das Silvano Kobald aus dem schwindenden Lebensgef\u00fchl einer schizoiden Generation auferstehen l\u00e4sst.<br \/>\nDie Welt brennt, w\u00e4hrend Herzen frieren. Jede Erz\u00e4hlung umfasst einen Mikrokosmos. Dicht. Intensiv. Gedr\u00e4ngt.<br \/>\nKomplexe Wortbilder und exzessive Sprachkl\u00e4nge trommeln als wuchtige Beats an die Gehirnrinde. Ein pulsierender Raum, der sich mit jeder Silbe ausdehnt.<br \/>\nDie Erz\u00e4hlungen sind Fragmente einer Welt, die wohl k\u00fcrzlich zu Bruch ging, ohne dass es jemandem auffiel. Irgendwann fiel die Essenz des Menschseins vom Tisch und brach \u2013 wie eine Teeschale \u2013 am Boden einer digitalen Realit\u00e4t in St\u00fccke.<br \/>\nRoboterhafte Gebilde hoben sie mit zitternden Fingern auf und versuchen nun manisch, sie mit Stacheldraht wieder zusammenzun\u00e4hen \u2013 eine Art posthumanistisches Kintsugi.<\/p>\n<p>&nbsp;<\/p>\n","protected":false},"excerpt":{"rendered":"<p>202 Seiten, Klappenbroschur<br \/>\nISBN 978-3-903442-52-8&hellip; <a class=\"kt-excerpt-readmore more-link\" href=\"https:\/\/www.verlagshaus-hernals.at\/shop\/produkt\/teeschale-und-stacheldraht\/\" aria-label=\"Teeschale und Stacheldraht\">Read More<\/a><\/p>\n","protected":false},"featured_media":341,"template":"","meta":{"kt_blocks_editor_width":"","_kad_blocks_custom_css":"","_kad_blocks_head_custom_js":"","_kad_blocks_body_custom_js":"","_kad_blocks_footer_custom_js":""},"product_brand":[],"product_cat":[43],"product_tag":[84],"class_list":{"0":"post-342","1":"product","2":"type-product","3":"status-publish","4":"has-post-thumbnail","6":"product_cat-romane-erzaehlungen","7":"product_tag-silvano-kobald","9":"first","10":"instock","11":"taxable","12":"shipping-taxable","13":"purchasable","14":"product-type-simple"},"taxonomy_info":{"product_cat":[{"value":43,"label":"Romane &amp; Erz\u00e4hlungen"}],"product_tag":[{"value":84,"label":"Silvano Kobald"}]},"featured_image_src_large":["https:\/\/www.verlagshaus-hernals.at\/shop\/wp-content\/uploads\/silvano_kobald-teeschale_und_stacheldraht.jpg",514,800,false],"author_info":[],"comment_info":"","_links":{"self":[{"href":"https:\/\/www.verlagshaus-hernals.at\/shop\/wp-json\/wp\/v2\/product\/342","targetHints":{"allow":["GET"]}}],"collection":[{"href":"https:\/\/www.verlagshaus-hernals.at\/shop\/wp-json\/wp\/v2\/product"}],"about":[{"href":"https:\/\/www.verlagshaus-hernals.at\/shop\/wp-json\/wp\/v2\/types\/product"}],"wp:featuredmedia":[{"embeddable":true,"href":"https:\/\/www.verlagshaus-hernals.at\/shop\/wp-json\/wp\/v2\/media\/341"}],"wp:attachment":[{"href":"https:\/\/www.verlagshaus-hernals.at\/shop\/wp-json\/wp\/v2\/media?parent=342"}],"wp:term":[{"taxonomy":"product_brand","embeddable":true,"href":"https:\/\/www.verlagshaus-hernals.at\/shop\/wp-json\/wp\/v2\/product_brand?post=342"},{"taxonomy":"product_cat","embeddable":true,"href":"https:\/\/www.verlagshaus-hernals.at\/shop\/wp-json\/wp\/v2\/product_cat?post=342"},{"taxonomy":"product_tag","embeddable":true,"href":"https:\/\/www.verlagshaus-hernals.at\/shop\/wp-json\/wp\/v2\/product_tag?post=342"}],"curies":[{"name":"wp","href":"https:\/\/api.w.org\/{rel}","templated":true}]}}