{"id":336,"date":"2024-03-16T13:06:03","date_gmt":"2024-03-16T12:06:03","guid":{"rendered":"https:\/\/www.imerix.at\/bookshop\/produkt\/lenkererhebung-bei-zoran-jovanovic\/"},"modified":"2025-10-02T07:28:00","modified_gmt":"2025-10-02T05:28:00","slug":"lenkererhebung-bei-zoran-jovanovic","status":"publish","type":"product","link":"https:\/\/www.verlagshaus-hernals.at\/shop\/produkt\/lenkererhebung-bei-zoran-jovanovic\/","title":{"rendered":"Lenkererhebung bei Zoran Jovanovic"},"content":{"rendered":"<p>Fritz Preininger nimmt seine Leserinnen und Leser mit auf einen Spaziergang durch Wien. Er blickt hinter die Z\u00e4une der Kleing\u00e4rten, beobachtet einen Kriminalpolizisten bei einer Lenkererhebung, wandert durch Hernals, f\u00e4hrt Taxi und w\u00fcnscht in Strebersdorf Konnichiwa anstelle von Guten Tag.<br \/>\nBegleiten Sie ihn auf diesem humorvollen wienerischen Streifzug!<\/p>\n","protected":false},"excerpt":{"rendered":"<p>144 Seiten, broschiert<br \/>\nISBN 978-3-903442-55-9&hellip; <a class=\"kt-excerpt-readmore more-link\" href=\"https:\/\/www.verlagshaus-hernals.at\/shop\/produkt\/lenkererhebung-bei-zoran-jovanovic\/\" aria-label=\"Lenkererhebung bei Zoran Jovanovic\">Read More<\/a><\/p>\n","protected":false},"featured_media":335,"template":"","meta":{"kt_blocks_editor_width":"","_kad_blocks_custom_css":"","_kad_blocks_head_custom_js":"","_kad_blocks_body_custom_js":"","_kad_blocks_footer_custom_js":""},"product_brand":[],"product_cat":[43],"product_tag":[81],"class_list":{"0":"post-336","1":"product","2":"type-product","3":"status-publish","4":"has-post-thumbnail","6":"product_cat-romane-erzaehlungen","7":"product_tag-fritz-preininger","9":"first","10":"instock","11":"taxable","12":"shipping-taxable","13":"purchasable","14":"product-type-simple"},"taxonomy_info":{"product_cat":[{"value":43,"label":"Romane &amp; Erz\u00e4hlungen"}],"product_tag":[{"value":81,"label":"Fritz Preininger"}]},"featured_image_src_large":["https:\/\/www.verlagshaus-hernals.at\/shop\/wp-content\/uploads\/fritz_preininger-lenkererhebung_bei_zoran_jovanovic.jpg",730,1000,false],"author_info":[],"comment_info":"","_links":{"self":[{"href":"https:\/\/www.verlagshaus-hernals.at\/shop\/wp-json\/wp\/v2\/product\/336","targetHints":{"allow":["GET"]}}],"collection":[{"href":"https:\/\/www.verlagshaus-hernals.at\/shop\/wp-json\/wp\/v2\/product"}],"about":[{"href":"https:\/\/www.verlagshaus-hernals.at\/shop\/wp-json\/wp\/v2\/types\/product"}],"wp:featuredmedia":[{"embeddable":true,"href":"https:\/\/www.verlagshaus-hernals.at\/shop\/wp-json\/wp\/v2\/media\/335"}],"wp:attachment":[{"href":"https:\/\/www.verlagshaus-hernals.at\/shop\/wp-json\/wp\/v2\/media?parent=336"}],"wp:term":[{"taxonomy":"product_brand","embeddable":true,"href":"https:\/\/www.verlagshaus-hernals.at\/shop\/wp-json\/wp\/v2\/product_brand?post=336"},{"taxonomy":"product_cat","embeddable":true,"href":"https:\/\/www.verlagshaus-hernals.at\/shop\/wp-json\/wp\/v2\/product_cat?post=336"},{"taxonomy":"product_tag","embeddable":true,"href":"https:\/\/www.verlagshaus-hernals.at\/shop\/wp-json\/wp\/v2\/product_tag?post=336"}],"curies":[{"name":"wp","href":"https:\/\/api.w.org\/{rel}","templated":true}]}}