{"id":326,"date":"2024-06-27T13:06:00","date_gmt":"2024-06-27T11:06:00","guid":{"rendered":"https:\/\/www.imerix.at\/bookshop\/produkt\/notausgaenge\/"},"modified":"2025-04-18T17:02:37","modified_gmt":"2025-04-18T15:02:37","slug":"notausgaenge","status":"publish","type":"product","link":"https:\/\/www.verlagshaus-hernals.at\/shop\/produkt\/notausgaenge\/","title":{"rendered":"Notausg\u00e4nge"},"content":{"rendered":"<p>In \u201eNotausg\u00e4nge\u201c vereinen sich Kurzgeschichten, Gedichte und Zeichnungen des Autors zu einem beeindruckenden Gesamtwerk. Harald W. Vetter beherrscht die gro\u00dfe Kunst der Vielf\u00e4ltigkeit. Schreibend, zeichnend und malend bringt er seine Gedanken zu Papier.<br \/>\nGetragen und getrieben wird er dabei auch von der Sorge um das gro\u00dfe Ganze: um eine Gesellschaft, die sich im Umbruch befindet, sich irrt und verirrt, geblendet ist von Technologiegl\u00e4ubigkeit und dar\u00fcber sich selbst zu vergessen scheint \u2026<\/p>\n","protected":false},"excerpt":{"rendered":"<p>216 Seiten, Klappenbroschur<br \/>\nISBN 978-3-903442-45-0&hellip; <a class=\"kt-excerpt-readmore more-link\" href=\"https:\/\/www.verlagshaus-hernals.at\/shop\/produkt\/notausgaenge\/\" aria-label=\"Notausg\u00e4nge\">Read More<\/a><\/p>\n","protected":false},"featured_media":325,"template":"","meta":{"kt_blocks_editor_width":"","_kad_blocks_custom_css":"","_kad_blocks_head_custom_js":"","_kad_blocks_body_custom_js":"","_kad_blocks_footer_custom_js":""},"product_brand":[],"product_cat":[43],"product_tag":[45],"class_list":{"0":"post-326","1":"product","2":"type-product","3":"status-publish","4":"has-post-thumbnail","6":"product_cat-romane-erzaehlungen","7":"product_tag-harald-w-vetter","9":"first","10":"instock","11":"taxable","12":"shipping-taxable","13":"purchasable","14":"product-type-simple"},"taxonomy_info":{"product_cat":[{"value":43,"label":"Romane &amp; Erz\u00e4hlungen"}],"product_tag":[{"value":45,"label":"Harald W. Vetter"}]},"featured_image_src_large":["https:\/\/www.verlagshaus-hernals.at\/shop\/wp-content\/uploads\/harald_vetter-notausgaenge-1-682x1024.jpg",682,1024,true],"author_info":[],"comment_info":"","_links":{"self":[{"href":"https:\/\/www.verlagshaus-hernals.at\/shop\/wp-json\/wp\/v2\/product\/326","targetHints":{"allow":["GET"]}}],"collection":[{"href":"https:\/\/www.verlagshaus-hernals.at\/shop\/wp-json\/wp\/v2\/product"}],"about":[{"href":"https:\/\/www.verlagshaus-hernals.at\/shop\/wp-json\/wp\/v2\/types\/product"}],"wp:featuredmedia":[{"embeddable":true,"href":"https:\/\/www.verlagshaus-hernals.at\/shop\/wp-json\/wp\/v2\/media\/325"}],"wp:attachment":[{"href":"https:\/\/www.verlagshaus-hernals.at\/shop\/wp-json\/wp\/v2\/media?parent=326"}],"wp:term":[{"taxonomy":"product_brand","embeddable":true,"href":"https:\/\/www.verlagshaus-hernals.at\/shop\/wp-json\/wp\/v2\/product_brand?post=326"},{"taxonomy":"product_cat","embeddable":true,"href":"https:\/\/www.verlagshaus-hernals.at\/shop\/wp-json\/wp\/v2\/product_cat?post=326"},{"taxonomy":"product_tag","embeddable":true,"href":"https:\/\/www.verlagshaus-hernals.at\/shop\/wp-json\/wp\/v2\/product_tag?post=326"}],"curies":[{"name":"wp","href":"https:\/\/api.w.org\/{rel}","templated":true}]}}