{"id":318,"date":"2025-03-03T13:05:56","date_gmt":"2025-03-03T12:05:56","guid":{"rendered":"https:\/\/www.imerix.at\/bookshop\/produkt\/jehovas-zeugen-in-oesterreich\/"},"modified":"2026-04-03T10:50:35","modified_gmt":"2026-04-03T08:50:35","slug":"jehovas-zeugen-in-oesterreich","status":"publish","type":"product","link":"https:\/\/www.verlagshaus-hernals.at\/shop\/produkt\/jehovas-zeugen-in-oesterreich\/","title":{"rendered":"Jehovas Zeugen in \u00d6sterreich"},"content":{"rendered":"<p><em>mit Beitr\u00e4gen von Harald Walser und Esther Martinet, Nikodemus L\u00f6ffelmann und Martin Achrainer<\/em><\/p>\n<p>Die Autorin erz\u00e4hlt die bewegenden Lebensgeschichten von Kindern, Frauen und M\u00e4nnern, die trotz unvorstellbarer Verfolgung ihren humanistischen Werten treu blieben. M\u00e4nner wurden in Vernichtungslager deportiert oder hingerichtet, weil sie sich weigerten, f\u00fcr das Regime zu k\u00e4mpfen. Kinder, die den Hitlergru\u00df verweigerten, kamen in Umerziehungsheime, wo sie Dem\u00fctigungen und Gewalt erlitten. Frauen wurden in Gef\u00e4ngnissen und Konzentrationslagern interniert, weil sie die Mitarbeit in der R\u00fcstungsindustrie ablehnten.<br \/>\nDas Buch gibt nicht nur einen tiefen Einblick in die grausamen Mechanismen der Unterdr\u00fcckung, sondern zeigt auch die erstaunliche Resilienz und Zivilcourage der Verfolgten.<\/p>\n<p>Durch Erinnerungsberichte, Abschiedsbriefe, Gedichte und Fotos wird die Geschichte lebendig und eindringlich. Doch es geht nicht nur um die Vergangenheit: Aus den Erlebnissen dieser Menschen lassen sich auch heute noch wichtige Lehren ziehen.<\/p>\n<p>Ein Mahnmal gegen das Vergessen und eine Einladung, sich f\u00fcr Menschlichkeit und Gerechtigkeit einzusetzen \u2013 damals wie heute.<\/p>\n","protected":false},"excerpt":{"rendered":"<p>596 Seiten, broschiert<br \/>\nISBN 978-3-903442-63-4&hellip; <a class=\"kt-excerpt-readmore more-link\" href=\"https:\/\/www.verlagshaus-hernals.at\/shop\/produkt\/jehovas-zeugen-in-oesterreich\/\" aria-label=\"Jehovas Zeugen in \u00d6sterreich\">Read More<\/a><\/p>\n","protected":false},"featured_media":317,"template":"","meta":{"kt_blocks_editor_width":"","_kad_blocks_custom_css":"","_kad_blocks_head_custom_js":"","_kad_blocks_body_custom_js":"","_kad_blocks_footer_custom_js":""},"product_brand":[],"product_cat":[49],"product_tag":[76],"class_list":{"0":"post-318","1":"product","2":"type-product","3":"status-publish","4":"has-post-thumbnail","6":"product_cat-wissenschaft","7":"product_tag-gerti-malle","9":"first","10":"instock","11":"taxable","12":"shipping-taxable","13":"purchasable","14":"product-type-simple"},"taxonomy_info":{"product_cat":[{"value":49,"label":"Wissenschaft"}],"product_tag":[{"value":76,"label":"Gerti Malle"}]},"featured_image_src_large":["https:\/\/www.verlagshaus-hernals.at\/shop\/wp-content\/uploads\/gerti_malle-jehovas_zeugen_in_oesterreich-729x1024.jpg",729,1024,true],"author_info":[],"comment_info":"","_links":{"self":[{"href":"https:\/\/www.verlagshaus-hernals.at\/shop\/wp-json\/wp\/v2\/product\/318","targetHints":{"allow":["GET"]}}],"collection":[{"href":"https:\/\/www.verlagshaus-hernals.at\/shop\/wp-json\/wp\/v2\/product"}],"about":[{"href":"https:\/\/www.verlagshaus-hernals.at\/shop\/wp-json\/wp\/v2\/types\/product"}],"wp:featuredmedia":[{"embeddable":true,"href":"https:\/\/www.verlagshaus-hernals.at\/shop\/wp-json\/wp\/v2\/media\/317"}],"wp:attachment":[{"href":"https:\/\/www.verlagshaus-hernals.at\/shop\/wp-json\/wp\/v2\/media?parent=318"}],"wp:term":[{"taxonomy":"product_brand","embeddable":true,"href":"https:\/\/www.verlagshaus-hernals.at\/shop\/wp-json\/wp\/v2\/product_brand?post=318"},{"taxonomy":"product_cat","embeddable":true,"href":"https:\/\/www.verlagshaus-hernals.at\/shop\/wp-json\/wp\/v2\/product_cat?post=318"},{"taxonomy":"product_tag","embeddable":true,"href":"https:\/\/www.verlagshaus-hernals.at\/shop\/wp-json\/wp\/v2\/product_tag?post=318"}],"curies":[{"name":"wp","href":"https:\/\/api.w.org\/{rel}","templated":true}]}}