{"id":31,"date":"2009-07-28T13:05:05","date_gmt":"2009-07-28T11:05:05","guid":{"rendered":"https:\/\/www.imerix.at\/bookshop\/produkt\/der-totenacker\/"},"modified":"2025-04-18T18:36:11","modified_gmt":"2025-04-18T16:36:11","slug":"der-totenacker","status":"publish","type":"product","link":"https:\/\/www.verlagshaus-hernals.at\/shop\/produkt\/der-totenacker\/","title":{"rendered":"Der Totenacker"},"content":{"rendered":"<p>Oktober 1970<\/p>\n<p>Herbert Wolf ist Voyeur aus Leidenschaft. Bis die kaum mehr identifizierbaren \u00dcberreste seines K\u00f6rpers n\u00e4chtens auf einer einsamen Landstra\u00dfe gefunden werden. Ein bedauerlicher Verkehrsunfall oder ein kaltbl\u00fctig ausgef\u00fchrter Mord?<br \/>\nDer m\u00fcrrische Bezirksinspektor Kauffmann hat schnell einen todsicheren Verdacht. Als auch noch zwei Einheimische auf mysteri\u00f6se Weise verschwinden, f\u00fchrt die einzige Spur auf einen verlassenen Friedhof.<\/p>\n","protected":false},"excerpt":{"rendered":"<p>332 Seiten, gebunden<br \/>\nISBN 978-3-9502577-3-1&hellip; <a class=\"kt-excerpt-readmore more-link\" href=\"https:\/\/www.verlagshaus-hernals.at\/shop\/produkt\/der-totenacker\/\" aria-label=\"Der Totenacker\">Read More<\/a><\/p>\n","protected":false},"featured_media":30,"template":"","meta":{"kt_blocks_editor_width":"","_kad_blocks_custom_css":"","_kad_blocks_head_custom_js":"","_kad_blocks_body_custom_js":"","_kad_blocks_footer_custom_js":""},"product_brand":[],"product_cat":[33],"product_tag":[34],"class_list":{"0":"post-31","1":"product","2":"type-product","3":"status-publish","4":"has-post-thumbnail","6":"product_cat-krimis-thriller","7":"product_tag-ronnie-bresich","9":"first","10":"instock","11":"taxable","12":"shipping-taxable","13":"purchasable","14":"product-type-simple"},"taxonomy_info":{"product_cat":[{"value":33,"label":"Krimis &amp; Thriller"}],"product_tag":[{"value":34,"label":"Ronnie Bresich"}]},"featured_image_src_large":["https:\/\/www.verlagshaus-hernals.at\/shop\/wp-content\/uploads\/ronnie_bresich-der_totenacker.jpg",338,536,false],"author_info":[],"comment_info":"","_links":{"self":[{"href":"https:\/\/www.verlagshaus-hernals.at\/shop\/wp-json\/wp\/v2\/product\/31","targetHints":{"allow":["GET"]}}],"collection":[{"href":"https:\/\/www.verlagshaus-hernals.at\/shop\/wp-json\/wp\/v2\/product"}],"about":[{"href":"https:\/\/www.verlagshaus-hernals.at\/shop\/wp-json\/wp\/v2\/types\/product"}],"wp:featuredmedia":[{"embeddable":true,"href":"https:\/\/www.verlagshaus-hernals.at\/shop\/wp-json\/wp\/v2\/media\/30"}],"wp:attachment":[{"href":"https:\/\/www.verlagshaus-hernals.at\/shop\/wp-json\/wp\/v2\/media?parent=31"}],"wp:term":[{"taxonomy":"product_brand","embeddable":true,"href":"https:\/\/www.verlagshaus-hernals.at\/shop\/wp-json\/wp\/v2\/product_brand?post=31"},{"taxonomy":"product_cat","embeddable":true,"href":"https:\/\/www.verlagshaus-hernals.at\/shop\/wp-json\/wp\/v2\/product_cat?post=31"},{"taxonomy":"product_tag","embeddable":true,"href":"https:\/\/www.verlagshaus-hernals.at\/shop\/wp-json\/wp\/v2\/product_tag?post=31"}],"curies":[{"name":"wp","href":"https:\/\/api.w.org\/{rel}","templated":true}]}}