{"id":302,"date":"2012-04-18T13:05:52","date_gmt":"2012-04-18T11:05:52","guid":{"rendered":"https:\/\/www.imerix.at\/bookshop\/produkt\/datenschutz-und-gluecksspiel\/"},"modified":"2025-04-18T19:38:34","modified_gmt":"2025-04-18T17:38:34","slug":"datenschutz-und-gluecksspiel","status":"publish","type":"product","link":"https:\/\/www.verlagshaus-hernals.at\/shop\/produkt\/datenschutz-und-gluecksspiel\/","title":{"rendered":"Datenschutz und Gl\u00fccksspiel"},"content":{"rendered":"<p>Die ordnungspolitischen Regelungen im GSpG zur Hintanhaltung der Spielsuchtausbreitung sehen eine weitgehende \u00dcberwachung des Spielers vor. Diese \u00dcberwachungsma\u00dfnahmen sollen pathogene Spieler vom weiteren Spiel abhalten und der Ausbreitung der Spielsucht Einhalt gebieten.<br \/>\nDabei stehen diese Bestimmungen im immanenten Konflikt mit den datenschutzrechtlichen Vorgaben im DSG 2000 und in der Datenschutz-Richtlinie 95\/46\/EG.<\/p>\n<p>Mag. Dr. Ronald Bresich, LL.M. betritt mit diesem Buch Neuland. Er untersucht die in Geltung stehenden gesetzlichen Regelungen des Spielerschutzes auf ihre Vereinbarkeit mit den datenschutzrechtlichen Vorgaben.<\/p>\n","protected":false},"excerpt":{"rendered":"<p>broschiert<br \/>\nISBN 978-3-902744-36-4&hellip; <a class=\"kt-excerpt-readmore more-link\" href=\"https:\/\/www.verlagshaus-hernals.at\/shop\/produkt\/datenschutz-und-gluecksspiel\/\" aria-label=\"Datenschutz und Gl\u00fccksspiel\">Read More<\/a><\/p>\n","protected":false},"featured_media":301,"template":"","meta":{"kt_blocks_editor_width":"","_kad_blocks_custom_css":"","_kad_blocks_head_custom_js":"","_kad_blocks_body_custom_js":"","_kad_blocks_footer_custom_js":""},"product_brand":[],"product_cat":[49],"product_tag":[],"class_list":{"0":"post-302","1":"product","2":"type-product","3":"status-publish","4":"has-post-thumbnail","6":"product_cat-wissenschaft","8":"first","9":"instock","10":"taxable","11":"shipping-taxable","12":"purchasable","13":"product-type-simple"},"taxonomy_info":{"product_cat":[{"value":49,"label":"Wissenschaft"}]},"featured_image_src_large":["https:\/\/www.verlagshaus-hernals.at\/shop\/wp-content\/uploads\/bresich-datenschutz_und_gluecksspiel.png",476,659,false],"author_info":[],"comment_info":"","_links":{"self":[{"href":"https:\/\/www.verlagshaus-hernals.at\/shop\/wp-json\/wp\/v2\/product\/302","targetHints":{"allow":["GET"]}}],"collection":[{"href":"https:\/\/www.verlagshaus-hernals.at\/shop\/wp-json\/wp\/v2\/product"}],"about":[{"href":"https:\/\/www.verlagshaus-hernals.at\/shop\/wp-json\/wp\/v2\/types\/product"}],"wp:featuredmedia":[{"embeddable":true,"href":"https:\/\/www.verlagshaus-hernals.at\/shop\/wp-json\/wp\/v2\/media\/301"}],"wp:attachment":[{"href":"https:\/\/www.verlagshaus-hernals.at\/shop\/wp-json\/wp\/v2\/media?parent=302"}],"wp:term":[{"taxonomy":"product_brand","embeddable":true,"href":"https:\/\/www.verlagshaus-hernals.at\/shop\/wp-json\/wp\/v2\/product_brand?post=302"},{"taxonomy":"product_cat","embeddable":true,"href":"https:\/\/www.verlagshaus-hernals.at\/shop\/wp-json\/wp\/v2\/product_cat?post=302"},{"taxonomy":"product_tag","embeddable":true,"href":"https:\/\/www.verlagshaus-hernals.at\/shop\/wp-json\/wp\/v2\/product_tag?post=302"}],"curies":[{"name":"wp","href":"https:\/\/api.w.org\/{rel}","templated":true}]}}