{"id":300,"date":"2011-09-21T13:05:52","date_gmt":"2011-09-21T11:05:52","guid":{"rendered":"https:\/\/www.imerix.at\/bookshop\/produkt\/vernuenftige-wege-zum-glueck\/"},"modified":"2025-04-18T19:37:44","modified_gmt":"2025-04-18T17:37:44","slug":"vernuenftige-wege-zum-glueck","status":"publish","type":"product","link":"https:\/\/www.verlagshaus-hernals.at\/shop\/produkt\/vernuenftige-wege-zum-glueck\/","title":{"rendered":"Vern\u00fcnftige Wege zum Gl\u00fcck"},"content":{"rendered":"<p>Das Buch ist eine Anleitung f\u00fcr die philosophische und kognitive Lebensberatung sowie f\u00fcr rationales life coaching.<br \/>\nDie Philosophie bietet viele Modelle des Denkens und des Gespr\u00e4chs, die zu rationalen L\u00f6sungen anregen.<br \/>\nViele Probleme lassen sich nicht durch psychologische Lebensberatung und Therapie l\u00f6sen, hier kann ein kognitiver Ansatz erg\u00e4nzend angewendet werden.<\/p>\n<p>Anton Grabner-Haider ist Professor f\u00fcr Religionsphilosophie an der Universit\u00e4t Graz.<br \/>\nLisz Hirn ist im interkulturellen Dialog engagierte Philosophin und K\u00fcnstlerin.<\/p>\n","protected":false},"excerpt":{"rendered":"<p>102 Seiten, broschiert<br \/>\nISBN 978-3-902744-23-4&hellip; <a class=\"kt-excerpt-readmore more-link\" href=\"https:\/\/www.verlagshaus-hernals.at\/shop\/produkt\/vernuenftige-wege-zum-glueck\/\" aria-label=\"Vern\u00fcnftige Wege zum Gl\u00fcck\">Read More<\/a><\/p>\n","protected":false},"featured_media":299,"template":"","meta":{"kt_blocks_editor_width":"","_kad_blocks_custom_css":"","_kad_blocks_head_custom_js":"","_kad_blocks_body_custom_js":"","_kad_blocks_footer_custom_js":""},"product_brand":[],"product_cat":[49],"product_tag":[73,71],"class_list":{"0":"post-300","1":"product","2":"type-product","3":"status-publish","4":"has-post-thumbnail","6":"product_cat-wissenschaft","7":"product_tag-grabner-haider","8":"product_tag-lisz-hirn","10":"first","11":"instock","12":"taxable","13":"shipping-taxable","14":"purchasable","15":"product-type-simple"},"taxonomy_info":{"product_cat":[{"value":49,"label":"Wissenschaft"}],"product_tag":[{"value":73,"label":"Grabner-Haider"},{"value":71,"label":"Lisz Hirn"}]},"featured_image_src_large":["https:\/\/www.verlagshaus-hernals.at\/shop\/wp-content\/uploads\/wege_zum_glueck.jpg",408,594,false],"author_info":[],"comment_info":"","_links":{"self":[{"href":"https:\/\/www.verlagshaus-hernals.at\/shop\/wp-json\/wp\/v2\/product\/300","targetHints":{"allow":["GET"]}}],"collection":[{"href":"https:\/\/www.verlagshaus-hernals.at\/shop\/wp-json\/wp\/v2\/product"}],"about":[{"href":"https:\/\/www.verlagshaus-hernals.at\/shop\/wp-json\/wp\/v2\/types\/product"}],"wp:featuredmedia":[{"embeddable":true,"href":"https:\/\/www.verlagshaus-hernals.at\/shop\/wp-json\/wp\/v2\/media\/299"}],"wp:attachment":[{"href":"https:\/\/www.verlagshaus-hernals.at\/shop\/wp-json\/wp\/v2\/media?parent=300"}],"wp:term":[{"taxonomy":"product_brand","embeddable":true,"href":"https:\/\/www.verlagshaus-hernals.at\/shop\/wp-json\/wp\/v2\/product_brand?post=300"},{"taxonomy":"product_cat","embeddable":true,"href":"https:\/\/www.verlagshaus-hernals.at\/shop\/wp-json\/wp\/v2\/product_cat?post=300"},{"taxonomy":"product_tag","embeddable":true,"href":"https:\/\/www.verlagshaus-hernals.at\/shop\/wp-json\/wp\/v2\/product_tag?post=300"}],"curies":[{"name":"wp","href":"https:\/\/api.w.org\/{rel}","templated":true}]}}