{"id":298,"date":"2011-02-27T13:05:52","date_gmt":"2011-02-27T12:05:52","guid":{"rendered":"https:\/\/www.imerix.at\/bookshop\/produkt\/gluecksspielrecht\/"},"modified":"2025-04-18T17:09:25","modified_gmt":"2025-04-18T15:09:25","slug":"gluecksspielrecht","status":"publish","type":"product","link":"https:\/\/www.verlagshaus-hernals.at\/shop\/produkt\/gluecksspielrecht\/","title":{"rendered":"Gl\u00fccksspielrecht"},"content":{"rendered":"<p>Das Buch gew\u00e4hrt einen umfassenden und gut strukturierten Einblick in das \u00f6sterreichische und europ\u00e4ische Gl\u00fccksspielrecht:<\/p>\n<p>\u2022 Ber\u00fccksichtigung der neusten \u00f6sterreichischen Gl\u00fccksspielgesetznovellen<\/p>\n<p>\u2022 Anwendung und Implikationen des europ\u00e4ischen Wettbewerbsrechts f\u00fcr das Gl\u00fccksspiel<\/p>\n<p>\u2022 Verfassungsrechtliche Grundlagen und Implikationen der Grundrechte auf das Gl\u00fccksspielrecht<\/p>\n<p>\u2022 Der Einfluss des Vertrages \u00fcber die Europ\u00e4ischen Gemeinschaften auf das \u00f6sterreichische Gl\u00fccksspielrecht<\/p>\n","protected":false},"excerpt":{"rendered":"<p>224 Seiten, gebunden<br \/>\nISBN 978-3-902744-13-7&hellip; <a class=\"kt-excerpt-readmore more-link\" href=\"https:\/\/www.verlagshaus-hernals.at\/shop\/produkt\/gluecksspielrecht\/\" aria-label=\"Gl\u00fccksspielrecht\">Read More<\/a><\/p>\n","protected":false},"featured_media":297,"template":"","meta":{"kt_blocks_editor_width":"","_kad_blocks_custom_css":"","_kad_blocks_head_custom_js":"","_kad_blocks_body_custom_js":"","_kad_blocks_footer_custom_js":""},"product_brand":[],"product_cat":[49],"product_tag":[],"class_list":{"0":"post-298","1":"product","2":"type-product","3":"status-publish","4":"has-post-thumbnail","6":"product_cat-wissenschaft","8":"first","9":"instock","10":"taxable","11":"shipping-taxable","12":"purchasable","13":"product-type-simple"},"taxonomy_info":{"product_cat":[{"value":49,"label":"Wissenschaft"}]},"featured_image_src_large":["https:\/\/www.verlagshaus-hernals.at\/shop\/wp-content\/uploads\/monika_oehlsasser-gluecksspielrecht.jpg",435,606,false],"author_info":[],"comment_info":"","_links":{"self":[{"href":"https:\/\/www.verlagshaus-hernals.at\/shop\/wp-json\/wp\/v2\/product\/298","targetHints":{"allow":["GET"]}}],"collection":[{"href":"https:\/\/www.verlagshaus-hernals.at\/shop\/wp-json\/wp\/v2\/product"}],"about":[{"href":"https:\/\/www.verlagshaus-hernals.at\/shop\/wp-json\/wp\/v2\/types\/product"}],"wp:featuredmedia":[{"embeddable":true,"href":"https:\/\/www.verlagshaus-hernals.at\/shop\/wp-json\/wp\/v2\/media\/297"}],"wp:attachment":[{"href":"https:\/\/www.verlagshaus-hernals.at\/shop\/wp-json\/wp\/v2\/media?parent=298"}],"wp:term":[{"taxonomy":"product_brand","embeddable":true,"href":"https:\/\/www.verlagshaus-hernals.at\/shop\/wp-json\/wp\/v2\/product_brand?post=298"},{"taxonomy":"product_cat","embeddable":true,"href":"https:\/\/www.verlagshaus-hernals.at\/shop\/wp-json\/wp\/v2\/product_cat?post=298"},{"taxonomy":"product_tag","embeddable":true,"href":"https:\/\/www.verlagshaus-hernals.at\/shop\/wp-json\/wp\/v2\/product_tag?post=298"}],"curies":[{"name":"wp","href":"https:\/\/api.w.org\/{rel}","templated":true}]}}