{"id":292,"date":"2009-10-31T13:05:51","date_gmt":"2009-10-31T12:05:51","guid":{"rendered":"https:\/\/www.imerix.at\/bookshop\/produkt\/friedrich-nietzsche\/"},"modified":"2025-04-18T19:34:52","modified_gmt":"2025-04-18T17:34:52","slug":"friedrich-nietzsche","status":"publish","type":"product","link":"https:\/\/www.verlagshaus-hernals.at\/shop\/produkt\/friedrich-nietzsche\/","title":{"rendered":"Friedrich Nietzsche"},"content":{"rendered":"<p>Dem Titel folgt sogleich die Frage nach dem Verh\u00e4ltnis von Hedonismus und Pessimismus nach, und in welchem Ausma\u00df es die menschliche Existenz bestimmt.<br \/>\nKann man gleichzeitig &#8222;Lust haben&#8220; und &#8222;pessimistisch sein&#8220;?<br \/>\nKommt dem &#8222;Streben nach Gl\u00fcck&#8220; in Nietzsches Philosophie Bedeutung zu?<br \/>\nInwiefern ist unsere Epoche tragisch oder anti-tragisch?<br \/>\nWelche Bedeutung hat das tragische Gedankengut f\u00fcr den (post-) modernen Menschen?<br \/>\nDie Reflexion \u00fcber die Urspr\u00fcnge von Nietzsches philosophisch-anthropologischen Konzeptionen und die Erl\u00e4uterung des nietzscheanischen Verst\u00e4ndnisses von &#8222;Mensch&#8220; und &#8222;Mensch-Sein&#8220; anhand seiner fr\u00fchen Schriften sind Inhalt und Ziel des Buches.<\/p>\n","protected":false},"excerpt":{"rendered":"<p>144 Seiten, gebunden<br \/>\nISBN 978-3-9502577-9-3&hellip; <a class=\"kt-excerpt-readmore more-link\" href=\"https:\/\/www.verlagshaus-hernals.at\/shop\/produkt\/friedrich-nietzsche\/\" aria-label=\"Friedrich Nietzsche\">Read More<\/a><\/p>\n","protected":false},"featured_media":291,"template":"","meta":{"kt_blocks_editor_width":"","_kad_blocks_custom_css":"","_kad_blocks_head_custom_js":"","_kad_blocks_body_custom_js":"","_kad_blocks_footer_custom_js":""},"product_brand":[],"product_cat":[49],"product_tag":[71],"class_list":{"0":"post-292","1":"product","2":"type-product","3":"status-publish","4":"has-post-thumbnail","6":"product_cat-wissenschaft","7":"product_tag-lisz-hirn","9":"first","10":"instock","11":"taxable","12":"shipping-taxable","13":"purchasable","14":"product-type-simple"},"taxonomy_info":{"product_cat":[{"value":49,"label":"Wissenschaft"}],"product_tag":[{"value":71,"label":"Lisz Hirn"}]},"featured_image_src_large":["https:\/\/www.verlagshaus-hernals.at\/shop\/wp-content\/uploads\/lisz-hirn_friedrich-nietzsche.jpg",350,492,false],"author_info":[],"comment_info":"","_links":{"self":[{"href":"https:\/\/www.verlagshaus-hernals.at\/shop\/wp-json\/wp\/v2\/product\/292","targetHints":{"allow":["GET"]}}],"collection":[{"href":"https:\/\/www.verlagshaus-hernals.at\/shop\/wp-json\/wp\/v2\/product"}],"about":[{"href":"https:\/\/www.verlagshaus-hernals.at\/shop\/wp-json\/wp\/v2\/types\/product"}],"wp:featuredmedia":[{"embeddable":true,"href":"https:\/\/www.verlagshaus-hernals.at\/shop\/wp-json\/wp\/v2\/media\/291"}],"wp:attachment":[{"href":"https:\/\/www.verlagshaus-hernals.at\/shop\/wp-json\/wp\/v2\/media?parent=292"}],"wp:term":[{"taxonomy":"product_brand","embeddable":true,"href":"https:\/\/www.verlagshaus-hernals.at\/shop\/wp-json\/wp\/v2\/product_brand?post=292"},{"taxonomy":"product_cat","embeddable":true,"href":"https:\/\/www.verlagshaus-hernals.at\/shop\/wp-json\/wp\/v2\/product_cat?post=292"},{"taxonomy":"product_tag","embeddable":true,"href":"https:\/\/www.verlagshaus-hernals.at\/shop\/wp-json\/wp\/v2\/product_tag?post=292"}],"curies":[{"name":"wp","href":"https:\/\/api.w.org\/{rel}","templated":true}]}}