{"id":29,"date":"2009-04-10T13:05:04","date_gmt":"2009-04-10T11:05:04","guid":{"rendered":"https:\/\/www.imerix.at\/bookshop\/produkt\/im-trueben-wasser\/"},"modified":"2025-05-27T00:02:00","modified_gmt":"2025-05-26T22:02:00","slug":"im-trueben-wasser","status":"publish","type":"product","link":"https:\/\/www.verlagshaus-hernals.at\/shop\/produkt\/im-trueben-wasser\/","title":{"rendered":"Im tr\u00fcben Wasser"},"content":{"rendered":"<p>Im September 1970 wird die amtierende Weinprinzessin tot aus dem Neusiedler See geborgen. Der m\u00fcrrische Bezirksinspektor Kauffmann nimmt selbstsicher die Ermittlungen auf. Von seinem kriminalistischen Instinkt \u00fcberzeugt, ist er anfangs noch zuversichtlich, den Fall rasch aufkl\u00e4ren zu k\u00f6nnen. Die wahren Ausma\u00dfe des Verbrechens erkennt er zu sp\u00e4t. Von den Medien gepr\u00fcgelt und von den Intrigen der Dorfpolitik ersch\u00fcttert, entgleitet ihm der Fall zusehends. Bis er auch ihn in den Abgrund zieht.<\/p>\n<p>&nbsp;<\/p>\n","protected":false},"excerpt":{"rendered":"<p>240 Seiten, gebunden<br \/>\nISBN 978-3-9502577-0-0&hellip; <a class=\"kt-excerpt-readmore more-link\" href=\"https:\/\/www.verlagshaus-hernals.at\/shop\/produkt\/im-trueben-wasser\/\" aria-label=\"Im tr\u00fcben Wasser\">Read More<\/a><\/p>\n","protected":false},"featured_media":28,"template":"","meta":{"kt_blocks_editor_width":"","_kad_blocks_custom_css":"","_kad_blocks_head_custom_js":"","_kad_blocks_body_custom_js":"","_kad_blocks_footer_custom_js":""},"product_brand":[],"product_cat":[33],"product_tag":[34],"class_list":{"0":"post-29","1":"product","2":"type-product","3":"status-publish","4":"has-post-thumbnail","6":"product_cat-krimis-thriller","7":"product_tag-ronnie-bresich","9":"first","10":"instock","11":"taxable","12":"shipping-taxable","13":"purchasable","14":"product-type-simple"},"taxonomy_info":{"product_cat":[{"value":33,"label":"Krimis &amp; Thriller"}],"product_tag":[{"value":34,"label":"Ronnie Bresich"}]},"featured_image_src_large":["https:\/\/www.verlagshaus-hernals.at\/shop\/wp-content\/uploads\/im-trueben-wasser.png",336,527,false],"author_info":[],"comment_info":"","_links":{"self":[{"href":"https:\/\/www.verlagshaus-hernals.at\/shop\/wp-json\/wp\/v2\/product\/29","targetHints":{"allow":["GET"]}}],"collection":[{"href":"https:\/\/www.verlagshaus-hernals.at\/shop\/wp-json\/wp\/v2\/product"}],"about":[{"href":"https:\/\/www.verlagshaus-hernals.at\/shop\/wp-json\/wp\/v2\/types\/product"}],"wp:featuredmedia":[{"embeddable":true,"href":"https:\/\/www.verlagshaus-hernals.at\/shop\/wp-json\/wp\/v2\/media\/28"}],"wp:attachment":[{"href":"https:\/\/www.verlagshaus-hernals.at\/shop\/wp-json\/wp\/v2\/media?parent=29"}],"wp:term":[{"taxonomy":"product_brand","embeddable":true,"href":"https:\/\/www.verlagshaus-hernals.at\/shop\/wp-json\/wp\/v2\/product_brand?post=29"},{"taxonomy":"product_cat","embeddable":true,"href":"https:\/\/www.verlagshaus-hernals.at\/shop\/wp-json\/wp\/v2\/product_cat?post=29"},{"taxonomy":"product_tag","embeddable":true,"href":"https:\/\/www.verlagshaus-hernals.at\/shop\/wp-json\/wp\/v2\/product_tag?post=29"}],"curies":[{"name":"wp","href":"https:\/\/api.w.org\/{rel}","templated":true}]}}