{"id":288,"date":"2017-03-31T13:05:51","date_gmt":"2017-03-31T11:05:51","guid":{"rendered":"https:\/\/www.imerix.at\/bookshop\/produkt\/fliegen-mit-geflickten-fluegeln\/"},"modified":"2025-04-18T19:35:50","modified_gmt":"2025-04-18T17:35:50","slug":"fliegen-mit-geflickten-fluegeln","status":"publish","type":"product","link":"https:\/\/www.verlagshaus-hernals.at\/shop\/produkt\/fliegen-mit-geflickten-fluegeln\/","title":{"rendered":"Fliegen mit geflickten Fl\u00fcgeln"},"content":{"rendered":"<p>Ein Sch\u00e4del-Hirn-Trauma (SHT) ist ein schwerer Schlag f\u00fcr jeden Einzelnen.<br \/>\nNeben den Unfallopfern leiden auch deren Angeh\u00f6rige. Die Bew\u00e4ltigung dieser Situation ist ein Prozess, der unendlich lange andauern kann oder gar ein Leben lang dominiert.<br \/>\nIn diesem Buch erz\u00e4hlen 70 betroffene Personen und deren Angeh\u00f6rige von ihren positiven Erfahrungen nach einem SHT.<br \/>\nDas Aufgreifen und Umsetzen dieser Ideen und Anregungen ist nicht nur gestattet, sondern erw\u00fcnscht und empfehlenswert!<\/p>\n","protected":false},"excerpt":{"rendered":"<p>240 Seiten, broschiert<br \/>\nISBN 978-3-902975-51-5&hellip; <a class=\"kt-excerpt-readmore more-link\" href=\"https:\/\/www.verlagshaus-hernals.at\/shop\/produkt\/fliegen-mit-geflickten-fluegeln\/\" aria-label=\"Fliegen mit geflickten Fl\u00fcgeln\">Read More<\/a><\/p>\n","protected":false},"featured_media":287,"template":"","meta":{"kt_blocks_editor_width":"","_kad_blocks_custom_css":"","_kad_blocks_head_custom_js":"","_kad_blocks_body_custom_js":"","_kad_blocks_footer_custom_js":""},"product_brand":[],"product_cat":[61],"product_tag":[],"class_list":{"0":"post-288","1":"product","2":"type-product","3":"status-publish","4":"has-post-thumbnail","6":"product_cat-sachbuch","8":"first","9":"outofstock","10":"taxable","11":"shipping-taxable","12":"purchasable","13":"product-type-simple"},"taxonomy_info":{"product_cat":[{"value":61,"label":"Sachbuch"}]},"featured_image_src_large":["https:\/\/www.verlagshaus-hernals.at\/shop\/wp-content\/uploads\/oegsht-fliegen_mit_geflickten_fluegeln.jpg",458,648,false],"author_info":[],"comment_info":"","_links":{"self":[{"href":"https:\/\/www.verlagshaus-hernals.at\/shop\/wp-json\/wp\/v2\/product\/288","targetHints":{"allow":["GET"]}}],"collection":[{"href":"https:\/\/www.verlagshaus-hernals.at\/shop\/wp-json\/wp\/v2\/product"}],"about":[{"href":"https:\/\/www.verlagshaus-hernals.at\/shop\/wp-json\/wp\/v2\/types\/product"}],"wp:featuredmedia":[{"embeddable":true,"href":"https:\/\/www.verlagshaus-hernals.at\/shop\/wp-json\/wp\/v2\/media\/287"}],"wp:attachment":[{"href":"https:\/\/www.verlagshaus-hernals.at\/shop\/wp-json\/wp\/v2\/media?parent=288"}],"wp:term":[{"taxonomy":"product_brand","embeddable":true,"href":"https:\/\/www.verlagshaus-hernals.at\/shop\/wp-json\/wp\/v2\/product_brand?post=288"},{"taxonomy":"product_cat","embeddable":true,"href":"https:\/\/www.verlagshaus-hernals.at\/shop\/wp-json\/wp\/v2\/product_cat?post=288"},{"taxonomy":"product_tag","embeddable":true,"href":"https:\/\/www.verlagshaus-hernals.at\/shop\/wp-json\/wp\/v2\/product_tag?post=288"}],"curies":[{"name":"wp","href":"https:\/\/api.w.org\/{rel}","templated":true}]}}