{"id":286,"date":"2012-12-29T13:05:50","date_gmt":"2012-12-29T12:05:50","guid":{"rendered":"https:\/\/www.imerix.at\/bookshop\/produkt\/als-die-fuesse-sprechen-lernten\/"},"modified":"2025-11-19T07:00:11","modified_gmt":"2025-11-19T06:00:11","slug":"als-die-fuesse-sprechen-lernten","status":"publish","type":"product","link":"https:\/\/www.verlagshaus-hernals.at\/shop\/produkt\/als-die-fuesse-sprechen-lernten\/","title":{"rendered":"Als die F\u00fc\u00dfe sprechen lernten"},"content":{"rendered":"<p>Kennen Sie Ihren individuellen Bedarf an Lebensmitteln? Wissen Sie \u00fcber Ihre Grundkonstitution Bescheid? Haben Sie schon einmal in Erfahrung gebracht, ob Sie Gefahr laufen Allergien, Unvertr\u00e4glichkeiten, Burn-out, Neurodermitis oder sogar Krebs zu bekommen? Welche Kr\u00e4uter oder Nahrungsmittelerg\u00e4nzungen passen zu Ihrem Typ? Wie schaffen Sie es, wirklich abzunehmen und dem Jo-Jo-Effekt Adieu zu sagen? Welche Therapien sprechen nicht nur Ihre Seele, sondern auch Ihren K\u00f6rper an?<\/p>\n<p>Lesen Sie mehr dazu im Buch und finden Sie heraus, welcher Typ Sie sind.<br \/>\nProfitieren Sie von Karin Mayrs faszinierendem Diagnose- und Therapiemodell <em>Conversiologie<\/em>.<\/p>\n","protected":false},"excerpt":{"rendered":"<p>140 Seiten, broschiert<br \/>\nISBN 978-3-902744-45-6&hellip; <a class=\"kt-excerpt-readmore more-link\" href=\"https:\/\/www.verlagshaus-hernals.at\/shop\/produkt\/als-die-fuesse-sprechen-lernten\/\" aria-label=\"Als die F\u00fc\u00dfe sprechen lernten\">Read More<\/a><\/p>\n","protected":false},"featured_media":285,"template":"","meta":{"kt_blocks_editor_width":"","_kad_blocks_custom_css":"","_kad_blocks_head_custom_js":"","_kad_blocks_body_custom_js":"","_kad_blocks_footer_custom_js":""},"product_brand":[],"product_cat":[61],"product_tag":[],"class_list":{"0":"post-286","1":"product","2":"type-product","3":"status-publish","4":"has-post-thumbnail","6":"product_cat-sachbuch","8":"first","9":"instock","10":"taxable","11":"shipping-taxable","12":"purchasable","13":"product-type-simple"},"taxonomy_info":{"product_cat":[{"value":61,"label":"Sachbuch"}]},"featured_image_src_large":["https:\/\/www.verlagshaus-hernals.at\/shop\/wp-content\/uploads\/karin_mayr-als_die_fuesse_sprechen_lernten.png",559,796,false],"author_info":[],"comment_info":"","_links":{"self":[{"href":"https:\/\/www.verlagshaus-hernals.at\/shop\/wp-json\/wp\/v2\/product\/286","targetHints":{"allow":["GET"]}}],"collection":[{"href":"https:\/\/www.verlagshaus-hernals.at\/shop\/wp-json\/wp\/v2\/product"}],"about":[{"href":"https:\/\/www.verlagshaus-hernals.at\/shop\/wp-json\/wp\/v2\/types\/product"}],"wp:featuredmedia":[{"embeddable":true,"href":"https:\/\/www.verlagshaus-hernals.at\/shop\/wp-json\/wp\/v2\/media\/285"}],"wp:attachment":[{"href":"https:\/\/www.verlagshaus-hernals.at\/shop\/wp-json\/wp\/v2\/media?parent=286"}],"wp:term":[{"taxonomy":"product_brand","embeddable":true,"href":"https:\/\/www.verlagshaus-hernals.at\/shop\/wp-json\/wp\/v2\/product_brand?post=286"},{"taxonomy":"product_cat","embeddable":true,"href":"https:\/\/www.verlagshaus-hernals.at\/shop\/wp-json\/wp\/v2\/product_cat?post=286"},{"taxonomy":"product_tag","embeddable":true,"href":"https:\/\/www.verlagshaus-hernals.at\/shop\/wp-json\/wp\/v2\/product_tag?post=286"}],"curies":[{"name":"wp","href":"https:\/\/api.w.org\/{rel}","templated":true}]}}