{"id":284,"date":"2020-11-19T13:05:50","date_gmt":"2020-11-19T12:05:50","guid":{"rendered":"https:\/\/www.imerix.at\/bookshop\/produkt\/bruchzeilen\/"},"modified":"2025-04-18T19:33:17","modified_gmt":"2025-04-18T17:33:17","slug":"bruchzeilen","status":"publish","type":"product","link":"https:\/\/www.verlagshaus-hernals.at\/shop\/produkt\/bruchzeilen\/","title":{"rendered":"B[r]uchzeilen"},"content":{"rendered":"<p>Mit Texten von<\/p>\n<ul>\n<li>Tom Ackermann<\/li>\n<li>Sieglind Demus<\/li>\n<li>Peter-Christian Herbrich<\/li>\n<li>Maria Alraune Hoppe<\/li>\n<li>Monika Kazda<\/li>\n<li>Martina Kircher<\/li>\n<li>Karl Heinrich Leitner<\/li>\n<li>Michael Maicher<\/li>\n<li>Veronika Michitsch<\/li>\n<li>Christine Tidl<\/li>\n<li>Elisabeth Wiltschnig<\/li>\n<li>Alfred Woschitz<\/li>\n<li>Heinz Zitta<\/li>\n<\/ul>\n<p>und Zeichnungen von Michael Maicher<\/p>\n<p>aus dem Vorwort<\/p>\n<p><em>Bl\u00e4ttern im Buch seines Lebens. Wie steigen da die Bilder auf. Dem Schreibenden ist auferlegt, Einsamkeiten zu durchleben, N\u00e4chte wach zu liegen, irrwitzige Selbstgespr\u00e4che zu f\u00fchren, um Wahrheiten, Philosophisches, Tagesbefindlichkeiten, Erinnerungen, Bilder ebenso wie Torheiten zu Papier zu bringen. Das erste Publikum. Gleichgesinnte, Schreibende. Gedichte, Essays, Aphorismen, Reimkonstruiertes, Geschichten und Gedankensplitter. Dieses prosaisch-lyrische Geflecht trifft sich seit Jahren regelm\u00e4\u00dfig am Poetisch, zum Austausch im Labyrinth der Sprachmagie.<\/em><br \/>\n<em>Immer wieder. Geschriebenes bleibt. Tage, die nicht beschrieben werden, verblassen, l\u00f6sen sich auf in ein Nichts von Unendlichkeiten und Mutma\u00dfungen. Das Wei\u00df der Bl\u00e4tter erkennen. Illustr(iert)e Schatten auf Geschriebenes werfen. Ein bitters\u00fc\u00dfes Wohlgef\u00fchl, das Bedrucktsein der B[r]uchzeilen beim l\u00e4ttern im Buch.<\/em><\/p>\n","protected":false},"excerpt":{"rendered":"<p>122 Seiten, mit 14 Zeichnungen, Klappenbroschur<br \/>\nISBN 978-3-902975-91-1&hellip; <a class=\"kt-excerpt-readmore more-link\" href=\"https:\/\/www.verlagshaus-hernals.at\/shop\/produkt\/bruchzeilen\/\" aria-label=\"B[r]uchzeilen\">Read More<\/a><\/p>\n","protected":false},"featured_media":283,"template":"","meta":{"kt_blocks_editor_width":"","_kad_blocks_custom_css":"","_kad_blocks_head_custom_js":"","_kad_blocks_body_custom_js":"","_kad_blocks_footer_custom_js":""},"product_brand":[],"product_cat":[55],"product_tag":[70],"class_list":{"0":"post-284","1":"product","2":"type-product","3":"status-publish","4":"has-post-thumbnail","6":"product_cat-literaturprojekt","7":"product_tag-alfred-woschitz","9":"first","10":"instock","11":"taxable","12":"shipping-taxable","13":"purchasable","14":"product-type-simple"},"taxonomy_info":{"product_cat":[{"value":55,"label":"Literaturprojekt"}],"product_tag":[{"value":70,"label":"Alfred Woschitz"}]},"featured_image_src_large":["https:\/\/www.verlagshaus-hernals.at\/shop\/wp-content\/uploads\/alfred_woschitz-bruchzeilen.jpg",628,1002,false],"author_info":[],"comment_info":"","_links":{"self":[{"href":"https:\/\/www.verlagshaus-hernals.at\/shop\/wp-json\/wp\/v2\/product\/284","targetHints":{"allow":["GET"]}}],"collection":[{"href":"https:\/\/www.verlagshaus-hernals.at\/shop\/wp-json\/wp\/v2\/product"}],"about":[{"href":"https:\/\/www.verlagshaus-hernals.at\/shop\/wp-json\/wp\/v2\/types\/product"}],"wp:featuredmedia":[{"embeddable":true,"href":"https:\/\/www.verlagshaus-hernals.at\/shop\/wp-json\/wp\/v2\/media\/283"}],"wp:attachment":[{"href":"https:\/\/www.verlagshaus-hernals.at\/shop\/wp-json\/wp\/v2\/media?parent=284"}],"wp:term":[{"taxonomy":"product_brand","embeddable":true,"href":"https:\/\/www.verlagshaus-hernals.at\/shop\/wp-json\/wp\/v2\/product_brand?post=284"},{"taxonomy":"product_cat","embeddable":true,"href":"https:\/\/www.verlagshaus-hernals.at\/shop\/wp-json\/wp\/v2\/product_cat?post=284"},{"taxonomy":"product_tag","embeddable":true,"href":"https:\/\/www.verlagshaus-hernals.at\/shop\/wp-json\/wp\/v2\/product_tag?post=284"}],"curies":[{"name":"wp","href":"https:\/\/api.w.org\/{rel}","templated":true}]}}