{"id":282,"date":"2020-10-19T13:05:50","date_gmt":"2020-10-19T11:05:50","guid":{"rendered":"https:\/\/www.imerix.at\/bookshop\/produkt\/geweihte\/"},"modified":"2025-04-18T19:33:46","modified_gmt":"2025-04-18T17:33:46","slug":"geweihte","status":"publish","type":"product","link":"https:\/\/www.verlagshaus-hernals.at\/shop\/produkt\/geweihte\/","title":{"rendered":"Geweihte"},"content":{"rendered":"<p>Geweihte ist ein besonderes Buch, denn die Autor*innen wussten nicht, dass sie welche waren. Die in diesem Buch versammelten Textst\u00fccke wurden w\u00e4hrend eines psychosomatischen, psychiatrischen oder neurologischen Klinikaufenthalts geschrieben.<br \/>\nSie wurden geschrieben ohne ein Richtig oder Falsch. Johanna M\u00fcller, Kunsttherapeutin und schreibende K\u00fcnstlerin, bot einen wertfreien Rahmen innerhalb ihrer Schreibwerkst\u00e4tten und sammelte die Arbeiten.<br \/>\nEntstanden sind starke, authentische Texte. Die Schreibenden lie\u00dfen fremde und eigene Konventionen fallen und es begegnet dem Leser eine Spontanit\u00e4t, Direktheit und eine Freiheit im Assoziieren. Manchmal begegnet sich der Leser auch selbst.<br \/>\nDie Grenzen zwischen Therapie, Literatur und Selbsterfahrung verschwimmen.<\/p>\n<p>Eine literarische Art Brut, wie sie auch der Psychiater Leo Navratil bei den Gugginger Dichtern und K\u00fcnstlern fand.<br \/>\nLiteratur und Psychotherapie haben lange Tradition in \u00d6sterreich und Deutschland, in diesem Zusammenhang ist der Band von besonderer Bedeutung. Er zeigt, wie nah sich Selbstanalyse und Literatur sind.<\/p>\n<p>Geweihte ist auch eine Einladung an die Leser*innen, zu schreiben, sich zu entdecken, ja, zu leben.<\/p>\n","protected":false},"excerpt":{"rendered":"<p>198 Seiten, Klappenbroschur<br \/>\nISBN 978-3-902975-98-0&hellip; <a class=\"kt-excerpt-readmore more-link\" href=\"https:\/\/www.verlagshaus-hernals.at\/shop\/produkt\/geweihte\/\" aria-label=\"Geweihte\">Read More<\/a><\/p>\n","protected":false},"featured_media":281,"template":"","meta":{"kt_blocks_editor_width":"","_kad_blocks_custom_css":"","_kad_blocks_head_custom_js":"","_kad_blocks_body_custom_js":"","_kad_blocks_footer_custom_js":""},"product_brand":[],"product_cat":[55],"product_tag":[69],"class_list":{"0":"post-282","1":"product","2":"type-product","3":"status-publish","4":"has-post-thumbnail","6":"product_cat-literaturprojekt","7":"product_tag-johanna-mueller","9":"first","10":"instock","11":"taxable","12":"shipping-taxable","13":"purchasable","14":"product-type-simple"},"taxonomy_info":{"product_cat":[{"value":55,"label":"Literaturprojekt"}],"product_tag":[{"value":69,"label":"Johanna M\u00fcller"}]},"featured_image_src_large":["https:\/\/www.verlagshaus-hernals.at\/shop\/wp-content\/uploads\/cover-johanna_mueller-geweihte.jpg",703,1002,false],"author_info":[],"comment_info":"","_links":{"self":[{"href":"https:\/\/www.verlagshaus-hernals.at\/shop\/wp-json\/wp\/v2\/product\/282","targetHints":{"allow":["GET"]}}],"collection":[{"href":"https:\/\/www.verlagshaus-hernals.at\/shop\/wp-json\/wp\/v2\/product"}],"about":[{"href":"https:\/\/www.verlagshaus-hernals.at\/shop\/wp-json\/wp\/v2\/types\/product"}],"wp:featuredmedia":[{"embeddable":true,"href":"https:\/\/www.verlagshaus-hernals.at\/shop\/wp-json\/wp\/v2\/media\/281"}],"wp:attachment":[{"href":"https:\/\/www.verlagshaus-hernals.at\/shop\/wp-json\/wp\/v2\/media?parent=282"}],"wp:term":[{"taxonomy":"product_brand","embeddable":true,"href":"https:\/\/www.verlagshaus-hernals.at\/shop\/wp-json\/wp\/v2\/product_brand?post=282"},{"taxonomy":"product_cat","embeddable":true,"href":"https:\/\/www.verlagshaus-hernals.at\/shop\/wp-json\/wp\/v2\/product_cat?post=282"},{"taxonomy":"product_tag","embeddable":true,"href":"https:\/\/www.verlagshaus-hernals.at\/shop\/wp-json\/wp\/v2\/product_tag?post=282"}],"curies":[{"name":"wp","href":"https:\/\/api.w.org\/{rel}","templated":true}]}}