{"id":278,"date":"2014-10-19T13:05:49","date_gmt":"2014-10-19T11:05:49","guid":{"rendered":"https:\/\/www.imerix.at\/bookshop\/produkt\/17er-edition\/"},"modified":"2025-06-02T12:32:08","modified_gmt":"2025-06-02T10:32:08","slug":"17er-edition","status":"publish","type":"product","link":"https:\/\/www.verlagshaus-hernals.at\/shop\/produkt\/17er-edition\/","title":{"rendered":"17er-Edition"},"content":{"rendered":"<p>Zum nunmehr dritten Mal versammelt Harald Pesata zeitgen\u00f6ssische Autorinnen und Autoren eines Wiener Bezirks in einer Edition.<br \/>\nDieses Mal sind es Hernalser Schriftstellerinnen und Schriftsteller, die einen beeindruckenden Einblick in das literarische Schaffen ihres Heimatbezirks geben.<br \/>\nVon Professor Frederic Morton, wohl einer der ber\u00fchmtesten Hernalser Autoren, \u00fcber die Grande Dame der Mundartdichtung, Trude Marzik, bis hin zur jungen Garde spannt sich der Bogen der Beitr\u00e4ge, die in diesem Band zu finden sind.<\/p>\n<p>Folgende Autorinnen und Autoren sind in dieser Anthologie vertreten:<\/p>\n<p>Peter Adlersburg . Hans Anglberger . Gerhard Blaboll . Peter Bosch<br \/>\nDaque . Martin Dragosits . Martin Freitag . Lisa Gr\u00fcner . Dietmar Koschier<br \/>\nRoman Lechner . Veronica Lion . Trude Marzik . Frederic Morton<br \/>\nAlthea Karoline M\u00fcller . Theodor Nossberger . Stefan Reiser<br \/>\nSusanne Schramm . Alfred Woschitz<\/p>\n","protected":false},"excerpt":{"rendered":"<p>140 Seiten, gebunden<br \/>\nISBN 978-3-902744-79-1&hellip; <a class=\"kt-excerpt-readmore more-link\" href=\"https:\/\/www.verlagshaus-hernals.at\/shop\/produkt\/17er-edition\/\" aria-label=\"17er-Edition\">Read More<\/a><\/p>\n","protected":false},"featured_media":277,"template":"","meta":{"kt_blocks_editor_width":"","_kad_blocks_custom_css":"","_kad_blocks_head_custom_js":"","_kad_blocks_body_custom_js":"","_kad_blocks_footer_custom_js":""},"product_brand":[],"product_cat":[91,55],"product_tag":[36],"class_list":{"0":"post-278","1":"product","2":"type-product","3":"status-publish","4":"has-post-thumbnail","6":"product_cat-wien","7":"product_cat-literaturprojekt","8":"product_tag-pesata","10":"first","11":"instock","12":"taxable","13":"shipping-taxable","14":"purchasable","15":"product-type-simple"},"taxonomy_info":{"product_cat":[{"value":91,"label":"Wien"},{"value":55,"label":"Literaturprojekt"}],"product_tag":[{"value":36,"label":"Pesata"}]},"featured_image_src_large":["https:\/\/www.verlagshaus-hernals.at\/shop\/wp-content\/uploads\/Harald-Pesata_17er-Edition1.jpg",458,648,false],"author_info":[],"comment_info":"","_links":{"self":[{"href":"https:\/\/www.verlagshaus-hernals.at\/shop\/wp-json\/wp\/v2\/product\/278","targetHints":{"allow":["GET"]}}],"collection":[{"href":"https:\/\/www.verlagshaus-hernals.at\/shop\/wp-json\/wp\/v2\/product"}],"about":[{"href":"https:\/\/www.verlagshaus-hernals.at\/shop\/wp-json\/wp\/v2\/types\/product"}],"wp:featuredmedia":[{"embeddable":true,"href":"https:\/\/www.verlagshaus-hernals.at\/shop\/wp-json\/wp\/v2\/media\/277"}],"wp:attachment":[{"href":"https:\/\/www.verlagshaus-hernals.at\/shop\/wp-json\/wp\/v2\/media?parent=278"}],"wp:term":[{"taxonomy":"product_brand","embeddable":true,"href":"https:\/\/www.verlagshaus-hernals.at\/shop\/wp-json\/wp\/v2\/product_brand?post=278"},{"taxonomy":"product_cat","embeddable":true,"href":"https:\/\/www.verlagshaus-hernals.at\/shop\/wp-json\/wp\/v2\/product_cat?post=278"},{"taxonomy":"product_tag","embeddable":true,"href":"https:\/\/www.verlagshaus-hernals.at\/shop\/wp-json\/wp\/v2\/product_tag?post=278"}],"curies":[{"name":"wp","href":"https:\/\/api.w.org\/{rel}","templated":true}]}}