{"id":27,"date":"2012-01-22T13:05:04","date_gmt":"2012-01-22T12:05:04","guid":{"rendered":"https:\/\/www.imerix.at\/bookshop\/?post_type=product&#038;p=27"},"modified":"2025-04-18T18:29:39","modified_gmt":"2025-04-18T16:29:39","slug":"schule-unterm-kruckenkreuz","status":"publish","type":"product","link":"https:\/\/www.verlagshaus-hernals.at\/shop\/produkt\/schule-unterm-kruckenkreuz\/","title":{"rendered":"Schule unterm Kruckenkreuz"},"content":{"rendered":"<p>F\u00fcr die nachger\u00fcckten Generationen, und hier vor allem f\u00fcr die heutige Jugend, liegen die in diesem Werk behandelten Ereignisse sehr weit zur\u00fcck.<br \/>\nSelten in der Weltgeschichte geriet eine Jugend in den Bannkreis eines politischen Gesamtgef\u00fcges, im konkreten des Faschismus. Geist und Seele wurden nach dem Motto, wer die Jugend habe, dem geh\u00f6re auch die Zukunft ungehemmt und umfassend vereinnahmt. In Ans\u00e4tzen verwirklichte individualit\u00e4tsz\u00e4hmende Disziplinen auf den Erziehungsarealen des &#8218;Austrofaschismus&#8216; vollendete der Nationalsozialismus.<br \/>\nWas im halben Jahrzehnt des autorit\u00e4ren St\u00e4ndestaates und des nachfolgenden totalit\u00e4r-faschistischen Hitler-Regimes \u00fcber das Schulwesen hereinbrach, geh\u00f6rt zu den dunkelsten Perioden der P\u00e4dagogik \u00d6sterreichs.<\/p>\n<p>Mag. Gobers beeindruckendes Werk wurde 2010 mit dem Theodor Kery Preis ausgezeichnet.<\/p>\n","protected":false},"excerpt":{"rendered":"<p>334 Seiten, broschiert<br \/>\nISBN 978-3-902744-10-4&hellip; <a class=\"kt-excerpt-readmore more-link\" href=\"https:\/\/www.verlagshaus-hernals.at\/shop\/produkt\/schule-unterm-kruckenkreuz\/\" aria-label=\"Schule unterm Kruckenkreuz\">Read More<\/a><\/p>\n","protected":false},"featured_media":222,"template":"","meta":{"kt_blocks_editor_width":"","_kad_blocks_custom_css":"","_kad_blocks_head_custom_js":"","_kad_blocks_body_custom_js":"","_kad_blocks_footer_custom_js":""},"product_brand":[],"product_cat":[47,49],"product_tag":[50],"class_list":{"0":"post-27","1":"product","2":"type-product","3":"status-publish","4":"has-post-thumbnail","6":"product_cat-zeitgeschichte","7":"product_cat-wissenschaft","8":"product_tag-eva-maria-gober","10":"first","11":"instock","12":"taxable","13":"shipping-taxable","14":"purchasable","15":"product-type-simple"},"taxonomy_info":{"product_cat":[{"value":47,"label":"Zeitgeschichte"},{"value":49,"label":"Wissenschaft"}],"product_tag":[{"value":50,"label":"Eva Maria Gober"}]},"featured_image_src_large":["https:\/\/www.verlagshaus-hernals.at\/shop\/wp-content\/uploads\/eva_maria_gober-schule_unterm_kruckenkreuz.png",390,544,false],"author_info":[],"comment_info":"","_links":{"self":[{"href":"https:\/\/www.verlagshaus-hernals.at\/shop\/wp-json\/wp\/v2\/product\/27","targetHints":{"allow":["GET"]}}],"collection":[{"href":"https:\/\/www.verlagshaus-hernals.at\/shop\/wp-json\/wp\/v2\/product"}],"about":[{"href":"https:\/\/www.verlagshaus-hernals.at\/shop\/wp-json\/wp\/v2\/types\/product"}],"wp:featuredmedia":[{"embeddable":true,"href":"https:\/\/www.verlagshaus-hernals.at\/shop\/wp-json\/wp\/v2\/media\/222"}],"wp:attachment":[{"href":"https:\/\/www.verlagshaus-hernals.at\/shop\/wp-json\/wp\/v2\/media?parent=27"}],"wp:term":[{"taxonomy":"product_brand","embeddable":true,"href":"https:\/\/www.verlagshaus-hernals.at\/shop\/wp-json\/wp\/v2\/product_brand?post=27"},{"taxonomy":"product_cat","embeddable":true,"href":"https:\/\/www.verlagshaus-hernals.at\/shop\/wp-json\/wp\/v2\/product_cat?post=27"},{"taxonomy":"product_tag","embeddable":true,"href":"https:\/\/www.verlagshaus-hernals.at\/shop\/wp-json\/wp\/v2\/product_tag?post=27"}],"curies":[{"name":"wp","href":"https:\/\/api.w.org\/{rel}","templated":true}]}}