{"id":266,"date":"2021-02-25T13:05:47","date_gmt":"2021-02-25T12:05:47","guid":{"rendered":"https:\/\/www.imerix.at\/bookshop\/produkt\/erdmaennchen-toni\/"},"modified":"2025-04-18T19:26:59","modified_gmt":"2025-04-18T17:26:59","slug":"erdmaennchen-toni","status":"publish","type":"product","link":"https:\/\/www.verlagshaus-hernals.at\/shop\/produkt\/erdmaennchen-toni\/","title":{"rendered":"Erdm\u00e4nnchen Toni"},"content":{"rendered":"<p>Erdm\u00e4nnchen Toni hat sein Zuhause \u2013 von dem er glaubte, es w\u00e4re die ganze Welt \u2013 im Zoo in der gro\u00dfen Stadt.<br \/>\nToni lebt dort mit seine Erdfrau und seinen drei Erdkindern. Im Erdm\u00e4nnchengehege gibt es immer viel zu tun. Langweilig wurde es jedenfalls keine Sekunde.<br \/>\nDa mussten zum Beispiel immer wieder neue L\u00f6cher gegraben werden, die in weitverzweigten G\u00e4ngen m\u00fcndeten und zu den Zimmern der Erdm\u00e4nnchenkolonie f\u00fchrten.<\/p>\n","protected":false},"excerpt":{"rendered":"<p>60 Seiten, illustriert, gebunden, Farbdruck<br \/>\nISBN 978-3-903442-00-9&hellip; <a class=\"kt-excerpt-readmore more-link\" href=\"https:\/\/www.verlagshaus-hernals.at\/shop\/produkt\/erdmaennchen-toni\/\" aria-label=\"Erdm\u00e4nnchen Toni\">Read More<\/a><\/p>\n","protected":false},"featured_media":265,"template":"","meta":{"kt_blocks_editor_width":"","_kad_blocks_custom_css":"","_kad_blocks_head_custom_js":"","_kad_blocks_body_custom_js":"","_kad_blocks_footer_custom_js":""},"product_brand":[],"product_cat":[65],"product_tag":[],"class_list":{"0":"post-266","1":"product","2":"type-product","3":"status-publish","4":"has-post-thumbnail","6":"product_cat-kinderbuch","8":"first","9":"instock","10":"taxable","11":"shipping-taxable","12":"purchasable","13":"product-type-simple"},"taxonomy_info":{"product_cat":[{"value":65,"label":"Kinderbuch"}]},"featured_image_src_large":["https:\/\/www.verlagshaus-hernals.at\/shop\/wp-content\/uploads\/paul_felder-erdmaennchen_toni.jpg",612,848,false],"author_info":[],"comment_info":"","_links":{"self":[{"href":"https:\/\/www.verlagshaus-hernals.at\/shop\/wp-json\/wp\/v2\/product\/266","targetHints":{"allow":["GET"]}}],"collection":[{"href":"https:\/\/www.verlagshaus-hernals.at\/shop\/wp-json\/wp\/v2\/product"}],"about":[{"href":"https:\/\/www.verlagshaus-hernals.at\/shop\/wp-json\/wp\/v2\/types\/product"}],"wp:featuredmedia":[{"embeddable":true,"href":"https:\/\/www.verlagshaus-hernals.at\/shop\/wp-json\/wp\/v2\/media\/265"}],"wp:attachment":[{"href":"https:\/\/www.verlagshaus-hernals.at\/shop\/wp-json\/wp\/v2\/media?parent=266"}],"wp:term":[{"taxonomy":"product_brand","embeddable":true,"href":"https:\/\/www.verlagshaus-hernals.at\/shop\/wp-json\/wp\/v2\/product_brand?post=266"},{"taxonomy":"product_cat","embeddable":true,"href":"https:\/\/www.verlagshaus-hernals.at\/shop\/wp-json\/wp\/v2\/product_cat?post=266"},{"taxonomy":"product_tag","embeddable":true,"href":"https:\/\/www.verlagshaus-hernals.at\/shop\/wp-json\/wp\/v2\/product_tag?post=266"}],"curies":[{"name":"wp","href":"https:\/\/api.w.org\/{rel}","templated":true}]}}