{"id":260,"date":"2014-09-24T13:05:44","date_gmt":"2014-09-24T11:05:44","guid":{"rendered":"https:\/\/www.imerix.at\/bookshop\/produkt\/paul-pontus-und-die-reise-nach-nymm\/"},"modified":"2025-04-18T17:12:03","modified_gmt":"2025-04-18T15:12:03","slug":"paul-pontus-und-die-reise-nach-nymm","status":"publish","type":"product","link":"https:\/\/www.verlagshaus-hernals.at\/shop\/produkt\/paul-pontus-und-die-reise-nach-nymm\/","title":{"rendered":"Paul Pontus und die Reise nach Nymm"},"content":{"rendered":"<p>Paul Pontus ist ein d\u00fcrrer Zw\u00f6lfj\u00e4hriger mit wirren, braunen Haaren und abstehenden Ohren. Meist macht er ein m\u00fcrrisches Gesicht. Er schw\u00e4nzt die Schule und ist ziemlich frech.<\/p>\n<p>Eines Tages taucht ein seltsames Monster \u2013 einer \u00fcberdimensionalen Kr\u00f6te nicht ganz un\u00e4hnlich \u2013 unter Pauls Bett auf. Das Wesen stellt sich als Professor Dr. Magnus Maulbeer, Gelehrter f\u00fcr fremde Welten und abartige Kulturen vor. Er bittet den Jungen, ihm bei der Rettung der Wasserm\u00e4nner zu helfen.<\/p>\n<p>Paul und seine Freundin Lara folgen Magnus in eine seltsame und gef\u00e4hrliche Welt.<\/p>\n","protected":false},"excerpt":{"rendered":"<p>252 Seiten, Klappenbroschur<br \/>\nISBN 978-3-902975-14-0&hellip; <a class=\"kt-excerpt-readmore more-link\" href=\"https:\/\/www.verlagshaus-hernals.at\/shop\/produkt\/paul-pontus-und-die-reise-nach-nymm\/\" aria-label=\"Paul Pontus und die Reise nach Nymm\">Read More<\/a><\/p>\n","protected":false},"featured_media":259,"template":"","meta":{"kt_blocks_editor_width":"","_kad_blocks_custom_css":"","_kad_blocks_head_custom_js":"","_kad_blocks_body_custom_js":"","_kad_blocks_footer_custom_js":""},"product_brand":[],"product_cat":[65],"product_tag":[66],"class_list":{"0":"post-260","1":"product","2":"type-product","3":"status-publish","4":"has-post-thumbnail","6":"product_cat-kinderbuch","7":"product_tag-anette-severing","9":"first","10":"instock","11":"taxable","12":"shipping-taxable","13":"purchasable","14":"product-type-simple"},"taxonomy_info":{"product_cat":[{"value":65,"label":"Kinderbuch"}],"product_tag":[{"value":66,"label":"Anette Severing"}]},"featured_image_src_large":["https:\/\/www.verlagshaus-hernals.at\/shop\/wp-content\/uploads\/anette-severing_paul-pontus.jpg",401,648,false],"author_info":[],"comment_info":"","_links":{"self":[{"href":"https:\/\/www.verlagshaus-hernals.at\/shop\/wp-json\/wp\/v2\/product\/260","targetHints":{"allow":["GET"]}}],"collection":[{"href":"https:\/\/www.verlagshaus-hernals.at\/shop\/wp-json\/wp\/v2\/product"}],"about":[{"href":"https:\/\/www.verlagshaus-hernals.at\/shop\/wp-json\/wp\/v2\/types\/product"}],"wp:featuredmedia":[{"embeddable":true,"href":"https:\/\/www.verlagshaus-hernals.at\/shop\/wp-json\/wp\/v2\/media\/259"}],"wp:attachment":[{"href":"https:\/\/www.verlagshaus-hernals.at\/shop\/wp-json\/wp\/v2\/media?parent=260"}],"wp:term":[{"taxonomy":"product_brand","embeddable":true,"href":"https:\/\/www.verlagshaus-hernals.at\/shop\/wp-json\/wp\/v2\/product_brand?post=260"},{"taxonomy":"product_cat","embeddable":true,"href":"https:\/\/www.verlagshaus-hernals.at\/shop\/wp-json\/wp\/v2\/product_cat?post=260"},{"taxonomy":"product_tag","embeddable":true,"href":"https:\/\/www.verlagshaus-hernals.at\/shop\/wp-json\/wp\/v2\/product_tag?post=260"}],"curies":[{"name":"wp","href":"https:\/\/api.w.org\/{rel}","templated":true}]}}