{"id":256,"date":"2015-09-16T13:05:44","date_gmt":"2015-09-16T11:05:44","guid":{"rendered":"https:\/\/www.imerix.at\/bookshop\/produkt\/autos-helden-und-mythen\/"},"modified":"2025-04-18T17:14:46","modified_gmt":"2025-04-18T15:14:46","slug":"autos-helden-und-mythen","status":"publish","type":"product","link":"https:\/\/www.verlagshaus-hernals.at\/shop\/produkt\/autos-helden-und-mythen\/","title":{"rendered":"Autos, Helden und Mythen"},"content":{"rendered":"<p>Thomas Karny und Matthias Marschik erz\u00e4hlen die Kulturgeschichte des Automobils in \u00d6sterreich. Kaum eine Erfindung hat unser Leben derart rasch und in solch einem Ausma\u00df ver\u00e4ndert wie das Auto.<br \/>\nDie Errichtung einer entsprechenden Infrastruktur f\u00fchrte nicht nur zu einem gut ausgebauten Stra\u00dfennetz, sondern auch zu Einrichtungen, die damals v\u00f6llig unbekannt waren. Wer etwa kannte vor hundert Jahren Tankstellen, als das Benzin nur \u00fcber Apotheken bezogen werden konnte?<br \/>\nDie Autoren betrachten den Stellenwert des Autos anhand von Zeitschriften und Radiosendungen und stellen Pioniere wegweisender Entwicklungen vor.<br \/>\nSie spannen den Bogen vom bald unabdingbaren R\u00fcstungsgut bis zur Faszination des Rennsports, von den Machos in ihren aufgemotzten Schlitten bis zur einst bel\u00e4chelten Koexistenz von Frau und Auto sowie von der Gro\u00dfglockner Hochalpenstra\u00dfe zur verkehrsberuhigten Innenstadtzone.<\/p>\n","protected":false},"excerpt":{"rendered":"<p>250 Seiten, 200 Fotos, A4, gebunden, Bilderdruck<br \/>\nISBN 978-3-902975-09-6&hellip; <a class=\"kt-excerpt-readmore more-link\" href=\"https:\/\/www.verlagshaus-hernals.at\/shop\/produkt\/autos-helden-und-mythen\/\" aria-label=\"Autos, Helden und Mythen\">Read More<\/a><\/p>\n","protected":false},"featured_media":255,"template":"","meta":{"kt_blocks_editor_width":"","_kad_blocks_custom_css":"","_kad_blocks_head_custom_js":"","_kad_blocks_body_custom_js":"","_kad_blocks_footer_custom_js":""},"product_brand":[],"product_cat":[51],"product_tag":[64],"class_list":{"0":"post-256","1":"product","2":"type-product","3":"status-publish","4":"has-post-thumbnail","6":"product_cat-historisches","7":"product_tag-marschik","9":"first","10":"instock","11":"taxable","12":"shipping-taxable","13":"purchasable","14":"product-type-simple"},"taxonomy_info":{"product_cat":[{"value":51,"label":"Historisches"}],"product_tag":[{"value":64,"label":"Marschik"}]},"featured_image_src_large":["https:\/\/www.verlagshaus-hernals.at\/shop\/wp-content\/uploads\/karny_marschik-autos_helden_mythen.jpg",460,648,false],"author_info":[],"comment_info":"","_links":{"self":[{"href":"https:\/\/www.verlagshaus-hernals.at\/shop\/wp-json\/wp\/v2\/product\/256","targetHints":{"allow":["GET"]}}],"collection":[{"href":"https:\/\/www.verlagshaus-hernals.at\/shop\/wp-json\/wp\/v2\/product"}],"about":[{"href":"https:\/\/www.verlagshaus-hernals.at\/shop\/wp-json\/wp\/v2\/types\/product"}],"wp:featuredmedia":[{"embeddable":true,"href":"https:\/\/www.verlagshaus-hernals.at\/shop\/wp-json\/wp\/v2\/media\/255"}],"wp:attachment":[{"href":"https:\/\/www.verlagshaus-hernals.at\/shop\/wp-json\/wp\/v2\/media?parent=256"}],"wp:term":[{"taxonomy":"product_brand","embeddable":true,"href":"https:\/\/www.verlagshaus-hernals.at\/shop\/wp-json\/wp\/v2\/product_brand?post=256"},{"taxonomy":"product_cat","embeddable":true,"href":"https:\/\/www.verlagshaus-hernals.at\/shop\/wp-json\/wp\/v2\/product_cat?post=256"},{"taxonomy":"product_tag","embeddable":true,"href":"https:\/\/www.verlagshaus-hernals.at\/shop\/wp-json\/wp\/v2\/product_tag?post=256"}],"curies":[{"name":"wp","href":"https:\/\/api.w.org\/{rel}","templated":true}]}}