{"id":250,"date":"2018-11-06T13:05:43","date_gmt":"2018-11-06T12:05:43","guid":{"rendered":"https:\/\/www.imerix.at\/bookshop\/produkt\/matthias-sindelar\/"},"modified":"2025-07-16T02:30:08","modified_gmt":"2025-07-16T00:30:08","slug":"matthias-sindelar","status":"publish","type":"product","link":"https:\/\/www.verlagshaus-hernals.at\/shop\/produkt\/matthias-sindelar\/","title":{"rendered":"Matthias Sindelar"},"content":{"rendered":"<p>Der Fu\u00dfballer Matthias Sindelar war der zentrale Spieler der \u00f6sterreichischen Nationalmannschaft, die in den 1930er-Jahren die Welt verzauberte und als \u201eWunderteam\u201c in die Geschichte einging.<br \/>\nDie Qualit\u00e4ten des Fu\u00dfballspiels Sindelars standen nie zur Debatte, noch nicht einmal seitens seiner sch\u00e4rfsten Kritiker. Es ist vielmehr sein Verhalten au\u00dferhalb des Spielfelds, vor allem in den letzten Jahren seines Lebens, das Kontroversen, Widerspr\u00fcche, freie Auslegungen \u2013 die oft zu falschen Schlussfolgerungen f\u00fchren \u2013 hervorgerufen hat.<br \/>\nWarum wird das Leben Sindelars als Legende dargestellt? Wie weit reichen die Mythen? Wurde er von den Nazis ermordet? War er Komplize der Nazis? War er Opfer, T\u00e4ter oder keines von beiden? War er Mitglied der Nationalsozialistischen Deutschen Arbeiterpartei, der NSDAP?<br \/>\nMatthias Sindelar starb am fr\u00fchen Morgen des 23. J\u00e4nner 1939. Er war 35 Jahre alt. Sein Name klingt noch immer nach.<\/p>\n<p><em>Sindelar war der Messi der 30er-Jahre.<\/em><br \/>\n<em>Dr. Erich Krenslehner, FK Austria Wien<\/em><\/p>\n","protected":false},"excerpt":{"rendered":"<p>2. Auflage<br \/>\n266 Seiten, 43 Fotos, broschiert<br \/>\nISBN 978-3-902975-69-0<br \/>\n<span style=\"color: #ff0000;\">Das Buch ist derzeit nicht verf\u00fcgbar.<\/span>&hellip; <a class=\"kt-excerpt-readmore more-link\" href=\"https:\/\/www.verlagshaus-hernals.at\/shop\/produkt\/matthias-sindelar\/\" aria-label=\"Matthias Sindelar\">Read More<\/a><\/p>\n","protected":false},"featured_media":249,"template":"","meta":{"kt_blocks_editor_width":"","_kad_blocks_custom_css":"","_kad_blocks_head_custom_js":"","_kad_blocks_body_custom_js":"","_kad_blocks_footer_custom_js":""},"product_brand":[],"product_cat":[51],"product_tag":[101],"class_list":{"0":"post-250","1":"product","2":"type-product","3":"status-publish","4":"has-post-thumbnail","6":"product_cat-historisches","7":"product_tag-fussball","9":"first","10":"outofstock","11":"taxable","12":"shipping-taxable","13":"purchasable","14":"product-type-simple"},"taxonomy_info":{"product_cat":[{"value":51,"label":"Historisches"}],"product_tag":[{"value":101,"label":"Fu\u00dfball"}]},"featured_image_src_large":["https:\/\/www.verlagshaus-hernals.at\/shop\/wp-content\/uploads\/camilo_francka-matthias_sindelar-1.jpg",465,648,false],"author_info":[],"comment_info":"","_links":{"self":[{"href":"https:\/\/www.verlagshaus-hernals.at\/shop\/wp-json\/wp\/v2\/product\/250","targetHints":{"allow":["GET"]}}],"collection":[{"href":"https:\/\/www.verlagshaus-hernals.at\/shop\/wp-json\/wp\/v2\/product"}],"about":[{"href":"https:\/\/www.verlagshaus-hernals.at\/shop\/wp-json\/wp\/v2\/types\/product"}],"wp:featuredmedia":[{"embeddable":true,"href":"https:\/\/www.verlagshaus-hernals.at\/shop\/wp-json\/wp\/v2\/media\/249"}],"wp:attachment":[{"href":"https:\/\/www.verlagshaus-hernals.at\/shop\/wp-json\/wp\/v2\/media?parent=250"}],"wp:term":[{"taxonomy":"product_brand","embeddable":true,"href":"https:\/\/www.verlagshaus-hernals.at\/shop\/wp-json\/wp\/v2\/product_brand?post=250"},{"taxonomy":"product_cat","embeddable":true,"href":"https:\/\/www.verlagshaus-hernals.at\/shop\/wp-json\/wp\/v2\/product_cat?post=250"},{"taxonomy":"product_tag","embeddable":true,"href":"https:\/\/www.verlagshaus-hernals.at\/shop\/wp-json\/wp\/v2\/product_tag?post=250"}],"curies":[{"name":"wp","href":"https:\/\/api.w.org\/{rel}","templated":true}]}}