{"id":246,"date":"2013-12-02T13:05:43","date_gmt":"2013-12-02T12:05:43","guid":{"rendered":"https:\/\/www.imerix.at\/bookshop\/produkt\/david-gegen-goliath\/"},"modified":"2025-07-16T02:27:34","modified_gmt":"2025-07-16T00:27:34","slug":"david-gegen-goliath","status":"publish","type":"product","link":"https:\/\/www.verlagshaus-hernals.at\/shop\/produkt\/david-gegen-goliath\/","title":{"rendered":"David gegen Goliath"},"content":{"rendered":"<p>Die Chronik besch\u00e4ftigt sich ausf\u00fchrlich mit der \u00f6sterreichischen Pokalgeschichte zwischen 1897 und 1949.<br \/>\nSie ist in dieser Form das erste und einzige Werk, das sich umfangreich und ausschlie\u00dflich mit diesen Fu\u00dfball-Bewerben auseinandersetzt.<br \/>\nThematisiert wird neben dem Challenge Cup und den \u00f6sterreichischen Pokalbewerben der Deutsche Tschammer-Pokal. Das Buch bietet neben historischem Bildmaterial zahlreiche Spielberichte, einen ausf\u00fchrlichen Statistikteil und Anekdoten aus den verschiedensten Dekaden.<\/p>\n","protected":false},"excerpt":{"rendered":"<p>180 Seiten, A4, gebunden, Bilderdruck<br \/>\nISBN 978-3-902744-39-5&hellip; <a class=\"kt-excerpt-readmore more-link\" href=\"https:\/\/www.verlagshaus-hernals.at\/shop\/produkt\/david-gegen-goliath\/\" aria-label=\"David gegen Goliath\">Read More<\/a><\/p>\n","protected":false},"featured_media":245,"template":"","meta":{"kt_blocks_editor_width":"","_kad_blocks_custom_css":"","_kad_blocks_head_custom_js":"","_kad_blocks_body_custom_js":"","_kad_blocks_footer_custom_js":""},"product_brand":[],"product_cat":[51],"product_tag":[101],"class_list":{"0":"post-246","1":"product","2":"type-product","3":"status-publish","4":"has-post-thumbnail","6":"product_cat-historisches","7":"product_tag-fussball","9":"first","10":"instock","11":"taxable","12":"shipping-taxable","13":"purchasable","14":"product-type-simple"},"taxonomy_info":{"product_cat":[{"value":51,"label":"Historisches"}],"product_tag":[{"value":101,"label":"Fu\u00dfball"}]},"featured_image_src_large":["https:\/\/www.verlagshaus-hernals.at\/shop\/wp-content\/uploads\/reinhard_pillwein-david_gegen_goliath.jpg",452,634,false],"author_info":[],"comment_info":"","_links":{"self":[{"href":"https:\/\/www.verlagshaus-hernals.at\/shop\/wp-json\/wp\/v2\/product\/246","targetHints":{"allow":["GET"]}}],"collection":[{"href":"https:\/\/www.verlagshaus-hernals.at\/shop\/wp-json\/wp\/v2\/product"}],"about":[{"href":"https:\/\/www.verlagshaus-hernals.at\/shop\/wp-json\/wp\/v2\/types\/product"}],"wp:featuredmedia":[{"embeddable":true,"href":"https:\/\/www.verlagshaus-hernals.at\/shop\/wp-json\/wp\/v2\/media\/245"}],"wp:attachment":[{"href":"https:\/\/www.verlagshaus-hernals.at\/shop\/wp-json\/wp\/v2\/media?parent=246"}],"wp:term":[{"taxonomy":"product_brand","embeddable":true,"href":"https:\/\/www.verlagshaus-hernals.at\/shop\/wp-json\/wp\/v2\/product_brand?post=246"},{"taxonomy":"product_cat","embeddable":true,"href":"https:\/\/www.verlagshaus-hernals.at\/shop\/wp-json\/wp\/v2\/product_cat?post=246"},{"taxonomy":"product_tag","embeddable":true,"href":"https:\/\/www.verlagshaus-hernals.at\/shop\/wp-json\/wp\/v2\/product_tag?post=246"}],"curies":[{"name":"wp","href":"https:\/\/api.w.org\/{rel}","templated":true}]}}