{"id":242,"date":"2010-11-20T13:05:42","date_gmt":"2010-11-20T12:05:42","guid":{"rendered":"https:\/\/www.imerix.at\/bookshop\/produkt\/von-dornbach-in-die-ganze-welt\/"},"modified":"2025-10-25T12:10:22","modified_gmt":"2025-10-25T10:10:22","slug":"von-dornbach-in-die-ganze-welt","status":"publish","type":"product","link":"https:\/\/www.verlagshaus-hernals.at\/shop\/produkt\/von-dornbach-in-die-ganze-welt\/","title":{"rendered":"Von Dornbach in die ganze Welt"},"content":{"rendered":"<p>Von den Anf\u00e4ngen des &#8218;Wiener Cyclisten Club&#8216;, den Meistertiteln der Fu\u00dfballer, den Sternstunden Ende der F\u00fcnfzigerjahre, einschlie\u00dflich des 7:0 gegen Juventus Turin, den H\u00f6hen und Tiefen, Triumphen und Niederlagen sowie den Amateursportsektionen der Gegenwart berichtet diese Chronik des 1883 gegr\u00fcndeten Wiener Sport-Clubs.<br \/>\nSie erz\u00e4hlt von ber\u00fchmten Spielern, schildert unvergessliche Matches und wird durch ausf\u00fchrliche Statistiken mit zahllosen Namen und Resultaten sowie durch historisches Bildmaterial aus mehr als 100 Jahren Wiener Fu\u00dfballgeschichte vervollst\u00e4ndigt.<\/p>\n<p><em>Das Buch, das schon l\u00e4ngst f\u00e4llig war: Die Geschichte eines der sympathischsten und beliebtesten Fu\u00dfballklubs, die es in Europa je gegeben hat \u2013 in der \u00c4ra des legend\u00e4ren 7:0-Sieges \u00fcber Juventus im Europacup war der Sport-Club unsere heimliche Nationalmannschaft. Am 50. Jahrestag habe ich die &#8218;Juventus-Helden&#8216; von 1958 zu einer Jubil\u00e4ums-Show eingeladen \u2013 mit historischen Filmaufnahmen von damals. Aber ich wei\u00df: Au\u00dfer dem 7:0 gibt es noch viele dramatische, spannende und lustige Stories \u00fcber den ewig jung gebliebenen Sport-Club, alle nachzulesen in diesem wunderbaren Buch.<\/em><br \/>\n<em><strong>Heinz Pr\u00fcller,<\/strong> seit Kindheit aktiver Sport-Club-Fan<\/em><\/p>\n<p><em>Dieses Buch ist mit unglaublicher Liebe zum Detail verfasst! Es spiegelt mit Hingabe und Genauigkeit den Spielstil des Wiener Sport-Clubs und l\u00e4sst den ganz speziellen Rhythmus des einzigartigen, genial-schlampigen Spiels ziemlich aller Sport-Club-Generationen nachempfinden! Nicht nur f\u00fcr den WSC-Fan ist dieses Buch ein ergiebiges und interessantes Nachschlagewerk, es gibt jedem Fu\u00dfballfreund Aufschluss \u00fcber alle Eigenarten und Spielweisen des Fu\u00dfballs \u2013 speziell des wienerischen!<\/em><br \/>\n<em><strong>Peter Elstner,<\/strong> Sport-Journalist<\/em><\/p>\n","protected":false},"excerpt":{"rendered":"<p>336 Seiten, 285 Fotos, A4, gebunden<br \/>\nISBN 978-3-9502577-8-6<br \/>\n<span style=\"color: #ff0000;\">Das Buch ist derzeit nicht lieferbar.<\/span>&hellip; <a class=\"kt-excerpt-readmore more-link\" href=\"https:\/\/www.verlagshaus-hernals.at\/shop\/produkt\/von-dornbach-in-die-ganze-welt\/\" aria-label=\"Von Dornbach in die ganze Welt\">Read More<\/a><\/p>\n","protected":false},"featured_media":241,"template":"","meta":{"kt_blocks_editor_width":"","_kad_blocks_custom_css":"","_kad_blocks_head_custom_js":"","_kad_blocks_body_custom_js":"","_kad_blocks_footer_custom_js":""},"product_brand":[],"product_cat":[51],"product_tag":[101],"class_list":{"0":"post-242","1":"product","2":"type-product","3":"status-publish","4":"has-post-thumbnail","6":"product_cat-historisches","7":"product_tag-fussball","9":"first","10":"outofstock","11":"taxable","12":"shipping-taxable","13":"purchasable","14":"product-type-simple"},"taxonomy_info":{"product_cat":[{"value":51,"label":"Historisches"}],"product_tag":[{"value":101,"label":"Fu\u00dfball"}]},"featured_image_src_large":["https:\/\/www.verlagshaus-hernals.at\/shop\/wp-content\/uploads\/almasi_szabo-sportclub.png",468,666,false],"author_info":[],"comment_info":"","_links":{"self":[{"href":"https:\/\/www.verlagshaus-hernals.at\/shop\/wp-json\/wp\/v2\/product\/242","targetHints":{"allow":["GET"]}}],"collection":[{"href":"https:\/\/www.verlagshaus-hernals.at\/shop\/wp-json\/wp\/v2\/product"}],"about":[{"href":"https:\/\/www.verlagshaus-hernals.at\/shop\/wp-json\/wp\/v2\/types\/product"}],"wp:featuredmedia":[{"embeddable":true,"href":"https:\/\/www.verlagshaus-hernals.at\/shop\/wp-json\/wp\/v2\/media\/241"}],"wp:attachment":[{"href":"https:\/\/www.verlagshaus-hernals.at\/shop\/wp-json\/wp\/v2\/media?parent=242"}],"wp:term":[{"taxonomy":"product_brand","embeddable":true,"href":"https:\/\/www.verlagshaus-hernals.at\/shop\/wp-json\/wp\/v2\/product_brand?post=242"},{"taxonomy":"product_cat","embeddable":true,"href":"https:\/\/www.verlagshaus-hernals.at\/shop\/wp-json\/wp\/v2\/product_cat?post=242"},{"taxonomy":"product_tag","embeddable":true,"href":"https:\/\/www.verlagshaus-hernals.at\/shop\/wp-json\/wp\/v2\/product_tag?post=242"}],"curies":[{"name":"wp","href":"https:\/\/api.w.org\/{rel}","templated":true}]}}