{"id":240,"date":"2009-05-28T13:05:42","date_gmt":"2009-05-28T11:05:42","guid":{"rendered":"https:\/\/www.imerix.at\/bookshop\/produkt\/begegnungen-eines-buchhaendlers\/"},"modified":"2025-10-07T00:07:28","modified_gmt":"2025-10-06T22:07:28","slug":"begegnungen-eines-buchhaendlers","status":"publish","type":"product","link":"https:\/\/www.verlagshaus-hernals.at\/shop\/produkt\/begegnungen-eines-buchhaendlers\/","title":{"rendered":"Begegnungen eines Buchh\u00e4ndlers"},"content":{"rendered":"<p>Die \u201eBegegnungen eines Buchh\u00e4ndlers\u201c sind das autobiografische Werk des Buchh\u00e4ndlers Viktor Fink. Viktor Fink ist jetzt 86 Jahre alt und seine Gedanken und Erinnerungen sind glasklar. Er beschreibt in humorvoller und leidenschaftlicher Weise sein Leben und seine T\u00e4tigkeit als Buchh\u00e4ndler in Wien, wobei ihn die Jahre ab 1934 besonders gepr\u00e4gt haben.<\/p>\n<p>Finks Begeisterung f\u00fcr die Lyrik machte seinen Beruf zu einer Berufung. Er begegnete im Laufe der Jahre allen literarischen Pers\u00f6nlichkeiten der Zeit. Er pflegte und sch\u00e4tzte seine Begegnungen mit Autoren wie H.C. Artmann, Franz Werfel, Michael Guttenbrunner und Theodor Kramer.<\/p>\n","protected":false},"excerpt":{"rendered":"<p>228 Seiten, gebunden<br \/>\nISBN 978-3-9502577-1-7<br \/>\n<span style=\"color: #ff0000;\">Das Buch ist nicht mehr lieferbar.<\/span>&hellip; <a class=\"kt-excerpt-readmore more-link\" href=\"https:\/\/www.verlagshaus-hernals.at\/shop\/produkt\/begegnungen-eines-buchhaendlers\/\" aria-label=\"Begegnungen eines Buchh\u00e4ndlers\">Read More<\/a><\/p>\n","protected":false},"featured_media":239,"template":"","meta":{"kt_blocks_editor_width":"","_kad_blocks_custom_css":"","_kad_blocks_head_custom_js":"","_kad_blocks_body_custom_js":"","_kad_blocks_footer_custom_js":""},"product_brand":[],"product_cat":[51],"product_tag":[],"class_list":{"0":"post-240","1":"product","2":"type-product","3":"status-publish","4":"has-post-thumbnail","6":"product_cat-historisches","8":"first","9":"outofstock","10":"taxable","11":"shipping-taxable","12":"purchasable","13":"product-type-simple"},"taxonomy_info":{"product_cat":[{"value":51,"label":"Historisches"}]},"featured_image_src_large":["https:\/\/www.verlagshaus-hernals.at\/shop\/wp-content\/uploads\/begegnungen_eines_buchhaendlers.jpg",372,559,false],"author_info":[],"comment_info":"","_links":{"self":[{"href":"https:\/\/www.verlagshaus-hernals.at\/shop\/wp-json\/wp\/v2\/product\/240","targetHints":{"allow":["GET"]}}],"collection":[{"href":"https:\/\/www.verlagshaus-hernals.at\/shop\/wp-json\/wp\/v2\/product"}],"about":[{"href":"https:\/\/www.verlagshaus-hernals.at\/shop\/wp-json\/wp\/v2\/types\/product"}],"wp:featuredmedia":[{"embeddable":true,"href":"https:\/\/www.verlagshaus-hernals.at\/shop\/wp-json\/wp\/v2\/media\/239"}],"wp:attachment":[{"href":"https:\/\/www.verlagshaus-hernals.at\/shop\/wp-json\/wp\/v2\/media?parent=240"}],"wp:term":[{"taxonomy":"product_brand","embeddable":true,"href":"https:\/\/www.verlagshaus-hernals.at\/shop\/wp-json\/wp\/v2\/product_brand?post=240"},{"taxonomy":"product_cat","embeddable":true,"href":"https:\/\/www.verlagshaus-hernals.at\/shop\/wp-json\/wp\/v2\/product_cat?post=240"},{"taxonomy":"product_tag","embeddable":true,"href":"https:\/\/www.verlagshaus-hernals.at\/shop\/wp-json\/wp\/v2\/product_tag?post=240"}],"curies":[{"name":"wp","href":"https:\/\/api.w.org\/{rel}","templated":true}]}}