{"id":238,"date":"2022-03-15T13:05:42","date_gmt":"2022-03-15T12:05:42","guid":{"rendered":"https:\/\/www.imerix.at\/bookshop\/produkt\/wiener-kindheit-um-1900\/"},"modified":"2025-04-18T17:25:47","modified_gmt":"2025-04-18T15:25:47","slug":"wiener-kindheit-um-1900","status":"publish","type":"product","link":"https:\/\/www.verlagshaus-hernals.at\/shop\/produkt\/wiener-kindheit-um-1900\/","title":{"rendered":"WIENER KINDHEIT UM 1900"},"content":{"rendered":"<p>In diesem Buch wird einer Wiener Kindheit um 1900 nachgesp\u00fcrt. Dazu werden drei Quellen herangezogen \u2013 die Kindheitserinnerungen von Haenny Wintersteiner, geborene Adler, ihr f\u00fcr die eigenen Kinder verfasstes Bilderbuch, Das Weine Kind, sowie eine kleine Auswahl aus ihren Gedichten, jene, die speziell die Eltern-Kind-Beziehung ansprechen.<br \/>\nEs ist eine doppelte Kindheit \u2013 die Kindheit eines M\u00e4dchens in den letzten Jahrzehnten des 19. Jahrhunderts und die Verarbeitung dieser Kindheit zun\u00e4chst als junge Mutter, deren Kinder kurz nach der Jahrhundertwende zur Welt gekommen sind, und sp\u00e4ter als alte Frau, die sich zur\u00fcckerinnert.<\/p>\n","protected":false},"excerpt":{"rendered":"<p>84 Seiten, gebunden, Farbbilder<br \/>\nISBN 978-3-903442-17-7&hellip; <a class=\"kt-excerpt-readmore more-link\" href=\"https:\/\/www.verlagshaus-hernals.at\/shop\/produkt\/wiener-kindheit-um-1900\/\" aria-label=\"WIENER KINDHEIT UM 1900\">Read More<\/a><\/p>\n","protected":false},"featured_media":237,"template":"","meta":{"kt_blocks_editor_width":"","_kad_blocks_custom_css":"","_kad_blocks_head_custom_js":"","_kad_blocks_body_custom_js":"","_kad_blocks_footer_custom_js":""},"product_brand":[],"product_cat":[47,51],"product_tag":[],"class_list":{"0":"post-238","1":"product","2":"type-product","3":"status-publish","4":"has-post-thumbnail","6":"product_cat-zeitgeschichte","7":"product_cat-historisches","9":"first","10":"instock","11":"taxable","12":"shipping-taxable","13":"purchasable","14":"product-type-simple"},"taxonomy_info":{"product_cat":[{"value":47,"label":"Zeitgeschichte"},{"value":51,"label":"Historisches"}]},"featured_image_src_large":["https:\/\/www.verlagshaus-hernals.at\/shop\/wp-content\/uploads\/cover_wintersteiner-wiener-kindheit-um-1900.jpg",483,798,false],"author_info":[],"comment_info":"","_links":{"self":[{"href":"https:\/\/www.verlagshaus-hernals.at\/shop\/wp-json\/wp\/v2\/product\/238","targetHints":{"allow":["GET"]}}],"collection":[{"href":"https:\/\/www.verlagshaus-hernals.at\/shop\/wp-json\/wp\/v2\/product"}],"about":[{"href":"https:\/\/www.verlagshaus-hernals.at\/shop\/wp-json\/wp\/v2\/types\/product"}],"wp:featuredmedia":[{"embeddable":true,"href":"https:\/\/www.verlagshaus-hernals.at\/shop\/wp-json\/wp\/v2\/media\/237"}],"wp:attachment":[{"href":"https:\/\/www.verlagshaus-hernals.at\/shop\/wp-json\/wp\/v2\/media?parent=238"}],"wp:term":[{"taxonomy":"product_brand","embeddable":true,"href":"https:\/\/www.verlagshaus-hernals.at\/shop\/wp-json\/wp\/v2\/product_brand?post=238"},{"taxonomy":"product_cat","embeddable":true,"href":"https:\/\/www.verlagshaus-hernals.at\/shop\/wp-json\/wp\/v2\/product_cat?post=238"},{"taxonomy":"product_tag","embeddable":true,"href":"https:\/\/www.verlagshaus-hernals.at\/shop\/wp-json\/wp\/v2\/product_tag?post=238"}],"curies":[{"name":"wp","href":"https:\/\/api.w.org\/{rel}","templated":true}]}}