{"id":236,"date":"2020-09-15T13:05:41","date_gmt":"2020-09-15T11:05:41","guid":{"rendered":"https:\/\/www.imerix.at\/bookshop\/produkt\/zwischen-graeben-und-kriegen\/"},"modified":"2025-04-18T17:26:41","modified_gmt":"2025-04-18T15:26:41","slug":"zwischen-graeben-und-kriegen","status":"publish","type":"product","link":"https:\/\/www.verlagshaus-hernals.at\/shop\/produkt\/zwischen-graeben-und-kriegen\/","title":{"rendered":"Zwischen Gr\u00e4ben und Kriegen"},"content":{"rendered":"<p>Christiane Sch\u00fctte beleuchtet in ihrem nunmehr dritten Buch die Ereignisse entlang der \u00f6sterreichisch-slowenischen Grenzregion zwischen 1918 und den ersten Jahren nach dem Zweiten Weltkrieg.<br \/>\nWie bereits in den vorangegangenen Publikationen, l\u00e4sst die Autorin ZeitzeugInnen zu Wort kommen, die \u00fcber die Entstehung neuer Staaten berichten, die gepr\u00e4gt ist durch kriegs\u00e4hnliche Auseinandersetzungen ohne R\u00fccksichtnahme auf die leidgepr\u00fcfte Bev\u00f6lkerung.<\/p>\n","protected":false},"excerpt":{"rendered":"<p>244 Seiten, 20 Abbildungen, broschiert<br \/>\nISBN 978-3-902975-88-1&hellip; <a class=\"kt-excerpt-readmore more-link\" href=\"https:\/\/www.verlagshaus-hernals.at\/shop\/produkt\/zwischen-graeben-und-kriegen\/\" aria-label=\"Zwischen Gr\u00e4ben und Kriegen\">Read More<\/a><\/p>\n","protected":false},"featured_media":235,"template":"","meta":{"kt_blocks_editor_width":"","_kad_blocks_custom_css":"","_kad_blocks_head_custom_js":"","_kad_blocks_body_custom_js":"","_kad_blocks_footer_custom_js":""},"product_brand":[],"product_cat":[47,61,49],"product_tag":[62],"class_list":{"0":"post-236","1":"product","2":"type-product","3":"status-publish","4":"has-post-thumbnail","6":"product_cat-zeitgeschichte","7":"product_cat-sachbuch","8":"product_cat-wissenschaft","9":"product_tag-christiane-schuette","11":"first","12":"instock","13":"taxable","14":"shipping-taxable","15":"purchasable","16":"product-type-simple"},"taxonomy_info":{"product_cat":[{"value":47,"label":"Zeitgeschichte"},{"value":61,"label":"Sachbuch"},{"value":49,"label":"Wissenschaft"}],"product_tag":[{"value":62,"label":"Christiane Sch\u00fctte"}]},"featured_image_src_large":["https:\/\/www.verlagshaus-hernals.at\/shop\/wp-content\/uploads\/christiane_schuette-zwischen_graeben_und_kriegen-725x1024.jpg",725,1024,true],"author_info":[],"comment_info":"","_links":{"self":[{"href":"https:\/\/www.verlagshaus-hernals.at\/shop\/wp-json\/wp\/v2\/product\/236","targetHints":{"allow":["GET"]}}],"collection":[{"href":"https:\/\/www.verlagshaus-hernals.at\/shop\/wp-json\/wp\/v2\/product"}],"about":[{"href":"https:\/\/www.verlagshaus-hernals.at\/shop\/wp-json\/wp\/v2\/types\/product"}],"wp:featuredmedia":[{"embeddable":true,"href":"https:\/\/www.verlagshaus-hernals.at\/shop\/wp-json\/wp\/v2\/media\/235"}],"wp:attachment":[{"href":"https:\/\/www.verlagshaus-hernals.at\/shop\/wp-json\/wp\/v2\/media?parent=236"}],"wp:term":[{"taxonomy":"product_brand","embeddable":true,"href":"https:\/\/www.verlagshaus-hernals.at\/shop\/wp-json\/wp\/v2\/product_brand?post=236"},{"taxonomy":"product_cat","embeddable":true,"href":"https:\/\/www.verlagshaus-hernals.at\/shop\/wp-json\/wp\/v2\/product_cat?post=236"},{"taxonomy":"product_tag","embeddable":true,"href":"https:\/\/www.verlagshaus-hernals.at\/shop\/wp-json\/wp\/v2\/product_tag?post=236"}],"curies":[{"name":"wp","href":"https:\/\/api.w.org\/{rel}","templated":true}]}}