{"id":234,"date":"2017-10-18T13:05:40","date_gmt":"2017-10-18T11:05:40","guid":{"rendered":"https:\/\/www.imerix.at\/bookshop\/produkt\/vom-brot-im-meer\/"},"modified":"2025-12-10T11:34:08","modified_gmt":"2025-12-10T10:34:08","slug":"vom-brot-im-meer","status":"publish","type":"product","link":"https:\/\/www.verlagshaus-hernals.at\/shop\/produkt\/vom-brot-im-meer\/","title":{"rendered":"Vom Brot im Meer"},"content":{"rendered":"<p>Dieses bemerkenswerte Buch ist das Protokoll einer langen Reise. Es zeichnet ein Leben nach, das im November 2017 ein Jahrhundert umfassen wird und von Vertreibung, Exil und pers\u00f6nlichen R\u00fcckschl\u00e4gen gekennzeichnet war.<br \/>\nEs zeigt uns die Ohnmacht des Einzelnen gegen\u00fcber den politischen Wirren eines Jahrhunderts, aber auch den unb\u00e4ndigen Willen, stets von neuem zu beginnen. Elsie Slonim, 1917 in New York geboren, wuchs in Baden bei Wien auf.<br \/>\nSie hat zwei Weltkriege, mehrere Wirtschaftskrisen, den Nationalsozialismus, eine Evakuierung von Zypern nach Pal\u00e4stina, und schlie\u00dflich, nach ihrer R\u00fcckkehr auf die Insel, die t\u00fcrkische Invasion auf Zypern 1974 miterlebt.<br \/>\nMit der Macht\u00fcbernahme der Nationalsozialisten geriet das Leben der jungen Frau aus den Fugen. Sie erfuhr, was es hei\u00dft, J\u00fcdin zu sein. \u201eIch dachte, ich sei \u00d6sterreicherin, ich trug doch ein Dirndl!\u201c, erz\u00e4hlt Elsie Slonim. Ihr amerikanischer Reisepass sch\u00fctzte sie zeitlebens vor Verfolgung.<br \/>\n1939 emigrierte sie unter dem Druck der nationalsozialistischen Gewaltherrschaft wieder in die USA. Der Gro\u00dfteil ihrer Familie wurde von den Nationalsozialisten ermordet.<\/p>\n","protected":false},"excerpt":{"rendered":"<p>200 Seiten, Klappenbroschur, SW Fotografien<br \/>\nISBN 978-3-902975-57-7&hellip; <a class=\"kt-excerpt-readmore more-link\" href=\"https:\/\/www.verlagshaus-hernals.at\/shop\/produkt\/vom-brot-im-meer\/\" aria-label=\"Vom Brot im Meer\">Read More<\/a><\/p>\n","protected":false},"featured_media":233,"template":"","meta":{"kt_blocks_editor_width":"","_kad_blocks_custom_css":"","_kad_blocks_head_custom_js":"","_kad_blocks_body_custom_js":"","_kad_blocks_footer_custom_js":""},"product_brand":[],"product_cat":[47,51],"product_tag":[63],"class_list":{"0":"post-234","1":"product","2":"type-product","3":"status-publish","4":"has-post-thumbnail","6":"product_cat-zeitgeschichte","7":"product_cat-historisches","8":"product_tag-elsie-slonim","10":"first","11":"instock","12":"taxable","13":"shipping-taxable","14":"purchasable","15":"product-type-simple"},"taxonomy_info":{"product_cat":[{"value":47,"label":"Zeitgeschichte"},{"value":51,"label":"Historisches"}],"product_tag":[{"value":63,"label":"Elsie Slonim"}]},"featured_image_src_large":["https:\/\/www.verlagshaus-hernals.at\/shop\/wp-content\/uploads\/elsie_slonim-vom_brot_im_meer.jpg",403,650,false],"author_info":[],"comment_info":"","_links":{"self":[{"href":"https:\/\/www.verlagshaus-hernals.at\/shop\/wp-json\/wp\/v2\/product\/234","targetHints":{"allow":["GET"]}}],"collection":[{"href":"https:\/\/www.verlagshaus-hernals.at\/shop\/wp-json\/wp\/v2\/product"}],"about":[{"href":"https:\/\/www.verlagshaus-hernals.at\/shop\/wp-json\/wp\/v2\/types\/product"}],"wp:featuredmedia":[{"embeddable":true,"href":"https:\/\/www.verlagshaus-hernals.at\/shop\/wp-json\/wp\/v2\/media\/233"}],"wp:attachment":[{"href":"https:\/\/www.verlagshaus-hernals.at\/shop\/wp-json\/wp\/v2\/media?parent=234"}],"wp:term":[{"taxonomy":"product_brand","embeddable":true,"href":"https:\/\/www.verlagshaus-hernals.at\/shop\/wp-json\/wp\/v2\/product_brand?post=234"},{"taxonomy":"product_cat","embeddable":true,"href":"https:\/\/www.verlagshaus-hernals.at\/shop\/wp-json\/wp\/v2\/product_cat?post=234"},{"taxonomy":"product_tag","embeddable":true,"href":"https:\/\/www.verlagshaus-hernals.at\/shop\/wp-json\/wp\/v2\/product_tag?post=234"}],"curies":[{"name":"wp","href":"https:\/\/api.w.org\/{rel}","templated":true}]}}