{"id":230,"date":"2016-06-27T13:05:40","date_gmt":"2016-06-27T11:05:40","guid":{"rendered":"https:\/\/www.imerix.at\/bookshop\/produkt\/simon-wiesenthal-gasse-5\/"},"modified":"2025-04-18T17:30:23","modified_gmt":"2025-04-18T15:30:23","slug":"simon-wiesenthal-gasse-5","status":"publish","type":"product","link":"https:\/\/www.verlagshaus-hernals.at\/shop\/produkt\/simon-wiesenthal-gasse-5\/","title":{"rendered":"Simon Wiesenthal Gasse 5"},"content":{"rendered":"<p>In der Simon Wiesenthal Gasse 5 in Wien befindet sich das Maimonides-Zentrum, das Seniorenheim der Israelitischen Kultusgemeinde.<br \/>\nDie Judaistin und Sozialberaterin Traude Litzka hat mit zw\u00f6lf Bewohnerinnen und Bewohnern des Maimonides-Zentrums ausf\u00fchrliche Gespr\u00e4che gef\u00fchrt und deren Lebenserinnerungen aufgezeichnet.<br \/>\nDie bewegenden Geschichten berichten von Vertreibung, Flucht, Ghettos und Konzentrationslagern.<br \/>\nUnd sie erz\u00e4hlen von Liebe, Mut und gl\u00fccklichen Zuf\u00e4llen in einer dunklen Zeit, die gerade soweit zur\u00fcckliegt, dass die letzten Zeitzeugen noch von ihr berichten k\u00f6nnen.<\/p>\n","protected":false},"excerpt":{"rendered":"<p>198 Seiten,\u00a025\u00a0Fotos, gebunden<br \/>\nISBN 978-3-902975-35-5&hellip; <a class=\"kt-excerpt-readmore more-link\" href=\"https:\/\/www.verlagshaus-hernals.at\/shop\/produkt\/simon-wiesenthal-gasse-5\/\" aria-label=\"Simon Wiesenthal Gasse 5\">Read More<\/a><\/p>\n","protected":false},"featured_media":229,"template":"","meta":{"kt_blocks_editor_width":"","_kad_blocks_custom_css":"","_kad_blocks_head_custom_js":"","_kad_blocks_body_custom_js":"","_kad_blocks_footer_custom_js":""},"product_brand":[],"product_cat":[47,51],"product_tag":[56],"class_list":{"0":"post-230","1":"product","2":"type-product","3":"status-publish","4":"has-post-thumbnail","6":"product_cat-zeitgeschichte","7":"product_cat-historisches","8":"product_tag-traude-litzka","10":"first","11":"instock","12":"taxable","13":"shipping-taxable","14":"purchasable","15":"product-type-simple"},"taxonomy_info":{"product_cat":[{"value":47,"label":"Zeitgeschichte"},{"value":51,"label":"Historisches"}],"product_tag":[{"value":56,"label":"Traude Litzka"}]},"featured_image_src_large":["https:\/\/www.verlagshaus-hernals.at\/shop\/wp-content\/uploads\/traude_litzka-simon_wiesenthal_gasse.jpg",402,648,false],"author_info":[],"comment_info":"","_links":{"self":[{"href":"https:\/\/www.verlagshaus-hernals.at\/shop\/wp-json\/wp\/v2\/product\/230","targetHints":{"allow":["GET"]}}],"collection":[{"href":"https:\/\/www.verlagshaus-hernals.at\/shop\/wp-json\/wp\/v2\/product"}],"about":[{"href":"https:\/\/www.verlagshaus-hernals.at\/shop\/wp-json\/wp\/v2\/types\/product"}],"wp:featuredmedia":[{"embeddable":true,"href":"https:\/\/www.verlagshaus-hernals.at\/shop\/wp-json\/wp\/v2\/media\/229"}],"wp:attachment":[{"href":"https:\/\/www.verlagshaus-hernals.at\/shop\/wp-json\/wp\/v2\/media?parent=230"}],"wp:term":[{"taxonomy":"product_brand","embeddable":true,"href":"https:\/\/www.verlagshaus-hernals.at\/shop\/wp-json\/wp\/v2\/product_brand?post=230"},{"taxonomy":"product_cat","embeddable":true,"href":"https:\/\/www.verlagshaus-hernals.at\/shop\/wp-json\/wp\/v2\/product_cat?post=230"},{"taxonomy":"product_tag","embeddable":true,"href":"https:\/\/www.verlagshaus-hernals.at\/shop\/wp-json\/wp\/v2\/product_tag?post=230"}],"curies":[{"name":"wp","href":"https:\/\/api.w.org\/{rel}","templated":true}]}}