{"id":228,"date":"2015-07-20T13:05:40","date_gmt":"2015-07-20T11:05:40","guid":{"rendered":"https:\/\/www.imerix.at\/bookshop\/produkt\/ueberfahrene-lebenswelt\/"},"modified":"2025-04-18T17:27:58","modified_gmt":"2025-04-18T15:27:58","slug":"ueberfahrene-lebenswelt","status":"publish","type":"product","link":"https:\/\/www.verlagshaus-hernals.at\/shop\/produkt\/ueberfahrene-lebenswelt\/","title":{"rendered":"\u00dcberfahrene Lebenswelt"},"content":{"rendered":"<p>Christiane Sch\u00fctte befasste sich in ihrem viel beachteten Buch\u00a0<em>Heimkehr ohne Heimat \u2013 \u00dcber R\u00fcckkehr und Neubeginn der 1942 vertriebenen K\u00e4rntner Slowenen<\/em>\u00a0mit den politischen Beweggr\u00fcnden f\u00fcr die Aussiedelung der K\u00e4rntner Slowenen. Sie befragte Zeitzeugen und recherchierte die Umst\u00e4nde der Geschehnisse.<br \/>\nDabei wurde sie auch auf das Schicksal der Bewohner des Kanaltals aufmerksam. Diese wurden ihrerseits auf H\u00f6fen der ausgesiedelten K\u00e4rntner Slowenen angesiedelt. Sch\u00fctte beleuchtet nun auch deren Geschichte.<\/p>\n","protected":false},"excerpt":{"rendered":"<p>200 Seiten, broschiert<br \/>\nISBN 978-3-902975-19-5&hellip; <a class=\"kt-excerpt-readmore more-link\" href=\"https:\/\/www.verlagshaus-hernals.at\/shop\/produkt\/ueberfahrene-lebenswelt\/\" aria-label=\"\u00dcberfahrene Lebenswelt\">Read More<\/a><\/p>\n","protected":false},"featured_media":227,"template":"","meta":{"kt_blocks_editor_width":"","_kad_blocks_custom_css":"","_kad_blocks_head_custom_js":"","_kad_blocks_body_custom_js":"","_kad_blocks_footer_custom_js":""},"product_brand":[],"product_cat":[47,61,49],"product_tag":[62],"class_list":{"0":"post-228","1":"product","2":"type-product","3":"status-publish","4":"has-post-thumbnail","6":"product_cat-zeitgeschichte","7":"product_cat-sachbuch","8":"product_cat-wissenschaft","9":"product_tag-christiane-schuette","11":"first","12":"instock","13":"taxable","14":"shipping-taxable","15":"purchasable","16":"product-type-simple"},"taxonomy_info":{"product_cat":[{"value":47,"label":"Zeitgeschichte"},{"value":61,"label":"Sachbuch"},{"value":49,"label":"Wissenschaft"}],"product_tag":[{"value":62,"label":"Christiane Sch\u00fctte"}]},"featured_image_src_large":["https:\/\/www.verlagshaus-hernals.at\/shop\/wp-content\/uploads\/christiane-schuette_ueberfahrene-lebenswelt.jpg",457,648,false],"author_info":[],"comment_info":"","_links":{"self":[{"href":"https:\/\/www.verlagshaus-hernals.at\/shop\/wp-json\/wp\/v2\/product\/228","targetHints":{"allow":["GET"]}}],"collection":[{"href":"https:\/\/www.verlagshaus-hernals.at\/shop\/wp-json\/wp\/v2\/product"}],"about":[{"href":"https:\/\/www.verlagshaus-hernals.at\/shop\/wp-json\/wp\/v2\/types\/product"}],"wp:featuredmedia":[{"embeddable":true,"href":"https:\/\/www.verlagshaus-hernals.at\/shop\/wp-json\/wp\/v2\/media\/227"}],"wp:attachment":[{"href":"https:\/\/www.verlagshaus-hernals.at\/shop\/wp-json\/wp\/v2\/media?parent=228"}],"wp:term":[{"taxonomy":"product_brand","embeddable":true,"href":"https:\/\/www.verlagshaus-hernals.at\/shop\/wp-json\/wp\/v2\/product_brand?post=228"},{"taxonomy":"product_cat","embeddable":true,"href":"https:\/\/www.verlagshaus-hernals.at\/shop\/wp-json\/wp\/v2\/product_cat?post=228"},{"taxonomy":"product_tag","embeddable":true,"href":"https:\/\/www.verlagshaus-hernals.at\/shop\/wp-json\/wp\/v2\/product_tag?post=228"}],"curies":[{"name":"wp","href":"https:\/\/api.w.org\/{rel}","templated":true}]}}