{"id":224,"date":"2014-07-21T13:05:39","date_gmt":"2014-07-21T11:05:39","guid":{"rendered":"https:\/\/www.imerix.at\/bookshop\/produkt\/heimkehr-ohne-heimat\/"},"modified":"2025-04-18T17:33:47","modified_gmt":"2025-04-18T15:33:47","slug":"heimkehr-ohne-heimat","status":"publish","type":"product","link":"https:\/\/www.verlagshaus-hernals.at\/shop\/produkt\/heimkehr-ohne-heimat\/","title":{"rendered":"Heimkehr ohne Heimat"},"content":{"rendered":"<p>Christiane Sch\u00fctte befasst sich mit der Frage nach den politischen Beweggr\u00fcnden f\u00fcr die 1942 erfolgte Aussiedelung der K\u00e4rntner Slowenen.<br \/>\nSie befragte Zeitzeugen und recherchierte die Umst\u00e4nde der R\u00fcckkehr nach K\u00e4rnten. Die InterviewpartnerInnen berichten \u00fcber ihre Lagerzeit sowie \u00fcber das Kriegsende und ihre Heimkehr. Ebenso untersuchte Sch\u00fctte die Nachwirkungen dieser entbehrungsreichen Zeit, den Unterricht in der britischen Besatzungszeit und die wirtschaftliche Situation der Zur\u00fcckgekehrten. Die Erinnerung an diese Geschehnisse verblassen mit dem Tod jedes einzelnen Zeitzeugen ein St\u00fcck mehr. Die Ressentiments bleiben.<\/p>\n","protected":false},"excerpt":{"rendered":"<p>140 Seiten, broschiert<br \/>\nISBN 978-3-902975-05-8&hellip; <a class=\"kt-excerpt-readmore more-link\" href=\"https:\/\/www.verlagshaus-hernals.at\/shop\/produkt\/heimkehr-ohne-heimat\/\" aria-label=\"Heimkehr ohne Heimat\">Read More<\/a><\/p>\n","protected":false},"featured_media":223,"template":"","meta":{"kt_blocks_editor_width":"","_kad_blocks_custom_css":"","_kad_blocks_head_custom_js":"","_kad_blocks_body_custom_js":"","_kad_blocks_footer_custom_js":""},"product_brand":[],"product_cat":[47,61,49],"product_tag":[62],"class_list":{"0":"post-224","1":"product","2":"type-product","3":"status-publish","4":"has-post-thumbnail","6":"product_cat-zeitgeschichte","7":"product_cat-sachbuch","8":"product_cat-wissenschaft","9":"product_tag-christiane-schuette","11":"first","12":"instock","13":"taxable","14":"shipping-taxable","15":"purchasable","16":"product-type-simple"},"taxonomy_info":{"product_cat":[{"value":47,"label":"Zeitgeschichte"},{"value":61,"label":"Sachbuch"},{"value":49,"label":"Wissenschaft"}],"product_tag":[{"value":62,"label":"Christiane Sch\u00fctte"}]},"featured_image_src_large":["https:\/\/www.verlagshaus-hernals.at\/shop\/wp-content\/uploads\/christiane-schC3BCtte_heimkehr-ohne-heimat.jpg",465,648,false],"author_info":[],"comment_info":"","_links":{"self":[{"href":"https:\/\/www.verlagshaus-hernals.at\/shop\/wp-json\/wp\/v2\/product\/224","targetHints":{"allow":["GET"]}}],"collection":[{"href":"https:\/\/www.verlagshaus-hernals.at\/shop\/wp-json\/wp\/v2\/product"}],"about":[{"href":"https:\/\/www.verlagshaus-hernals.at\/shop\/wp-json\/wp\/v2\/types\/product"}],"wp:featuredmedia":[{"embeddable":true,"href":"https:\/\/www.verlagshaus-hernals.at\/shop\/wp-json\/wp\/v2\/media\/223"}],"wp:attachment":[{"href":"https:\/\/www.verlagshaus-hernals.at\/shop\/wp-json\/wp\/v2\/media?parent=224"}],"wp:term":[{"taxonomy":"product_brand","embeddable":true,"href":"https:\/\/www.verlagshaus-hernals.at\/shop\/wp-json\/wp\/v2\/product_brand?post=224"},{"taxonomy":"product_cat","embeddable":true,"href":"https:\/\/www.verlagshaus-hernals.at\/shop\/wp-json\/wp\/v2\/product_cat?post=224"},{"taxonomy":"product_tag","embeddable":true,"href":"https:\/\/www.verlagshaus-hernals.at\/shop\/wp-json\/wp\/v2\/product_tag?post=224"}],"curies":[{"name":"wp","href":"https:\/\/api.w.org\/{rel}","templated":true}]}}