{"id":209,"date":"2020-05-19T13:05:36","date_gmt":"2020-05-19T11:05:36","guid":{"rendered":"https:\/\/www.imerix.at\/bookshop\/produkt\/die-letzte-frage-der-menschheit\/"},"modified":"2025-04-18T19:21:01","modified_gmt":"2025-04-18T17:21:01","slug":"die-letzte-frage-der-menschheit","status":"publish","type":"product","link":"https:\/\/www.verlagshaus-hernals.at\/shop\/produkt\/die-letzte-frage-der-menschheit\/","title":{"rendered":"Die letzte Frage der Menschheit"},"content":{"rendered":"<p><em>es fliegt immerfort<\/em><br \/>\n<em>ein insekt um mich herum<\/em><br \/>\n<em>ach w\u00e4r es nur stumm<\/em><\/p>\n<p>\u201eMomente der alkoholgeschw\u00e4ngerten Einsamkeit, die Hinterh\u00f6fe der Gro\u00dfstadt, das kleine Elend, das die Werkt\u00e4tigen mit der Zeit erw\u00fcrgt, die schreckliche Erkenntnis des Alterns, die Unerf\u00fcllbarkeit unserer glosenden Sehns\u00fcchte \u2013 es sind die kleinen Trag\u00f6dien, die uns mit der Zeit auffressen. Rudolf Kraus f\u00fchrt seiner Leserschaft vor, wie man es zuwege bringt, sich selbst trotz aller Widrigkeiten nicht allzu wichtig zu nehmen.\u201c<br \/>\n<em>Armin Baumgartner<\/em><\/p>\n","protected":false},"excerpt":{"rendered":"<p>140 Seiten, gebunden<br \/>\nISBN 978-3-902744-73-7&hellip; <a class=\"kt-excerpt-readmore more-link\" href=\"https:\/\/www.verlagshaus-hernals.at\/shop\/produkt\/die-letzte-frage-der-menschheit\/\" aria-label=\"Die letzte Frage der Menschheit\">Read More<\/a><\/p>\n","protected":false},"featured_media":208,"template":"","meta":{"kt_blocks_editor_width":"","_kad_blocks_custom_css":"","_kad_blocks_head_custom_js":"","_kad_blocks_body_custom_js":"","_kad_blocks_footer_custom_js":""},"product_brand":[],"product_cat":[38],"product_tag":[42],"class_list":{"0":"post-209","1":"product","2":"type-product","3":"status-publish","4":"has-post-thumbnail","6":"product_cat-lyrik","7":"product_tag-rudolf-kraus","9":"first","10":"instock","11":"taxable","12":"shipping-taxable","13":"purchasable","14":"product-type-simple"},"taxonomy_info":{"product_cat":[{"value":38,"label":"Lyrik"}],"product_tag":[{"value":42,"label":"Rudolf Kraus"}]},"featured_image_src_large":["https:\/\/www.verlagshaus-hernals.at\/shop\/wp-content\/uploads\/rudolf_kraus-die_letzte_frage_der_menschheit.jpg",562,1004,false],"author_info":[],"comment_info":"","_links":{"self":[{"href":"https:\/\/www.verlagshaus-hernals.at\/shop\/wp-json\/wp\/v2\/product\/209","targetHints":{"allow":["GET"]}}],"collection":[{"href":"https:\/\/www.verlagshaus-hernals.at\/shop\/wp-json\/wp\/v2\/product"}],"about":[{"href":"https:\/\/www.verlagshaus-hernals.at\/shop\/wp-json\/wp\/v2\/types\/product"}],"wp:featuredmedia":[{"embeddable":true,"href":"https:\/\/www.verlagshaus-hernals.at\/shop\/wp-json\/wp\/v2\/media\/208"}],"wp:attachment":[{"href":"https:\/\/www.verlagshaus-hernals.at\/shop\/wp-json\/wp\/v2\/media?parent=209"}],"wp:term":[{"taxonomy":"product_brand","embeddable":true,"href":"https:\/\/www.verlagshaus-hernals.at\/shop\/wp-json\/wp\/v2\/product_brand?post=209"},{"taxonomy":"product_cat","embeddable":true,"href":"https:\/\/www.verlagshaus-hernals.at\/shop\/wp-json\/wp\/v2\/product_cat?post=209"},{"taxonomy":"product_tag","embeddable":true,"href":"https:\/\/www.verlagshaus-hernals.at\/shop\/wp-json\/wp\/v2\/product_tag?post=209"}],"curies":[{"name":"wp","href":"https:\/\/api.w.org\/{rel}","templated":true}]}}