{"id":185,"date":"2015-09-17T13:05:31","date_gmt":"2015-09-17T11:05:31","guid":{"rendered":"https:\/\/www.imerix.at\/bookshop\/produkt\/des-is-wien-to-je-bec\/"},"modified":"2025-04-18T19:11:10","modified_gmt":"2025-04-18T17:11:10","slug":"des-is-wien-to-je-bec","status":"publish","type":"product","link":"https:\/\/www.verlagshaus-hernals.at\/shop\/produkt\/des-is-wien-to-je-bec\/","title":{"rendered":"Des is Wien &#8211; To je Be\u010d"},"content":{"rendered":"<p>Des is Wien \u2013 To je Be\u010d \u2013 Was ist Wien denn eigentlich?<br \/>\nDurch welche Traditionen, Eigenheiten, Kulturmerkmale und nicht zuletzt: Durch welche Menschen definiert es sich?<br \/>\nDer Wiener Schriftsteller Gerhard Blaboll, von B\u00fcrgermeister Dr. H\u00e4upl zum Wiener Stadtpoeten geadelt, hat sich daran gemacht, diese Fragen mit ironischen Texten, Gedichten, Liedern und Balladen zu beantworten.<br \/>\nDer in Wien und Serbien lebende Schriftsteller Du\u0161an Savi\u0107 hat diese Texte nachgedichtet und \u00fcbersetzt.<\/p>\n<p><em>Die Wiener Charakter ist kein Geschenk des Himmels, sondern ein Meisterwerk des H\u00f6llenf\u00fcrsten. Daher hat die Freude stets einen Schatten, der gleicherma\u00dfen zum Heulen und zum Jubeln anregt.<\/em><br \/>\n<em>Aus diesem scheinbaren Widerspruch speist sich seit langem das literarische Wiener Volksverm\u00f6gen. Gerhard Blaboll setzt diese ehrw\u00fcrdige Tradition der pestigen Hinterlist w\u00fcrdig fort.<\/em><\/p>\n<p><em>Helmuth A. Niederle<\/em><br \/>\n<em>Pr\u00e4sident des \u00f6sterreichischen P.E.N.-Clubs<\/em><\/p>\n","protected":false},"excerpt":{"rendered":"<p>228 Seiten, broschiert<br \/>\nISBN 978-3-902975-24-9&hellip; <a class=\"kt-excerpt-readmore more-link\" href=\"https:\/\/www.verlagshaus-hernals.at\/shop\/produkt\/des-is-wien-to-je-bec\/\" aria-label=\"Des is Wien &#8211; To je Be\u010d\">Read More<\/a><\/p>\n","protected":false},"featured_media":184,"template":"","meta":{"kt_blocks_editor_width":"","_kad_blocks_custom_css":"","_kad_blocks_head_custom_js":"","_kad_blocks_body_custom_js":"","_kad_blocks_footer_custom_js":""},"product_brand":[],"product_cat":[38],"product_tag":[],"class_list":{"0":"post-185","1":"product","2":"type-product","3":"status-publish","4":"has-post-thumbnail","6":"product_cat-lyrik","8":"first","9":"instock","10":"taxable","11":"shipping-taxable","12":"purchasable","13":"product-type-simple"},"taxonomy_info":{"product_cat":[{"value":38,"label":"Lyrik"}]},"featured_image_src_large":["https:\/\/www.verlagshaus-hernals.at\/shop\/wp-content\/uploads\/blaboll-savic_des-is-wien_to-je-bec.jpg",416,650,false],"author_info":[],"comment_info":"","_links":{"self":[{"href":"https:\/\/www.verlagshaus-hernals.at\/shop\/wp-json\/wp\/v2\/product\/185","targetHints":{"allow":["GET"]}}],"collection":[{"href":"https:\/\/www.verlagshaus-hernals.at\/shop\/wp-json\/wp\/v2\/product"}],"about":[{"href":"https:\/\/www.verlagshaus-hernals.at\/shop\/wp-json\/wp\/v2\/types\/product"}],"wp:featuredmedia":[{"embeddable":true,"href":"https:\/\/www.verlagshaus-hernals.at\/shop\/wp-json\/wp\/v2\/media\/184"}],"wp:attachment":[{"href":"https:\/\/www.verlagshaus-hernals.at\/shop\/wp-json\/wp\/v2\/media?parent=185"}],"wp:term":[{"taxonomy":"product_brand","embeddable":true,"href":"https:\/\/www.verlagshaus-hernals.at\/shop\/wp-json\/wp\/v2\/product_brand?post=185"},{"taxonomy":"product_cat","embeddable":true,"href":"https:\/\/www.verlagshaus-hernals.at\/shop\/wp-json\/wp\/v2\/product_cat?post=185"},{"taxonomy":"product_tag","embeddable":true,"href":"https:\/\/www.verlagshaus-hernals.at\/shop\/wp-json\/wp\/v2\/product_tag?post=185"}],"curies":[{"name":"wp","href":"https:\/\/api.w.org\/{rel}","templated":true}]}}