{"id":179,"date":"2014-06-24T13:05:30","date_gmt":"2014-06-24T11:05:30","guid":{"rendered":"https:\/\/www.imerix.at\/bookshop\/produkt\/nachtschatten\/"},"modified":"2025-04-18T17:39:11","modified_gmt":"2025-04-18T15:39:11","slug":"nachtschatten","status":"publish","type":"product","link":"https:\/\/www.verlagshaus-hernals.at\/shop\/produkt\/nachtschatten\/","title":{"rendered":"nachtschatten"},"content":{"rendered":"<p>Inspiriert von Ingeborg Bachmann, Yoko Ono und G\u00fcnther Grass schrieb Stefan Bayer Gedichte, die keine Liebesgedichte sein wollen, manche von ihnen sind es dennoch umso mehr.<br \/>\nEs sind kurze Pl\u00e4doyers f\u00fcr das Festhalten des Augenblicks und f\u00fcr ein Aufbegehren gegen die Zust\u00e4nde in unserer Gesellschaft.<\/p>\n","protected":false},"excerpt":{"rendered":"<p>103 Seiten, broschiert<br \/>\nISBN 978-3-902975-08-9&hellip; <a class=\"kt-excerpt-readmore more-link\" href=\"https:\/\/www.verlagshaus-hernals.at\/shop\/produkt\/nachtschatten\/\" aria-label=\"nachtschatten\">Read More<\/a><\/p>\n","protected":false},"featured_media":527,"template":"","meta":{"kt_blocks_editor_width":"","_kad_blocks_custom_css":"","_kad_blocks_head_custom_js":"","_kad_blocks_body_custom_js":"","_kad_blocks_footer_custom_js":""},"product_brand":[],"product_cat":[38],"product_tag":[],"class_list":{"0":"post-179","1":"product","2":"type-product","3":"status-publish","4":"has-post-thumbnail","6":"product_cat-lyrik","8":"first","9":"instock","10":"taxable","11":"shipping-taxable","12":"purchasable","13":"product-type-simple"},"taxonomy_info":{"product_cat":[{"value":38,"label":"Lyrik"}]},"featured_image_src_large":["https:\/\/www.verlagshaus-hernals.at\/shop\/wp-content\/uploads\/stefan_bayer-nachschatten___n_53a987ab6b97b.jpg",371,648,false],"author_info":[],"comment_info":"","_links":{"self":[{"href":"https:\/\/www.verlagshaus-hernals.at\/shop\/wp-json\/wp\/v2\/product\/179","targetHints":{"allow":["GET"]}}],"collection":[{"href":"https:\/\/www.verlagshaus-hernals.at\/shop\/wp-json\/wp\/v2\/product"}],"about":[{"href":"https:\/\/www.verlagshaus-hernals.at\/shop\/wp-json\/wp\/v2\/types\/product"}],"wp:featuredmedia":[{"embeddable":true,"href":"https:\/\/www.verlagshaus-hernals.at\/shop\/wp-json\/wp\/v2\/media\/527"}],"wp:attachment":[{"href":"https:\/\/www.verlagshaus-hernals.at\/shop\/wp-json\/wp\/v2\/media?parent=179"}],"wp:term":[{"taxonomy":"product_brand","embeddable":true,"href":"https:\/\/www.verlagshaus-hernals.at\/shop\/wp-json\/wp\/v2\/product_brand?post=179"},{"taxonomy":"product_cat","embeddable":true,"href":"https:\/\/www.verlagshaus-hernals.at\/shop\/wp-json\/wp\/v2\/product_cat?post=179"},{"taxonomy":"product_tag","embeddable":true,"href":"https:\/\/www.verlagshaus-hernals.at\/shop\/wp-json\/wp\/v2\/product_tag?post=179"}],"curies":[{"name":"wp","href":"https:\/\/api.w.org\/{rel}","templated":true}]}}