{"id":170,"date":"2012-12-09T13:05:29","date_gmt":"2012-12-09T12:05:29","guid":{"rendered":"https:\/\/www.imerix.at\/bookshop\/produkt\/mondloescher\/"},"modified":"2025-04-18T17:41:34","modified_gmt":"2025-04-18T15:41:34","slug":"mondloescher","status":"publish","type":"product","link":"https:\/\/www.verlagshaus-hernals.at\/shop\/produkt\/mondloescher\/","title":{"rendered":"Mondl\u00f6scher"},"content":{"rendered":"<p>Marianne Schreder lebt in Poysdorf und verfasst seit ihrer Jugend Gedichte in der Weinviertler Mundart, in denen sie auf liebevolle Weise, humorvoll und zugleich auch kritisch ein Bild ihres Lebens zeichnet.<br \/>\nDarin findet man ihre Familie, besondere Orte und Legenden aus ihrer Heimat. Sie schreibt \u00fcber den harten aber auch begl\u00fcckenden Alltag als B\u00e4uerin und \u00fcber pr\u00e4gende Ereignisse von der Nachkriegszeit bis heute.<\/p>\n<p>Der Gedichtband <em>Mondl\u00f6scher<\/em> bietet einen ber\u00fchrenden Einblick in ihr Lebenswerk.<\/p>\n","protected":false},"excerpt":{"rendered":"<p>90 Seiten, broschiert<br \/>\nISBN 978-3-902744-52-4&hellip; <a class=\"kt-excerpt-readmore more-link\" href=\"https:\/\/www.verlagshaus-hernals.at\/shop\/produkt\/mondloescher\/\" aria-label=\"Mondl\u00f6scher\">Read More<\/a><\/p>\n","protected":false},"featured_media":169,"template":"","meta":{"kt_blocks_editor_width":"","_kad_blocks_custom_css":"","_kad_blocks_head_custom_js":"","_kad_blocks_body_custom_js":"","_kad_blocks_footer_custom_js":""},"product_brand":[],"product_cat":[38],"product_tag":[],"class_list":{"0":"post-170","1":"product","2":"type-product","3":"status-publish","4":"has-post-thumbnail","6":"product_cat-lyrik","8":"first","9":"instock","10":"taxable","11":"shipping-taxable","12":"purchasable","13":"product-type-simple"},"taxonomy_info":{"product_cat":[{"value":38,"label":"Lyrik"}]},"featured_image_src_large":["https:\/\/www.verlagshaus-hernals.at\/shop\/wp-content\/uploads\/marianne_schreder-mondloescher.png",400,565,false],"author_info":[],"comment_info":"","_links":{"self":[{"href":"https:\/\/www.verlagshaus-hernals.at\/shop\/wp-json\/wp\/v2\/product\/170","targetHints":{"allow":["GET"]}}],"collection":[{"href":"https:\/\/www.verlagshaus-hernals.at\/shop\/wp-json\/wp\/v2\/product"}],"about":[{"href":"https:\/\/www.verlagshaus-hernals.at\/shop\/wp-json\/wp\/v2\/types\/product"}],"wp:featuredmedia":[{"embeddable":true,"href":"https:\/\/www.verlagshaus-hernals.at\/shop\/wp-json\/wp\/v2\/media\/169"}],"wp:attachment":[{"href":"https:\/\/www.verlagshaus-hernals.at\/shop\/wp-json\/wp\/v2\/media?parent=170"}],"wp:term":[{"taxonomy":"product_brand","embeddable":true,"href":"https:\/\/www.verlagshaus-hernals.at\/shop\/wp-json\/wp\/v2\/product_brand?post=170"},{"taxonomy":"product_cat","embeddable":true,"href":"https:\/\/www.verlagshaus-hernals.at\/shop\/wp-json\/wp\/v2\/product_cat?post=170"},{"taxonomy":"product_tag","embeddable":true,"href":"https:\/\/www.verlagshaus-hernals.at\/shop\/wp-json\/wp\/v2\/product_tag?post=170"}],"curies":[{"name":"wp","href":"https:\/\/api.w.org\/{rel}","templated":true}]}}